{"id":5675,"date":"2026-01-14T12:36:40","date_gmt":"2026-01-14T11:36:40","guid":{"rendered":"https:\/\/csi.panschelm.edu.pl\/?page_id=5675"},"modified":"2026-01-14T12:36:40","modified_gmt":"2026-01-14T11:36:40","slug":"laboratorium-surowcow-i-produktow-zwierzecych","status":"publish","type":"page","link":"https:\/\/csi.panschelm.edu.pl\/?page_id=5675","title":{"rendered":"Laboratorium surowc\u00f3w i produkt\u00f3w zwierz\u0119cych"},"content":{"rendered":"<p>W Laboratorium analizy instrumentalnej studenci maj\u0105 mo\u017cliwo\u015b\u0107 zapoznania si\u0119 z metodami badawczymi pr\u00f3bek \u017cywno\u015bci opartymi o nowoczesn\u0105 aparatur\u0119 badawcz\u0105.<\/p>\n<p><strong>Na wyposa\u017ceniu laboratorium znajduje si\u0119 mi\u0119dzy innymi:<\/strong><\/p>\n<ul>\n<li>termometry kuchenne i laboratoryjne,<\/li>\n<li>pH- metr wodoszczelny (CP-401, Elmetron)<\/li>\n<li>refraktometr<\/li>\n<li>mikroskop Leica DM500<\/li>\n<li>suszarka laboratoryjna<\/li>\n<li>tablice i plansze (np. budowa mi\u0119sa, klasy mi\u0119sa wo\u0142owego i wieprzowego, struktura jaj, mleka i jego przetwor\u00f3w)<\/li>\n<li>karty oceny sensorycznej (barwa, zapach, smak, konsystencja)<\/li>\n<li>zestawy do analizy \u015bwie\u017co\u015bci jaj<\/li>\n<li>sprz\u0119t do badania jako\u015bci mleka (kwasomierz, pr\u00f3bki kontrolne)<\/li>\n<li>zestawy do badania mi\u0119sa (ocena barwy, zapachu, zawarto\u015bci t\u0142uszczu i wody)<\/li>\n<li>aparatura do analizy pr\u00f3bek mleka<\/li>\n<li>drobny sprz\u0119t oraz szk\u0142o laboratoryjne<\/li>\n<\/ul>\n<div class=\"gdlr-shortcode-wrapper\"><div class=\"clear\"><\/div><div class=\"gdlr-item gdlr-divider-item\"  ><div class=\"gdlr-divider solid\"  style=\"width: 100%;\" ><\/div><\/div><\/div>\n<div class=\"gdlr-frame-shortcode gdlr-align-left\"><div class=\"gdlr-frame frame-type-border\" > <div class=\"gdlr-image-link-shortcode\" style=\"max-width: 100%\" ><img decoding=\"async\" src=\"http:\/\/csi.panschelm.edu.pl\/wp-content\/uploads\/2026\/01\/Obraz5.jpg\" alt=\" \" \/><a href=\"http:\/\/csi.panschelm.edu.pl\/wp-content\/uploads\/2026\/01\/Obraz5.jpg\"  data-rel=\"fancybox\"  target=\"_blank\" ><span class=\"gdlr-image-link-overlay\">&nbsp;<\/span><span class=\"gdlr-image-link-icon\"><i class=\"fa fa-search\" ><\/i><\/span><\/a><\/div><\/div><span class=\"gdlr-frame-caption\">Laboratorium surowc\u00f3w i produkt\u00f3w zwierz\u0119cych<\/span><\/div>\n<p>&nbsp;<\/p>\n<div class=\"gdlr-shortcode-wrapper\"><div class=\"clear\"><\/div><div class=\"gdlr-item gdlr-divider-item\"  ><div class=\"gdlr-divider solid\"  style=\"width: 100%;\" ><\/div><\/div><\/div>\n<div class=\"gdlr-frame-shortcode gdlr-align-left\"><div class=\"gdlr-frame frame-type-border\" > <div class=\"gdlr-image-link-shortcode\" style=\"max-width: 100%\" ><img decoding=\"async\" src=\"https:\/\/csi.panschelm.edu.pl\/wp-content\/uploads\/2026\/01\/Obraz6.jpg\" alt=\" \" \/><a href=\"https:\/\/csi.panschelm.edu.pl\/wp-content\/uploads\/2026\/01\/Obraz6.jpg\"  data-rel=\"fancybox\"  target=\"_blank\" ><span class=\"gdlr-image-link-overlay\">&nbsp;<\/span><span class=\"gdlr-image-link-icon\"><i class=\"fa fa-search\" ><\/i><\/span><\/a><\/div><\/div><span class=\"gdlr-frame-caption\">Laboratorium surowc\u00f3w i produkt\u00f3w zwierz\u0119cych <\/span><\/div>\n<p>&nbsp;<\/p>\n<div class=\"gdlr-shortcode-wrapper\"><div class=\"clear\"><\/div><div class=\"gdlr-item gdlr-divider-item\"  ><div class=\"gdlr-divider solid\"  style=\"width: 100%;\" ><\/div><\/div><\/div>\n<div class=\"gdlr-frame-shortcode gdlr-align-left\"><div class=\"gdlr-frame frame-type-border\" > <div class=\"gdlr-image-link-shortcode\" style=\"max-width: 100%\" ><img decoding=\"async\" src=\"https:\/\/csi.panschelm.edu.pl\/wp-content\/uploads\/2026\/01\/Obraz7.jpg\" alt=\" \" \/><a href=\"https:\/\/csi.panschelm.edu.pl\/wp-content\/uploads\/2026\/01\/Obraz7.jpg\"  data-rel=\"fancybox\"  target=\"_blank\" ><span class=\"gdlr-image-link-overlay\">&nbsp;<\/span><span class=\"gdlr-image-link-icon\"><i class=\"fa fa-search\" ><\/i><\/span><\/a><\/div><\/div><span class=\"gdlr-frame-caption\">Analizator mleka<\/span><\/div>\n","protected":false},"excerpt":{"rendered":"<p>W Laboratorium analizy instrumentalnej studenci maj\u0105 mo\u017cliwo\u015b\u0107 zapoznania si\u0119 z metodami badawczymi pr\u00f3bek \u017cywno\u015bci opartymi o nowoczesn\u0105 aparatur\u0119 badawcz\u0105. Na wyposa\u017ceniu laboratorium znajduje si\u0119 mi\u0119dzy innymi: termometry kuchenne i laboratoryjne, pH- metr wodoszczelny (CP-401, Elmetron) refraktometr mikroskop Leica DM500 suszarka laboratoryjna tablice i plansze (np. budowa mi\u0119sa, klasy mi\u0119sa wo\u0142owego i wieprzowego, struktura jaj, mleka&#8230; <\/p>\n<div class=\"clear\"><\/div>\n<p><a href=\"https:\/\/csi.panschelm.edu.pl\/?page_id=5675\" class=\"excerpt-read-more\">Czytaj wi\u0119cej<i class=\"fa fa-angle-double-right icon-double-angle-right\"><\/i><\/a><\/p>\n","protected":false},"author":2,"featured_media":0,"parent":0,"menu_order":0,"comment_status":"closed","ping_status":"closed","template":"","meta":{"footnotes":""},"class_list":["post-5675","page","type-page","status-publish","hentry"],"_links":{"self":[{"href":"https:\/\/csi.panschelm.edu.pl\/index.php?rest_route=\/wp\/v2\/pages\/5675","targetHints":{"allow":["GET"]}}],"collection":[{"href":"https:\/\/csi.panschelm.edu.pl\/index.php?rest_route=\/wp\/v2\/pages"}],"about":[{"href":"https:\/\/csi.panschelm.edu.pl\/index.php?rest_route=\/wp\/v2\/types\/page"}],"author":[{"embeddable":true,"href":"https:\/\/csi.panschelm.edu.pl\/index.php?rest_route=\/wp\/v2\/users\/2"}],"replies":[{"embeddable":true,"href":"https:\/\/csi.panschelm.edu.pl\/index.php?rest_route=%2Fwp%2Fv2%2Fcomments&post=5675"}],"version-history":[{"count":1,"href":"https:\/\/csi.panschelm.edu.pl\/index.php?rest_route=\/wp\/v2\/pages\/5675\/revisions"}],"predecessor-version":[{"id":5679,"href":"https:\/\/csi.panschelm.edu.pl\/index.php?rest_route=\/wp\/v2\/pages\/5675\/revisions\/5679"}],"wp:attachment":[{"href":"https:\/\/csi.panschelm.edu.pl\/index.php?rest_route=%2Fwp%2Fv2%2Fmedia&parent=5675"}],"curies":[{"name":"wp","href":"https:\/\/api.w.org\/{rel}","templated":true}]}}