{"id":5665,"date":"2026-01-14T12:05:05","date_gmt":"2026-01-14T11:05:05","guid":{"rendered":"https:\/\/csi.panschelm.edu.pl\/?page_id=5665"},"modified":"2026-01-14T12:05:05","modified_gmt":"2026-01-14T11:05:05","slug":"laboratorium-analizy-instrumentalnej","status":"publish","type":"page","link":"https:\/\/csi.panschelm.edu.pl\/?page_id=5665","title":{"rendered":"Laboratorium Analizy Instrumentalnej"},"content":{"rendered":"<p>W Laboratorium analizy instrumentalnej studenci maj\u0105 mo\u017cliwo\u015b\u0107 zapoznania si\u0119 z metodami badawczymi pr\u00f3bek \u017cywno\u015bci opartymi o nowoczesn\u0105 aparatur\u0119 badawcz\u0105.<\/p>\n<p><strong>Wyposa\u017cenie laboratorium:<\/strong><\/p>\n<ul>\n<li>Spektrofotometr UV\/VIS UV-2600<\/li>\n<li>Spektrofotometr bliskiej podczerwieni SpectraAlyzer 2.0<\/li>\n<li>Spektroskopia FT-IR, IRAffinity-1<\/li>\n<li>Spektrofotometr do analizy sk\u0142adu chemicznego metod\u0105 wzbudzania promieniowaniem rentgenowskim, EDX 7000<\/li>\n<li>Chromatograf gazowy ze spektrometrem mas GCMS-TQ8040<\/li>\n<li>Chromatograf gazowy GC-2010 Plus<\/li>\n<li>Spektrometr absorpcji atomowej AA-7000<\/li>\n<li>Chromatograf cieczowy Azura<\/li>\n<li>Analizator elementarny CHNS+O serii FLASH 2000<\/li>\n<li>Zestaw do oznaczania azotu\/bia\u0142ka InKjel 625<\/li>\n<li>Jednoczesny spektrometr ICP-OES Arcos<\/li>\n<\/ul>\n<div class=\"gdlr-shortcode-wrapper\"><div class=\"clear\"><\/div><div class=\"gdlr-item gdlr-divider-item\"  ><div class=\"gdlr-divider solid\"  style=\"width: 100%;\" ><\/div><\/div><\/div>\n<div class=\"gdlr-frame-shortcode gdlr-align-left\"><div class=\"gdlr-frame frame-type-border\" > <div class=\"gdlr-image-link-shortcode\" style=\"max-width: 100%\" ><img decoding=\"async\" src=\"http:\/\/csi.panschelm.edu.pl\/wp-content\/uploads\/2026\/01\/Obraz1.png\" alt=\" \" \/><a href=\"http:\/\/csi.panschelm.edu.pl\/wp-content\/uploads\/2026\/01\/Obraz1.png\"  data-rel=\"fancybox\"  target=\"_blank\" ><span class=\"gdlr-image-link-overlay\">&nbsp;<\/span><span class=\"gdlr-image-link-icon\"><i class=\"fa fa-search\" ><\/i><\/span><\/a><\/div><\/div><span class=\"gdlr-frame-caption\">Chromatograf gazowy ze spektrometrem mas GCMS-TQ8040<\/span><\/div>\n<p>&nbsp;<\/p>\n<div class=\"gdlr-shortcode-wrapper\"><div class=\"clear\"><\/div><div class=\"gdlr-item gdlr-divider-item\"  ><div class=\"gdlr-divider solid\"  style=\"width: 100%;\" ><\/div><\/div><\/div>\n<div class=\"gdlr-frame-shortcode gdlr-align-left\"><div class=\"gdlr-frame frame-type-border\" > <div class=\"gdlr-image-link-shortcode\" style=\"max-width: 100%\" ><img decoding=\"async\" src=\"https:\/\/csi.panschelm.edu.pl\/wp-content\/uploads\/2026\/01\/Obraz2.png\" alt=\" \" \/><a href=\"https:\/\/csi.panschelm.edu.pl\/wp-content\/uploads\/2026\/01\/Obraz2.png\"  data-rel=\"fancybox\"  target=\"_blank\" ><span class=\"gdlr-image-link-overlay\">&nbsp;<\/span><span class=\"gdlr-image-link-icon\"><i class=\"fa fa-search\" ><\/i><\/span><\/a><\/div><\/div><span class=\"gdlr-frame-caption\">Jednoczesny spektrometr ICP-OES Arcos <\/span><\/div>\n","protected":false},"excerpt":{"rendered":"<p>W Laboratorium analizy instrumentalnej studenci maj\u0105 mo\u017cliwo\u015b\u0107 zapoznania si\u0119 z metodami badawczymi pr\u00f3bek \u017cywno\u015bci opartymi o nowoczesn\u0105 aparatur\u0119 badawcz\u0105. Wyposa\u017cenie laboratorium: Spektrofotometr UV\/VIS UV-2600 Spektrofotometr bliskiej podczerwieni SpectraAlyzer 2.0 Spektroskopia FT-IR, IRAffinity-1 Spektrofotometr do analizy sk\u0142adu chemicznego metod\u0105 wzbudzania promieniowaniem rentgenowskim, EDX 7000 Chromatograf gazowy ze spektrometrem mas GCMS-TQ8040 Chromatograf gazowy GC-2010 Plus Spektrometr absorpcji&#8230; <\/p>\n<div class=\"clear\"><\/div>\n<p><a href=\"https:\/\/csi.panschelm.edu.pl\/?page_id=5665\" class=\"excerpt-read-more\">Czytaj wi\u0119cej<i class=\"fa fa-angle-double-right icon-double-angle-right\"><\/i><\/a><\/p>\n","protected":false},"author":2,"featured_media":0,"parent":0,"menu_order":0,"comment_status":"closed","ping_status":"closed","template":"","meta":{"footnotes":""},"class_list":["post-5665","page","type-page","status-publish","hentry"],"_links":{"self":[{"href":"https:\/\/csi.panschelm.edu.pl\/index.php?rest_route=\/wp\/v2\/pages\/5665","targetHints":{"allow":["GET"]}}],"collection":[{"href":"https:\/\/csi.panschelm.edu.pl\/index.php?rest_route=\/wp\/v2\/pages"}],"about":[{"href":"https:\/\/csi.panschelm.edu.pl\/index.php?rest_route=\/wp\/v2\/types\/page"}],"author":[{"embeddable":true,"href":"https:\/\/csi.panschelm.edu.pl\/index.php?rest_route=\/wp\/v2\/users\/2"}],"replies":[{"embeddable":true,"href":"https:\/\/csi.panschelm.edu.pl\/index.php?rest_route=%2Fwp%2Fv2%2Fcomments&post=5665"}],"version-history":[{"count":1,"href":"https:\/\/csi.panschelm.edu.pl\/index.php?rest_route=\/wp\/v2\/pages\/5665\/revisions"}],"predecessor-version":[{"id":5668,"href":"https:\/\/csi.panschelm.edu.pl\/index.php?rest_route=\/wp\/v2\/pages\/5665\/revisions\/5668"}],"wp:attachment":[{"href":"https:\/\/csi.panschelm.edu.pl\/index.php?rest_route=%2Fwp%2Fv2%2Fmedia&parent=5665"}],"curies":[{"name":"wp","href":"https:\/\/api.w.org\/{rel}","templated":true}]}}