{"id":5223,"date":"2020-06-29T10:59:03","date_gmt":"2020-06-29T08:59:03","guid":{"rendered":"http:\/\/csi.pwszchelm.edu.pl\/?page_id=5223"},"modified":"2020-06-30T09:12:54","modified_gmt":"2020-06-30T07:12:54","slug":"wyposazenie-laboratorium-badania-jakosci-paliw","status":"publish","type":"page","link":"https:\/\/csi.panschelm.edu.pl\/?page_id=5223","title":{"rendered":"Laboratorium Badania Jako\u015bci Paliw"},"content":{"rendered":"<p><strong>Wyposa\u017cenie:<br \/>\n<\/strong><\/p>\n<ul>\n<li><strong>Wielofunkcyjny analizator benzyn GS PPA<\/strong><\/li>\n<li>Automatyczny aparat do oznaczania temperatury zap\u0142onu metod\u0105 Pensky Martens OptiFlash<\/li>\n<li>Automatyczny aparat do badania odparowalno\u015bci olej\u00f3w smarowych metod\u0105 Noack\u2019a NCK2 5G<\/li>\n<li>G\u0119sto\u015bciomierz automatyczny VIDA 40<\/li>\n<li>Aparat do oznaczania korozji na miedzi<\/li>\n<li><strong>Automatyczny aparat do badania w\u0142asno\u015bci paliw p\u0142ynnych ERASPEC<\/strong><\/li>\n<li>Automatyczny aparat do oznaczania sk\u0142onno\u015bci oleju nap\u0119dowego oraz biopaliw do blokowania filtra AFP102<\/li>\n<li>Aparat do oznaczania odporno\u015bci benzyn na utlenianie (stabilno\u015bci oksydacyjnej) metod\u0105 okresu indukcyjnego oraz odporno\u015bci na utlenianie paliw lotniczych- metod\u0105 \u017cywic potencjalnych<\/li>\n<li>Analizator zawarto\u015bci siarki ANTEK MultiTek<\/li>\n<li>Aparat do oznaczania odporno\u015bci na utlenianie paliwa do turbinowych silnik\u00f3w lotniczych JFTOT230 MARK IV<\/li>\n<li>Aparat do miareczkowania kulometrycznego Kulomat AquaMAX KF<\/li>\n<li>Aparat do oznaczania temperatury krystalizacji p\u0142yn\u00f3w niskokrzepn\u0105cych do uk\u0142ad\u00f3w ch\u0142odzenia silnik\u00f3w spalinowych<\/li>\n<li><strong>Badanie lepko\u015bci wiskozymetrem H\u04e7pplera ViscoBall<\/strong><\/li>\n<li>Aparat do miareczkowania potencjometrycznego TitraLab AT1122.98<\/li>\n<li>Aparat do miareczkowania wolumetrycznego TitraLab KF1121.98<\/li>\n<\/ul>\n<div class=\"gdlr-shortcode-wrapper\"><div class=\"clear\"><\/div><div class=\"gdlr-item gdlr-divider-item\"  ><div class=\"gdlr-divider solid\"  style=\"width: 100%;\" ><\/div><\/div><\/div>\n<div class=\"gdlr-frame-shortcode gdlr-align-left\"><div class=\"gdlr-frame frame-type-border\" > <div class=\"gdlr-image-link-shortcode\" style=\"max-width: 100%\" ><img decoding=\"async\" src=\"http:\/\/csi.panschelm.edu.pl\/wp-content\/uploads\/2020\/06\/image1-1.jpg\" alt=\" \" \/><a href=\"http:\/\/csi.panschelm.edu.pl\/wp-content\/uploads\/2020\/06\/image1-1.jpg\"  data-rel=\"fancybox\"  target=\"_blank\" ><span class=\"gdlr-image-link-overlay\">&nbsp;<\/span><span class=\"gdlr-image-link-icon\"><i class=\"fa fa-search\" ><\/i><\/span><\/a><\/div><\/div><span class=\"gdlr-frame-caption\">Wielofunkcyjny analizator benzyn GS PPA, PetroSpec<\/span><\/div>\n<p>Zastosowana w aparacie GS PPA firmy PetroSpec metoda spektrofotometrycznej analizy widma w bliskiej podczerwieni pozwala na dok\u0142adne oznaczenie istotnych sk\u0142adnik\u00f3w benzyny, okre\u015blenie jej liczby oktanowej motorowej i badawczej. Analiza jest w pe\u0142ni zautomatyzowana, a wynik dost\u0119pny w ci\u0105gu trzech minut. Aparat skalibrowany jest na ponad siedmiuset r\u00f3\u017cnych benzynach.<\/p>\n<div class=\"gdlr-shortcode-wrapper\"><div class=\"clear\"><\/div><div class=\"gdlr-item gdlr-divider-item\"  ><div class=\"gdlr-divider solid\"  style=\"width: 100%;\" ><\/div><\/div><\/div>\n<div class=\"gdlr-frame-shortcode gdlr-align-left\"><div class=\"gdlr-frame frame-type-border\" > <div class=\"gdlr-image-link-shortcode\" style=\"max-width: 100%\" ><img decoding=\"async\" src=\"http:\/\/csi.panschelm.edu.pl\/wp-content\/uploads\/2020\/06\/image2.jpg\" alt=\" \" \/><a href=\"http:\/\/csi.panschelm.edu.pl\/wp-content\/uploads\/2020\/06\/image2.jpg\"  data-rel=\"fancybox\"  target=\"_blank\" ><span class=\"gdlr-image-link-overlay\">&nbsp;<\/span><span class=\"gdlr-image-link-icon\"><i class=\"fa fa-search\" ><\/i><\/span><\/a><\/div><\/div><span class=\"gdlr-frame-caption\">Automatyczny aparat do oznaczania temperatury zap\u0142onu metod\u0105 Pensky Martens OptiFlash<\/span><\/div>\n<p>Aparat OptiFlash firmy Walter Herzog (PAC) s\u0142u\u017cy do precyzyjnego okre\u015blania temperatury zap\u0142onu przetwor\u00f3w naftowych, biodiesla,rozpuszczalnik\u00f3w, chemikali\u00f3w, p\u0142ynnych bitumin\u00f3w i innych cieczy w zakresie od 30 \u2070C do 400\u2070C. \u00a0Posiada wbudowany czujnik temperatury PT100 z wbudowan\u0105 pami\u0119ci\u0105 kalibracji w 10 punktach pomiarowych w zakresie -50\u2070C do +450\u2070C, rozdzielczo\u015b\u0107 0,1\u2070C.<\/p>\n<div class=\"gdlr-shortcode-wrapper\"><div class=\"clear\"><\/div><div class=\"gdlr-item gdlr-divider-item\"  ><div class=\"gdlr-divider solid\"  style=\"width: 100%;\" ><\/div><\/div><\/div>\n<div class=\"gdlr-frame-shortcode gdlr-align-left\"><div class=\"gdlr-frame frame-type-border\" > <div class=\"gdlr-image-link-shortcode\" style=\"max-width: 100%\" ><img decoding=\"async\" src=\"http:\/\/csi.panschelm.edu.pl\/wp-content\/uploads\/2020\/06\/image3-3.jpeg\" alt=\" \" \/><a href=\"http:\/\/csi.panschelm.edu.pl\/wp-content\/uploads\/2020\/06\/image3-3.jpeg\"  data-rel=\"fancybox\"  target=\"_blank\" ><span class=\"gdlr-image-link-overlay\">&nbsp;<\/span><span class=\"gdlr-image-link-icon\"><i class=\"fa fa-search\" ><\/i><\/span><\/a><\/div><\/div><span class=\"gdlr-frame-caption\">Automatyczny aparat do badania odparowalno\u015bci olej\u00f3w smarowych metod\u0105 Noack\u2019a NCK2 5G <\/span><\/div>\n<p>Aparat NCK2 5G firmy ISL to \u0142atwe w u\u017cyciu, kompaktowe urz\u0105dzenie umo\u017cliwiaj\u0105ce przeprowadzenia testu z doskona\u0142\u0105 powtarzalno\u015bci\u0105 i odtwarzalno\u015bci\u0105. Dzi\u0119ki opatentowanemu blokowi grzewczemu, w kt\u00f3rym nie stosuje si\u0119 stopu Wood\u2019a, wzros\u0142o bezpiecze\u0144stwo wykonywania test\u00f3w oraz zwi\u0119kszono ich precyzj\u0119. Czujnik temperatury mierzy bezpo\u015brednio temperatur\u0119 pr\u00f3bki umo\u017cliwiaj\u0105c bardzo dok\u0142adn\u0105 jej kontrol\u0119 i stabilizacj\u0119. Aparat NCK2 5G stosuje si\u0119 do bada\u0144 olej\u00f3w silnikowych, hydraulicznych, przek\u0142adniowych i stosowanych w amortyzatorach.<\/p>\n<div class=\"gdlr-shortcode-wrapper\"><div class=\"clear\"><\/div><div class=\"gdlr-item gdlr-divider-item\"  ><div class=\"gdlr-divider solid\"  style=\"width: 100%;\" ><\/div><\/div><\/div>\n<div class=\"gdlr-frame-shortcode gdlr-align-left\"><div class=\"gdlr-frame frame-type-border\" > <div class=\"gdlr-image-link-shortcode\" style=\"max-width: 100%\" ><img decoding=\"async\" src=\"http:\/\/csi.panschelm.edu.pl\/wp-content\/uploads\/2020\/06\/image4-6.jpeg\" alt=\" \" \/><a href=\"http:\/\/csi.panschelm.edu.pl\/wp-content\/uploads\/2020\/06\/image4-6.jpeg\"  data-rel=\"fancybox\"  target=\"_blank\" ><span class=\"gdlr-image-link-overlay\">&nbsp;<\/span><span class=\"gdlr-image-link-icon\"><i class=\"fa fa-search\" ><\/i><\/span><\/a><\/div><\/div><span class=\"gdlr-frame-caption\">G\u0119sto\u015bciomierz automatyczny VIDA 40<\/span><\/div>\n<p>Aparat VIDA 40 firmy ISL zapewnia wysok\u0105 wiarygodno\u015b\u0107 pomiar\u00f3w g\u0119sto\u015bci olej\u00f3w i smar\u00f3w dzi\u0119ki automatyzacji pracy. Aparat VIDA dzia\u0142a w oparciu o sprawdzon\u0105 metod\u0119 przy wykorzystaniu oscyluj\u0105cej U-rurki.<\/p>\n<div class=\"gdlr-shortcode-wrapper\"><div class=\"clear\"><\/div><div class=\"gdlr-item gdlr-divider-item\"  ><div class=\"gdlr-divider solid\"  style=\"width: 100%;\" ><\/div><\/div><\/div>\n<div class=\"gdlr-frame-shortcode gdlr-align-left\"><div class=\"gdlr-frame frame-type-border\" > <div class=\"gdlr-image-link-shortcode\" style=\"max-width: 100%\" ><img decoding=\"async\" src=\"http:\/\/csi.panschelm.edu.pl\/wp-content\/uploads\/2020\/06\/image5.jpg\" alt=\" \" \/><a href=\"http:\/\/csi.panschelm.edu.pl\/wp-content\/uploads\/2020\/06\/image5.jpg\"  data-rel=\"fancybox\"  target=\"_blank\" ><span class=\"gdlr-image-link-overlay\">&nbsp;<\/span><span class=\"gdlr-image-link-icon\"><i class=\"fa fa-search\" ><\/i><\/span><\/a><\/div><\/div><span class=\"gdlr-frame-caption\">Zestaw do badania dzia\u0142ania koroduj\u0105cego na mied\u017a<\/span><\/div>\n<p>Aparat sk\u0142ada si\u0119 z \u0142a\u017ani PMT TC 16 z sze\u015bcioma stanowiskami na kolby niskoci\u015bnieniowe do bada\u0144 benzyn (bomby). W te\u015bcie u\u017cywa si\u0119 p\u0142ytek wykonanych z\u00a0 miedzi elektrolitycznej o czysto\u015bci powy\u017cej 99,9%, polerowanych, z certyfikatem sk\u0142adu chemicznego. Do oceny korozji s\u0142u\u017c\u0105 wzorce korozji na miedzi.<\/p>\n<div class=\"gdlr-shortcode-wrapper\"><div class=\"clear\"><\/div><div class=\"gdlr-item gdlr-divider-item\"  ><div class=\"gdlr-divider solid\"  style=\"width: 100%;\" ><\/div><\/div><\/div>\n<div class=\"gdlr-frame-shortcode gdlr-align-left\"><div class=\"gdlr-frame frame-type-border\" > <div class=\"gdlr-image-link-shortcode\" style=\"max-width: 100%\" ><img decoding=\"async\" src=\"http:\/\/csi.panschelm.edu.pl\/wp-content\/uploads\/2020\/06\/image6.jpg\" alt=\" \" \/><a href=\"http:\/\/csi.panschelm.edu.pl\/wp-content\/uploads\/2020\/06\/image6.jpg\"  data-rel=\"fancybox\"  target=\"_blank\" ><span class=\"gdlr-image-link-overlay\">&nbsp;<\/span><span class=\"gdlr-image-link-icon\"><i class=\"fa fa-search\" ><\/i><\/span><\/a><\/div><\/div><span class=\"gdlr-frame-caption\">Automatyczny aparat do badania w\u0142asno\u015bci paliw p\u0142ynnych ERASPEC<\/span><\/div>\n<p>ERASPEC firmy Eralytics to w pe\u0142ni automatyczne urz\u0105dzenie zapewniaj\u0105ce kompletn\u0105 analiz\u0119 parametr\u00f3w benzyn i olej\u00f3w nap\u0119dowych w czasie 60 sekund. Posiada wbudowany g\u0119sto\u015bciomierz AntonPaar, laserowe sterowanie optyk\u0105 oraz du\u017cy i czytelny ekran dotykowy gwarantuj\u0105cy wygod\u0119 obs\u0142ugi. Nie wymaga stosowania rozpuszczalnik\u00f3w. Przystosowany jest do pracy zar\u00f3wno w laboratorium jak i w terenie. Analiza benzyn i olej\u00f3w nap\u0119dowych w jednym aparacie bez potrzeby wymiany celki pomiarowej.<\/p>\n<div class=\"gdlr-shortcode-wrapper\"><div class=\"clear\"><\/div><div class=\"gdlr-item gdlr-divider-item\"  ><div class=\"gdlr-divider solid\"  style=\"width: 100%;\" ><\/div><\/div><\/div>\n<div class=\"gdlr-frame-shortcode gdlr-align-left\"><div class=\"gdlr-frame frame-type-border\" > <div class=\"gdlr-image-link-shortcode\" style=\"max-width: 100%\" ><img decoding=\"async\" src=\"http:\/\/csi.panschelm.edu.pl\/wp-content\/uploads\/2020\/06\/image7.jpg\" alt=\" \" \/><a href=\"http:\/\/csi.panschelm.edu.pl\/wp-content\/uploads\/2020\/06\/image7.jpg\"  data-rel=\"fancybox\"  target=\"_blank\" ><span class=\"gdlr-image-link-overlay\">&nbsp;<\/span><span class=\"gdlr-image-link-icon\"><i class=\"fa fa-search\" ><\/i><\/span><\/a><\/div><\/div><span class=\"gdlr-frame-caption\">Automatyczny aparat do oznaczania sk\u0142onno\u015bci oleju nap\u0119dowego oraz biopaliw do blokowania filtra AFP102, Tanaka<\/span><\/div>\n<p>Zastosowanie element\u00f3w Peltier do ch\u0142odzenia\/ogrzewania w aparacie AFP102 firmy TANAKA pozwoli\u0142o na wyeliminowanie z obs\u0142ugi metanolu.\u00a0 Posiada detektory menisk\u00f3w g\u00f3rnego i dolnego zamontowane na przesuwnym uchwycie. Zwarta konstrukcja pozwala na \u0142atwiejsz\u0105 obs\u0142ug\u0119 i rzetelny pomiar w warunkach oszronienia pipety.<\/p>\n<div class=\"gdlr-shortcode-wrapper\"><div class=\"clear\"><\/div><div class=\"gdlr-item gdlr-divider-item\"  ><div class=\"gdlr-divider solid\"  style=\"width: 100%;\" ><\/div><\/div><\/div>\n<div class=\"gdlr-frame-shortcode gdlr-align-left\"><div class=\"gdlr-frame frame-type-border\" > <div class=\"gdlr-image-link-shortcode\" style=\"max-width: 100%\" ><img decoding=\"async\" src=\"http:\/\/csi.panschelm.edu.pl\/wp-content\/uploads\/2020\/06\/image8.jpg\" alt=\" \" \/><a href=\"http:\/\/csi.panschelm.edu.pl\/wp-content\/uploads\/2020\/06\/image8.jpg\"  data-rel=\"fancybox\"  target=\"_blank\" ><span class=\"gdlr-image-link-overlay\">&nbsp;<\/span><span class=\"gdlr-image-link-icon\"><i class=\"fa fa-search\" ><\/i><\/span><\/a><\/div><\/div><span class=\"gdlr-frame-caption\">Aparat do oznaczania odporno\u015bci benzyn na utlenianie (stabilno\u015bci oksydacyjnej) metod\u0105 okresu indukcyjnego oraz odporno\u015bci na utlenianie paliw lotniczych- metod\u0105 \u017cywic potencjalnych, Scavini<\/span><\/div>\n<p>Aparat firmy Scavini pozwala na prowadzenie bada\u0144 dwoma metodami. W obydwu metodach pr\u00f3bka jest utleniana w bombie nape\u0142nionej tlenem w temperaturze 15 do 25 \u00b0C pod ci\u015bnieniem 690 kPa. Nast\u0119pnie bomb\u0119 podgrzewa si\u0119 do temperatury mi\u0119dzy 98 i 102 \u00b0C (99,5 i 100,5 \u00b0C w przypadku normy D 873).<\/p>\n<p>W metodzie ASTM D 525 ci\u015bnienie odczytuje si\u0119 w ustalonych odst\u0119pach lub jest rejestrowane ci\u0105gle, a\u017c do momentu, gdy zostanie osi\u0105gni\u0119ty spadek ci\u015bnienia 14 do 15 kPa w ci\u0105gu 15 minut. Czas w jakim nast\u0105pi taki spadek ci\u015bnienia jest zmierzonym okresem indukcyjnym w temperaturze badania, w oparciu o kt\u00f3ry mo\u017cna obliczy\u0107 okres indukcyjny w temperaturze 100 \u00b0C.<\/p>\n<p>W metodzie ASTM D 873 oznacza si\u0119 wagowo zawarto\u015b\u0107 \u017cywic rozpuszczalnych, nierozpuszczalnych i osadu.<\/p>\n<div class=\"gdlr-shortcode-wrapper\"><div class=\"clear\"><\/div><div class=\"gdlr-item gdlr-divider-item\"  ><div class=\"gdlr-divider solid\"  style=\"width: 100%;\" ><\/div><\/div><\/div>\n<div class=\"gdlr-frame-shortcode gdlr-align-left\"><div class=\"gdlr-frame frame-type-border\" > <div class=\"gdlr-image-link-shortcode\" style=\"max-width: 100%\" ><img decoding=\"async\" src=\"http:\/\/csi.panschelm.edu.pl\/wp-content\/uploads\/2020\/06\/image9-1.jpg\" alt=\" \" \/><a href=\"http:\/\/csi.panschelm.edu.pl\/wp-content\/uploads\/2020\/06\/image9-1.jpg\"  data-rel=\"fancybox\"  target=\"_blank\" ><span class=\"gdlr-image-link-overlay\">&nbsp;<\/span><span class=\"gdlr-image-link-icon\"><i class=\"fa fa-search\" ><\/i><\/span><\/a><\/div><\/div><span class=\"gdlr-frame-caption\">Analizator zawarto\u015bci siarki ANTEK MultiTek, PAC<\/span><\/div>\n<p>Multitek to kompaktowy, automatyczny aparat pozwalaj\u0105cy wyznaczy\u0107 zawarto\u015b\u0107 siarki, azotu lub halogenk\u00f3w w drodze chromatografii jonowej (IC) ze spalaniem, fluorescencj\u0119 w ultrafiolecie (UVF) oraz chemiluminescencj\u0119. Posiada mo\u017cliwo\u015b\u0107 rozbudowy systemu przystosowanego do badania pr\u00f3bek sta\u0142ych, cieczy, gaz\u00f3w oraz skroplonych w\u0119glowodor\u00f3w aromatycznych (LPG). Stosowany jest w celu badania zawarto\u015bci siarki w benzynach, olejach nap\u0119dowych oraz biodieslu.<\/p>\n<div class=\"gdlr-shortcode-wrapper\"><div class=\"clear\"><\/div><div class=\"gdlr-item gdlr-divider-item\"  ><div class=\"gdlr-divider solid\"  style=\"width: 100%;\" ><\/div><\/div><\/div>\n<div class=\"gdlr-frame-shortcode gdlr-align-left\"><div class=\"gdlr-frame frame-type-border\" > <div class=\"gdlr-image-link-shortcode\" style=\"max-width: 100%\" ><img decoding=\"async\" src=\"http:\/\/csi.panschelm.edu.pl\/wp-content\/uploads\/2020\/06\/image10.jpg\" alt=\" \" \/><a href=\"http:\/\/csi.panschelm.edu.pl\/wp-content\/uploads\/2020\/06\/image10.jpg\"  data-rel=\"fancybox\"  target=\"_blank\" ><span class=\"gdlr-image-link-overlay\">&nbsp;<\/span><span class=\"gdlr-image-link-icon\"><i class=\"fa fa-search\" ><\/i><\/span><\/a><\/div><\/div><span class=\"gdlr-frame-caption\">Aparat do oznaczania odporno\u015bci na utlenianie paliwa do turbinowych silnik\u00f3w lotniczych JFTOT230 MARK IV, PAC<\/span><\/div>\n<p>Aparat JFTOT IV firmy Alcor Inc. to urz\u0105dzenie o niewielkich wymiarach,\u00a0 usprawnion\u0105 regulacj\u0105 i sterowaniem pozwalaj\u0105cym na lepsz\u0105 powtarzalno\u015b\u0107 wynik\u00f3w ni\u017c jego poprzednicy. Pod\u015bwietlane rotametry oraz kolorowy wy\u015bwietlacz pozwalaj\u0105 na sta\u0142\u0105 i wygodn\u0105 kontrol\u0119 parametr\u00f3w pracy aparatu.<\/p>\n<div class=\"gdlr-shortcode-wrapper\"><div class=\"clear\"><\/div><div class=\"gdlr-item gdlr-divider-item\"  ><div class=\"gdlr-divider solid\"  style=\"width: 100%;\" ><\/div><\/div><\/div>\n<div class=\"gdlr-frame-shortcode gdlr-align-left\"><div class=\"gdlr-frame frame-type-border\" > <div class=\"gdlr-image-link-shortcode\" style=\"max-width: 100%\" ><img decoding=\"async\" src=\"http:\/\/csi.panschelm.edu.pl\/wp-content\/uploads\/2020\/06\/image11-1.jpeg\" alt=\" \" \/><a href=\"http:\/\/csi.panschelm.edu.pl\/wp-content\/uploads\/2020\/06\/image11-1.jpeg\"  data-rel=\"fancybox\"  target=\"_blank\" ><span class=\"gdlr-image-link-overlay\">&nbsp;<\/span><span class=\"gdlr-image-link-icon\"><i class=\"fa fa-search\" ><\/i><\/span><\/a><\/div><\/div><span class=\"gdlr-frame-caption\">Aparat do miareczkowania kulometrycznego Kulomat AquaMAX KF, G.R. Scietific<\/span><\/div>\n<p>Aparat Kulomat AquaMAX KF firmy G. R. Scietific \u00a0wykorzystuje technik\u0119 miareczkowania kulometrycznego metod\u0105 Karla Fishera, pozwalaj\u0105c\u0105 na precyzyjne, ilo\u015bciowe okre\u015blenie zawarto\u015bci wody od 1 ppm wzwy\u017c. Stosowany do badania benzyn, olej\u00f3w, smar\u00f3w.<\/p>\n<div class=\"gdlr-shortcode-wrapper\"><div class=\"clear\"><\/div><div class=\"gdlr-item gdlr-divider-item\"  ><div class=\"gdlr-divider solid\"  style=\"width: 100%;\" ><\/div><\/div><\/div>\n<div class=\"gdlr-frame-shortcode gdlr-align-left\"><div class=\"gdlr-frame frame-type-border\" > <div class=\"gdlr-image-link-shortcode\" style=\"max-width: 100%\" ><img decoding=\"async\" src=\"http:\/\/csi.panschelm.edu.pl\/wp-content\/uploads\/2020\/06\/image12-1.jpeg\" alt=\" \" \/><a href=\"http:\/\/csi.panschelm.edu.pl\/wp-content\/uploads\/2020\/06\/image12-1.jpeg\"  data-rel=\"fancybox\"  target=\"_blank\" ><span class=\"gdlr-image-link-overlay\">&nbsp;<\/span><span class=\"gdlr-image-link-icon\"><i class=\"fa fa-search\" ><\/i><\/span><\/a><\/div><\/div><span class=\"gdlr-frame-caption\">Aparat do oznaczania temperatury krystalizacji p\u0142yn\u00f3w niskokrzepn\u0105cych do uk\u0142ad\u00f3w ch\u0142odzenia silnik\u00f3w spalinowych<\/span><\/div>\n<p>Aparat SB-Pol sk\u0142ada si\u0119 z kolumny z mieszad\u0142em posuwisto-zwrotnym, wy\u015bwietlacza cyfrowego pokazuj\u0105cego ilo\u015b\u0107 obrot\u00f3w, naczynia dewara, szklanej prob\u00f3wki, przyrz\u0105du do podawania zarodka i elektronicznego termometru PT100. Ca\u0142o\u015b\u0107 umieszczona jest na stabilnej kamiennej podstawie.<\/p>\n<div class=\"gdlr-shortcode-wrapper\"><div class=\"clear\"><\/div><div class=\"gdlr-item gdlr-divider-item\"  ><div class=\"gdlr-divider solid\"  style=\"width: 100%;\" ><\/div><\/div><\/div>\n<div class=\"gdlr-frame-shortcode gdlr-align-left\"><div class=\"gdlr-frame frame-type-border\" > <div class=\"gdlr-image-link-shortcode\" style=\"max-width: 100%\" ><img decoding=\"async\" src=\"http:\/\/csi.panschelm.edu.pl\/wp-content\/uploads\/2020\/06\/image13-1.jpeg\" alt=\" \" \/><a href=\"http:\/\/csi.panschelm.edu.pl\/wp-content\/uploads\/2020\/06\/image13-1.jpeg\"  data-rel=\"fancybox\"  target=\"_blank\" ><span class=\"gdlr-image-link-overlay\">&nbsp;<\/span><span class=\"gdlr-image-link-icon\"><i class=\"fa fa-search\" ><\/i><\/span><\/a><\/div><\/div><span class=\"gdlr-frame-caption\">Zestaw do badania lepko\u015bci wiskozymetrem H\u04e7pplera Visco Ball, Fungilab<\/span><\/div>\n<p>Lepko\u015bciomierze kulkowe typu H\u00d6PPLER model VISCO BALL s\u0142u\u017c\u0105 do wykonywania dok\u0142adnych pomiar\u00f3w lepko\u015bci przejrzystych cieczy Newtonowskich oraz gaz\u00f3w (przy u\u017cyciu specjalnej kuli szklanej typ G). Dok\u0142adno\u015b\u0107 pomiaru wzrasta wraz z mo\u017cliwo\u015bci\u0105 termostatowania uk\u0142adu przy u\u017cyciu ultratermostatu K10T100 firmy Medingen.<\/p>\n<div class=\"gdlr-shortcode-wrapper\"><div class=\"clear\"><\/div><div class=\"gdlr-item gdlr-divider-item\"  ><div class=\"gdlr-divider solid\"  style=\"width: 100%;\" ><\/div><\/div><\/div>\n<div class=\"gdlr-frame-shortcode gdlr-align-left\"><div class=\"gdlr-frame frame-type-border\" > <div class=\"gdlr-image-link-shortcode\" style=\"max-width: 100%\" ><img decoding=\"async\" src=\"http:\/\/csi.panschelm.edu.pl\/wp-content\/uploads\/2020\/06\/image14.jpg\" alt=\" \" \/><a href=\"http:\/\/csi.panschelm.edu.pl\/wp-content\/uploads\/2020\/06\/image14.jpg\"  data-rel=\"fancybox\"  target=\"_blank\" ><span class=\"gdlr-image-link-overlay\">&nbsp;<\/span><span class=\"gdlr-image-link-icon\"><i class=\"fa fa-search\" ><\/i><\/span><\/a><\/div><\/div><span class=\"gdlr-frame-caption\">Aparat do miareczkowania potencjometrycznego TitraLab AT1222, HACH<\/span><\/div>\n<p>Aparat firmy HACH s\u0142u\u017cy do automatycznego wyznaczania punktu r\u00f3wnowa\u017cnikowego miareczkowania oraz punktu ko\u0144cowego. Wykorzystuje czujniki cyfrowe i analogowe. Stosowany m.in. do okre\u015blenia wsp\u00f3\u0142czynnika FOS\/TAC w biogazie, oznaczanie wody w w\u0119glowodorach, TAN\/TBN w produktach naftowych, zawarto\u015b\u0107 tioli w produktach naftowych, twardo\u015b\u0107 og\u00f3lna wody (Ca2+ i Mg2+), ilo\u015b\u0107 chlork\u00f3w w wodzie, ph wody.<\/p>\n<div class=\"gdlr-shortcode-wrapper\"><div class=\"clear\"><\/div><div class=\"gdlr-item gdlr-divider-item\"  ><div class=\"gdlr-divider solid\"  style=\"width: 100%;\" ><\/div><\/div><\/div>\n<div class=\"gdlr-frame-shortcode gdlr-align-left\"><div class=\"gdlr-frame frame-type-border\" > <div class=\"gdlr-image-link-shortcode\" style=\"max-width: 100%\" ><img decoding=\"async\" src=\"http:\/\/csi.panschelm.edu.pl\/wp-content\/uploads\/2020\/06\/image15.jpg\" alt=\" \" \/><a href=\"http:\/\/csi.panschelm.edu.pl\/wp-content\/uploads\/2020\/06\/image15.jpg\"  data-rel=\"fancybox\"  target=\"_blank\" ><span class=\"gdlr-image-link-overlay\">&nbsp;<\/span><span class=\"gdlr-image-link-icon\"><i class=\"fa fa-search\" ><\/i><\/span><\/a><\/div><\/div><span class=\"gdlr-frame-caption\">Aparat do miareczkowania wolumetrycznego TitraLab KF1121.98, HACH<\/span><\/div>\n<p>Precyzyjny aparat KF1121.98 firmy HACH s\u0142u\u017cy do oznaczania zawarto\u015bci wody metod\u0105 Karla Fishera. Wszystkie odczynniki s\u0105 wprowadzane i odprowadzane w szczelnym uk\u0142adzie zamkni\u0119tym.<\/p>\n","protected":false},"excerpt":{"rendered":"<p>Wyposa\u017cenie: Wielofunkcyjny analizator benzyn GS PPA Automatyczny aparat do oznaczania temperatury zap\u0142onu metod\u0105 Pensky Martens OptiFlash Automatyczny aparat do badania odparowalno\u015bci olej\u00f3w smarowych metod\u0105 Noack\u2019a NCK2 5G G\u0119sto\u015bciomierz automatyczny VIDA 40 Aparat do oznaczania korozji na miedzi Automatyczny aparat do badania w\u0142asno\u015bci paliw p\u0142ynnych ERASPEC Automatyczny aparat do oznaczania sk\u0142onno\u015bci oleju nap\u0119dowego oraz biopaliw do&#8230; <\/p>\n<div class=\"clear\"><\/div>\n<p><a href=\"https:\/\/csi.panschelm.edu.pl\/?page_id=5223\" class=\"excerpt-read-more\">Czytaj wi\u0119cej<i class=\"fa fa-angle-double-right icon-double-angle-right\"><\/i><\/a><\/p>\n","protected":false},"author":1,"featured_media":0,"parent":0,"menu_order":0,"comment_status":"closed","ping_status":"closed","template":"","meta":{"footnotes":""},"class_list":["post-5223","page","type-page","status-publish","hentry"],"_links":{"self":[{"href":"https:\/\/csi.panschelm.edu.pl\/index.php?rest_route=\/wp\/v2\/pages\/5223","targetHints":{"allow":["GET"]}}],"collection":[{"href":"https:\/\/csi.panschelm.edu.pl\/index.php?rest_route=\/wp\/v2\/pages"}],"about":[{"href":"https:\/\/csi.panschelm.edu.pl\/index.php?rest_route=\/wp\/v2\/types\/page"}],"author":[{"embeddable":true,"href":"https:\/\/csi.panschelm.edu.pl\/index.php?rest_route=\/wp\/v2\/users\/1"}],"replies":[{"embeddable":true,"href":"https:\/\/csi.panschelm.edu.pl\/index.php?rest_route=%2Fwp%2Fv2%2Fcomments&post=5223"}],"version-history":[{"count":4,"href":"https:\/\/csi.panschelm.edu.pl\/index.php?rest_route=\/wp\/v2\/pages\/5223\/revisions"}],"predecessor-version":[{"id":5272,"href":"https:\/\/csi.panschelm.edu.pl\/index.php?rest_route=\/wp\/v2\/pages\/5223\/revisions\/5272"}],"wp:attachment":[{"href":"https:\/\/csi.panschelm.edu.pl\/index.php?rest_route=%2Fwp%2Fv2%2Fmedia&parent=5223"}],"curies":[{"name":"wp","href":"https:\/\/api.w.org\/{rel}","templated":true}]}}