{"id":5088,"date":"2020-06-25T10:07:08","date_gmt":"2020-06-25T08:07:08","guid":{"rendered":"http:\/\/csi.pwszchelm.edu.pl\/?page_id=5088"},"modified":"2020-06-25T10:07:08","modified_gmt":"2020-06-25T08:07:08","slug":"laboratorium-hamownia","status":"publish","type":"page","link":"https:\/\/csi.panschelm.edu.pl\/?page_id=5088","title":{"rendered":"Laboratorium &#8211; Hamownia"},"content":{"rendered":"<p><strong>Wyposa\u017cenie laboratorium:<\/strong><\/p>\n<ul>\n<li>hamownia podwoziowa MAHA LPS 3000.<\/li>\n<\/ul>\n<div class=\"gdlr-shortcode-wrapper\"><div class=\"clear\"><\/div><div class=\"gdlr-item gdlr-divider-item\"  ><div class=\"gdlr-divider solid\"  style=\"width: 100%;\" ><\/div><\/div><\/div>\n<div class=\"gdlr-frame-shortcode gdlr-align-left\"><div class=\"gdlr-frame frame-type-border\" > <div class=\"gdlr-image-link-shortcode\" style=\"max-width: 100%\" ><img decoding=\"async\" src=\"http:\/\/csi.panschelm.edu.pl\/wp-content\/uploads\/2020\/06\/Hamownia-podwoziowa-MAHA-LPS-3000.jpg\" alt=\" \" \/><a href=\"http:\/\/csi.panschelm.edu.pl\/wp-content\/uploads\/2020\/06\/Hamownia-podwoziowa-MAHA-LPS-3000.jpg\"  data-rel=\"fancybox\"  target=\"_blank\" ><span class=\"gdlr-image-link-overlay\">&nbsp;<\/span><span class=\"gdlr-image-link-icon\"><i class=\"fa fa-search\" ><\/i><\/span><\/a><\/div><\/div><span class=\"gdlr-frame-caption\">Hamownia podwoziowa MAHA LPS 3000<\/span><\/div>\n<p>Hamownia podwoziowa MAHA LPS 3000 jest zabudowana w komorze klimatycznej Weiss dzi\u0119ki czemu dodatkowo pozwala na pomiar parametr\u00f3w dynamicznych pojazd\u00f3w samochodowych w zmiennych warunkach temperaturowych.<\/p>\n<p>&nbsp;<\/p>\n","protected":false},"excerpt":{"rendered":"<p>Wyposa\u017cenie laboratorium: hamownia podwoziowa MAHA LPS 3000. Hamownia podwoziowa MAHA LPS 3000 jest zabudowana w komorze klimatycznej Weiss dzi\u0119ki czemu dodatkowo pozwala na pomiar parametr\u00f3w dynamicznych pojazd\u00f3w samochodowych w zmiennych warunkach temperaturowych. &nbsp;<\/p>\n","protected":false},"author":1,"featured_media":0,"parent":0,"menu_order":0,"comment_status":"closed","ping_status":"closed","template":"","meta":{"footnotes":""},"class_list":["post-5088","page","type-page","status-publish","hentry"],"_links":{"self":[{"href":"https:\/\/csi.panschelm.edu.pl\/index.php?rest_route=\/wp\/v2\/pages\/5088","targetHints":{"allow":["GET"]}}],"collection":[{"href":"https:\/\/csi.panschelm.edu.pl\/index.php?rest_route=\/wp\/v2\/pages"}],"about":[{"href":"https:\/\/csi.panschelm.edu.pl\/index.php?rest_route=\/wp\/v2\/types\/page"}],"author":[{"embeddable":true,"href":"https:\/\/csi.panschelm.edu.pl\/index.php?rest_route=\/wp\/v2\/users\/1"}],"replies":[{"embeddable":true,"href":"https:\/\/csi.panschelm.edu.pl\/index.php?rest_route=%2Fwp%2Fv2%2Fcomments&post=5088"}],"version-history":[{"count":1,"href":"https:\/\/csi.panschelm.edu.pl\/index.php?rest_route=\/wp\/v2\/pages\/5088\/revisions"}],"predecessor-version":[{"id":5090,"href":"https:\/\/csi.panschelm.edu.pl\/index.php?rest_route=\/wp\/v2\/pages\/5088\/revisions\/5090"}],"wp:attachment":[{"href":"https:\/\/csi.panschelm.edu.pl\/index.php?rest_route=%2Fwp%2Fv2%2Fmedia&parent=5088"}],"curies":[{"name":"wp","href":"https:\/\/api.w.org\/{rel}","templated":true}]}}