{"id":5083,"date":"2020-06-25T10:05:37","date_gmt":"2020-06-25T08:05:37","guid":{"rendered":"http:\/\/csi.pwszchelm.edu.pl\/?page_id=5083"},"modified":"2020-06-25T10:05:38","modified_gmt":"2020-06-25T08:05:38","slug":"laboratorium-wytwarzania-struktur-kompozytowych","status":"publish","type":"page","link":"https:\/\/csi.panschelm.edu.pl\/?page_id=5083","title":{"rendered":"Laboratorium Wytwarzania Struktur Kompozytowych"},"content":{"rendered":"<p><strong>Wyposa\u017cenie laboratorium:<\/strong><\/p>\n<ul>\n<li>autoklaw 0030-570PANINI,<\/li>\n<li>ploter frezuj\u0105cy 1520 EXPERT Seron<\/li>\n<\/ul>\n<div class=\"gdlr-shortcode-wrapper\"><div class=\"clear\"><\/div><div class=\"gdlr-item gdlr-divider-item\"  ><div class=\"gdlr-divider solid\"  style=\"width: 100%;\" ><\/div><\/div><\/div>\n<div class=\"gdlr-frame-shortcode gdlr-align-left\"><div class=\"gdlr-frame frame-type-border\" > <div class=\"gdlr-image-link-shortcode\" style=\"max-width: 100%\" ><img decoding=\"async\" src=\"http:\/\/csi.panschelm.edu.pl\/wp-content\/uploads\/2020\/06\/13.-Autoklaw-o.p.-PANINI-0030-570.jpg\" alt=\" \" \/><a href=\"http:\/\/csi.panschelm.edu.pl\/wp-content\/uploads\/2020\/06\/13.-Autoklaw-o.p.-PANINI-0030-570.jpg\"  data-rel=\"fancybox\"  target=\"_blank\" ><span class=\"gdlr-image-link-overlay\">&nbsp;<\/span><span class=\"gdlr-image-link-icon\"><i class=\"fa fa-search\" ><\/i><\/span><\/a><\/div><\/div><span class=\"gdlr-frame-caption\">Autoklaw Formu\u0142a 1 firmy o.p. Panini <\/span><\/div>\n<p>S\u0142u\u017cy do polimeryzacji materia\u0142\u00f3w kompozytowych wyposa\u017cony w systemy: pr\u00f3\u017cniowe, ci\u015bnieniowe, grzewcze, ch\u0142odz\u0105ce, kontrolery pr\u00f3\u017cni i temperatury oraz uk\u0142ad sterowania urz\u0105dzeniem. Przestrze\u0144 robocza o \u015brednicy 130 cm i d\u0142ugo\u015bci 250 cm z czterema przy\u0142\u0105czami podci\u015bnienia oraz o\u015bmioma termoparami do poboru temperatury produktu. Temperatura maksymalna 180 \u00b0C, ci\u015bnienie maksymalne 10 bar.<\/p>\n<div class=\"gdlr-shortcode-wrapper\"><div class=\"clear\"><\/div><div class=\"gdlr-item gdlr-divider-item\"  ><div class=\"gdlr-divider solid\"  style=\"width: 100%;\" ><\/div><\/div><\/div>\n<div class=\"gdlr-frame-shortcode gdlr-align-left\"><div class=\"gdlr-frame frame-type-border\" > <div class=\"gdlr-image-link-shortcode\" style=\"max-width: 100%\" ><img decoding=\"async\" src=\"http:\/\/csi.panschelm.edu.pl\/wp-content\/uploads\/2020\/06\/14.-Ploter-frezuj\u0105cy-CNC-Seron-1520-Expert.png\" alt=\" \" \/><a href=\"http:\/\/csi.panschelm.edu.pl\/wp-content\/uploads\/2020\/06\/14.-Ploter-frezuj\u0105cy-CNC-Seron-1520-Expert.png\"  data-rel=\"fancybox\"  target=\"_blank\" ><span class=\"gdlr-image-link-overlay\">&nbsp;<\/span><span class=\"gdlr-image-link-icon\"><i class=\"fa fa-search\" ><\/i><\/span><\/a><\/div><\/div><span class=\"gdlr-frame-caption\">Ploter frezuj\u0105cy CNC Seron 1520 Expertto <\/span><\/div>\n<p>Maszyna zaprojektowana do pracy przy nestingu wszelkiego rodzaju p\u0142yt, jak r\u00f3wnie\u017c w pe\u0142nym \u015brodowisku 3D. S\u0142u\u017cy do obr\u00f3bki takich materia\u0142\u00f3w jak: drewno, drewnopochodne (p\u0142yta wi\u00f3rowa, MDF, OSB itp.), tworzywa sztuczne (plexi, PCV, HPL itp.), kompozyty (dibond, alucobond), metale mi\u0119kkie itp. Jej konstrukcja jest w pe\u0142ni stalowa. Specjalistyczne oprogramowanie umo\u017cliwia prac\u0119 w kompletnym \u015brodowisku 3D.<\/p>\n","protected":false},"excerpt":{"rendered":"<p>Wyposa\u017cenie laboratorium: autoklaw 0030-570PANINI, ploter frezuj\u0105cy 1520 EXPERT Seron S\u0142u\u017cy do polimeryzacji materia\u0142\u00f3w kompozytowych wyposa\u017cony w systemy: pr\u00f3\u017cniowe, ci\u015bnieniowe, grzewcze, ch\u0142odz\u0105ce, kontrolery pr\u00f3\u017cni i temperatury oraz uk\u0142ad sterowania urz\u0105dzeniem. Przestrze\u0144 robocza o \u015brednicy 130 cm i d\u0142ugo\u015bci 250 cm z czterema przy\u0142\u0105czami podci\u015bnienia oraz o\u015bmioma termoparami do poboru temperatury produktu. Temperatura maksymalna 180 \u00b0C, ci\u015bnienie&#8230; <\/p>\n<div class=\"clear\"><\/div>\n<p><a href=\"https:\/\/csi.panschelm.edu.pl\/?page_id=5083\" class=\"excerpt-read-more\">Czytaj wi\u0119cej<i class=\"fa fa-angle-double-right icon-double-angle-right\"><\/i><\/a><\/p>\n","protected":false},"author":1,"featured_media":0,"parent":0,"menu_order":0,"comment_status":"closed","ping_status":"closed","template":"","meta":{"footnotes":""},"class_list":["post-5083","page","type-page","status-publish","hentry"],"_links":{"self":[{"href":"https:\/\/csi.panschelm.edu.pl\/index.php?rest_route=\/wp\/v2\/pages\/5083","targetHints":{"allow":["GET"]}}],"collection":[{"href":"https:\/\/csi.panschelm.edu.pl\/index.php?rest_route=\/wp\/v2\/pages"}],"about":[{"href":"https:\/\/csi.panschelm.edu.pl\/index.php?rest_route=\/wp\/v2\/types\/page"}],"author":[{"embeddable":true,"href":"https:\/\/csi.panschelm.edu.pl\/index.php?rest_route=\/wp\/v2\/users\/1"}],"replies":[{"embeddable":true,"href":"https:\/\/csi.panschelm.edu.pl\/index.php?rest_route=%2Fwp%2Fv2%2Fcomments&post=5083"}],"version-history":[{"count":1,"href":"https:\/\/csi.panschelm.edu.pl\/index.php?rest_route=\/wp\/v2\/pages\/5083\/revisions"}],"predecessor-version":[{"id":5087,"href":"https:\/\/csi.panschelm.edu.pl\/index.php?rest_route=\/wp\/v2\/pages\/5083\/revisions\/5087"}],"wp:attachment":[{"href":"https:\/\/csi.panschelm.edu.pl\/index.php?rest_route=%2Fwp%2Fv2%2Fmedia&parent=5083"}],"curies":[{"name":"wp","href":"https:\/\/api.w.org\/{rel}","templated":true}]}}