{"id":5080,"date":"2020-06-25T10:02:29","date_gmt":"2020-06-25T08:02:29","guid":{"rendered":"http:\/\/csi.pwszchelm.edu.pl\/?page_id=5080"},"modified":"2020-06-25T10:02:35","modified_gmt":"2020-06-25T08:02:35","slug":"laboratorium-szybkiego-prototypowania-czesci","status":"publish","type":"page","link":"https:\/\/csi.panschelm.edu.pl\/?page_id=5080","title":{"rendered":"Laboratorium Szybkiego Prototypowania Cz\u0119\u015bci"},"content":{"rendered":"<p><strong>Wyposa\u017cenie laboratorium:<\/strong><\/p>\n<div class=\"gdlr-shortcode-wrapper\"><div class=\"clear\"><\/div><div class=\"gdlr-item gdlr-divider-item\"  ><div class=\"gdlr-divider solid\"  style=\"width: 100%;\" ><\/div><\/div><\/div>\n<div class=\"gdlr-frame-shortcode gdlr-align-left\"><div class=\"gdlr-frame frame-type-border\" > <div class=\"gdlr-image-link-shortcode\" style=\"max-width: 100%\" ><img decoding=\"async\" src=\"http:\/\/csi.panschelm.edu.pl\/wp-content\/uploads\/2020\/06\/Drukarka-3D-FORTUS-360mc-Shop-Air.png\" alt=\" \" \/><a href=\"http:\/\/csi.panschelm.edu.pl\/wp-content\/uploads\/2020\/06\/Drukarka-3D-FORTUS-360mc-Shop-Air.png\"  data-rel=\"fancybox\"  target=\"_blank\" ><span class=\"gdlr-image-link-overlay\">&nbsp;<\/span><span class=\"gdlr-image-link-icon\"><i class=\"fa fa-search\" ><\/i><\/span><\/a><\/div><\/div><span class=\"gdlr-frame-caption\">Drukarka 3D FORTUS 360mc Shop Air<\/span><\/div>\n<p>Drukarka 3D FORTUS 360mc Shop Air jest niezwykle wszechstronnym urz\u0105dzeniem\u00a0 za pomoc\u0105 kt\u00f3rego mo\u017cna wytworzy\u0107 u\u017cyteczne prototypy (Real Parts) na podstawie wcze\u015bniej przygotowanych modeli w programach CAD\/CAM. Cz\u0119\u015bci te, s\u0105 wystarczaj\u0105co wytrzyma\u0142e,\u00a0 aby pos\u0142u\u017cy\u0142y jako zaawansowane modele koncepcyjne, w pe\u0142ni funkcjonalne prototypy, narz\u0119dzia produkcyjne czy te\u017c gotowe cz\u0119\u015bci.<\/p>\n<p>&nbsp;<\/p>\n","protected":false},"excerpt":{"rendered":"<p>Wyposa\u017cenie laboratorium: Drukarka 3D FORTUS 360mc Shop Air jest niezwykle wszechstronnym urz\u0105dzeniem\u00a0 za pomoc\u0105 kt\u00f3rego mo\u017cna wytworzy\u0107 u\u017cyteczne prototypy (Real Parts) na podstawie wcze\u015bniej przygotowanych modeli w programach CAD\/CAM. Cz\u0119\u015bci te, s\u0105 wystarczaj\u0105co wytrzyma\u0142e,\u00a0 aby pos\u0142u\u017cy\u0142y jako zaawansowane modele koncepcyjne, w pe\u0142ni funkcjonalne prototypy, narz\u0119dzia produkcyjne czy te\u017c gotowe cz\u0119\u015bci. &nbsp;<\/p>\n","protected":false},"author":1,"featured_media":0,"parent":0,"menu_order":0,"comment_status":"closed","ping_status":"closed","template":"","meta":{"footnotes":""},"class_list":["post-5080","page","type-page","status-publish","hentry"],"_links":{"self":[{"href":"https:\/\/csi.panschelm.edu.pl\/index.php?rest_route=\/wp\/v2\/pages\/5080","targetHints":{"allow":["GET"]}}],"collection":[{"href":"https:\/\/csi.panschelm.edu.pl\/index.php?rest_route=\/wp\/v2\/pages"}],"about":[{"href":"https:\/\/csi.panschelm.edu.pl\/index.php?rest_route=\/wp\/v2\/types\/page"}],"author":[{"embeddable":true,"href":"https:\/\/csi.panschelm.edu.pl\/index.php?rest_route=\/wp\/v2\/users\/1"}],"replies":[{"embeddable":true,"href":"https:\/\/csi.panschelm.edu.pl\/index.php?rest_route=%2Fwp%2Fv2%2Fcomments&post=5080"}],"version-history":[{"count":1,"href":"https:\/\/csi.panschelm.edu.pl\/index.php?rest_route=\/wp\/v2\/pages\/5080\/revisions"}],"predecessor-version":[{"id":5082,"href":"https:\/\/csi.panschelm.edu.pl\/index.php?rest_route=\/wp\/v2\/pages\/5080\/revisions\/5082"}],"wp:attachment":[{"href":"https:\/\/csi.panschelm.edu.pl\/index.php?rest_route=%2Fwp%2Fv2%2Fmedia&parent=5080"}],"curies":[{"name":"wp","href":"https:\/\/api.w.org\/{rel}","templated":true}]}}