{"id":5071,"date":"2020-06-25T10:00:33","date_gmt":"2020-06-25T08:00:33","guid":{"rendered":"http:\/\/csi.pwszchelm.edu.pl\/?page_id=5071"},"modified":"2020-06-29T10:37:28","modified_gmt":"2020-06-29T08:37:28","slug":"laboratorium-badan-wytrzymalosciowych-struktury-i-stanu-warstwy-wierzchniej","status":"publish","type":"page","link":"https:\/\/csi.panschelm.edu.pl\/?page_id=5071","title":{"rendered":"Laboratorium Bada\u0144 Wytrzyma\u0142o\u015bciowych, Struktury i&nbsp;Stanu Warstwy Wierzchniej"},"content":{"rendered":"<p><strong><img loading=\"lazy\" decoding=\"async\" class=\"size-full wp-image-5074 aligncenter\" src=\"http:\/\/csi.panschelm.edu.pl\/wp-content\/uploads\/2020\/06\/Lab.-Bada\u0144-Wytrzyma\u0142o\u015bciowych-ca\u0142o\u015b\u0107.jpg\" alt=\"\" width=\"1408\" height=\"1056\" srcset=\"https:\/\/csi.panschelm.edu.pl\/wp-content\/uploads\/2020\/06\/Lab.-Bada\u0144-Wytrzyma\u0142o\u015bciowych-ca\u0142o\u015b\u0107.jpg 1408w, https:\/\/csi.panschelm.edu.pl\/wp-content\/uploads\/2020\/06\/Lab.-Bada\u0144-Wytrzyma\u0142o\u015bciowych-ca\u0142o\u015b\u0107-300x225.jpg 300w, https:\/\/csi.panschelm.edu.pl\/wp-content\/uploads\/2020\/06\/Lab.-Bada\u0144-Wytrzyma\u0142o\u015bciowych-ca\u0142o\u015b\u0107-1024x768.jpg 1024w, https:\/\/csi.panschelm.edu.pl\/wp-content\/uploads\/2020\/06\/Lab.-Bada\u0144-Wytrzyma\u0142o\u015bciowych-ca\u0142o\u015b\u0107-768x576.jpg 768w, https:\/\/csi.panschelm.edu.pl\/wp-content\/uploads\/2020\/06\/Lab.-Bada\u0144-Wytrzyma\u0142o\u015bciowych-ca\u0142o\u015b\u0107-400x300.jpg 400w\" sizes=\"auto, (max-width: 1408px) 100vw, 1408px\" \/>\u00a0\u00a0<\/strong><\/p>\n<p><strong>\u00a0Wyposa\u017cenie laboratorium:<\/strong><\/p>\n<ul>\n<li>zestaw do pomiaru topografii TMS-100 Polytec,<\/li>\n<li>twardo\u015bciomierz KB 3000 B KB Pr\u00fcftechnik,<\/li>\n<li>twardo\u015bciomierz uniwersalny KB10 KB Pr\u00fcftechnik,<\/li>\n<li>systemem do bezkontaktowych tr\u00f3jwymiarowych pomiar\u00f3w odkszta\u0142ce\u0144 ARAMIS 4M, oraz system optycznej analizy deformacji PONTOS HS GOM,<\/li>\n<li>stanowiska do bada\u0144 wytrzyma\u0142o\u015bciowych &#8211; 820 LE6 Series Electrodynamic Fatigue Test Machine i 311L Family Electromechanical Universal Test Machine TestResources, \uf0b7 komora klimatyczna HT-8045A Hung Ta,<\/li>\n<li>komora starzeniowa TNH38C Hung Ta.<\/li>\n<\/ul>\n<div class=\"gdlr-shortcode-wrapper\"><div class=\"clear\"><\/div><div class=\"gdlr-item gdlr-divider-item\"  ><div class=\"gdlr-divider solid\"  style=\"width: 100%;\" ><\/div><\/div><\/div>\n<div class=\"gdlr-frame-shortcode gdlr-align-left\"><div class=\"gdlr-frame frame-type-border\" > <div class=\"gdlr-image-link-shortcode\" style=\"max-width: 100%\" ><img decoding=\"async\" src=\"http:\/\/csi.panschelm.edu.pl\/wp-content\/uploads\/2020\/06\/Zestaw-do-pomiar\u00f3w-topografii-TMS-100.jpg\" alt=\" \" \/><a href=\"http:\/\/csi.panschelm.edu.pl\/wp-content\/uploads\/2020\/06\/Zestaw-do-pomiar\u00f3w-topografii-TMS-100.jpg\"  data-rel=\"fancybox\"  target=\"_blank\" ><span class=\"gdlr-image-link-overlay\">&nbsp;<\/span><span class=\"gdlr-image-link-icon\"><i class=\"fa fa-search\" ><\/i><\/span><\/a><\/div><\/div><span class=\"gdlr-frame-caption\">Polytec TMS-100 <\/span><\/div>\n<p>Polytec TMS-100 jest to w pe\u0142ni zautomatyzowany system pomiarowy oparty\u00a0 na skanowaniu z wykorzystaniem interferometrii \u015bwiat\u0142a bia\u0142ego, zdolny do bardzo dok\u0142adnych pomiar\u00f3w na niespotykan\u0105 dot\u0105d g\u0142\u0119boko\u015b\u0107. Powierzchnie mo\u017cna mierzy\u0107 w jednym uj\u0119ciu\u00a0 ze szczeg\u00f3\u0142ami o wielko\u015bci 36 mikrometr\u00f3w. Parametry mierzone to m.in. p\u0142asko\u015bci, r\u00f3wnoleg\u0142o\u015bci, wysoko\u015bci lub parametry powierzchni. System ten jest stosowany\u00a0 w szczeg\u00f3lno\u015bci do pomiar\u00f3w element\u00f3w ze stromymi kraw\u0119dziami i g\u0142\u0119bokich otwor\u00f3w.<\/p>\n<div class=\"gdlr-shortcode-wrapper\"><div class=\"clear\"><\/div><div class=\"gdlr-item gdlr-divider-item\"  ><div class=\"gdlr-divider solid\"  style=\"width: 100%;\" ><\/div><\/div><\/div>\n<div class=\"gdlr-frame-shortcode gdlr-align-left\"><div class=\"gdlr-frame frame-type-border\" > <div class=\"gdlr-image-link-shortcode\" style=\"max-width: 100%\" ><img decoding=\"async\" src=\"http:\/\/csi.panschelm.edu.pl\/wp-content\/uploads\/2020\/06\/Twardo\u015bciomierz-KB-3000-B.jpg\" alt=\" \" \/><a href=\"http:\/\/csi.panschelm.edu.pl\/wp-content\/uploads\/2020\/06\/Twardo\u015bciomierz-KB-3000-B.jpg\"  data-rel=\"fancybox\"  target=\"_blank\" ><span class=\"gdlr-image-link-overlay\">&nbsp;<\/span><span class=\"gdlr-image-link-icon\"><i class=\"fa fa-search\" ><\/i><\/span><\/a><\/div><\/div><span class=\"gdlr-frame-caption\">Twardo\u015bciomierz <\/span><\/div>\n<p>Twardo\u015bciomierz uniwersalny z zakresem\u00a0 poziomu wysokiego obci\u0105\u017cenia posiadaj\u0105cy:<\/p>\n<p>wbudowany zoom optyczny, mo\u017cliwo\u015b\u0107 powi\u0119kszenia, o\u015bwietlenie, magnetyczny uchwyt wg\u0142\u0119bnik, automatyczna pomiar twardo\u015bci.\u00a0 Twardo\u015bciomierz posiada innowacyjne oprogramowanie,\u00a0 b\u0119d\u0105ce nowoczesnym \u015brodowiskiem bada\u0144 materia\u0142owych. Urz\u0105dzenie wyposa\u017cone jest w aparat,\u00a0 cyfrowy zoom, intuicyjna obs\u0142uga za pomoc\u0105 panelu Windows PC, eksport do programu Excel lub pliku tekstowego, mo\u017cliwo\u015b\u0107 tworzenia protoko\u0142\u00f3w badania\u00a0 z uwzgl\u0119dnieniem specyficznych wymaga\u0144 dla klienta.<\/p>\n<div class=\"gdlr-shortcode-wrapper\"><div class=\"clear\"><\/div><div class=\"gdlr-item gdlr-divider-item\"  ><div class=\"gdlr-divider solid\"  style=\"width: 100%;\" ><\/div><\/div><\/div>\n<div class=\"gdlr-frame-shortcode gdlr-align-left\"><div class=\"gdlr-frame frame-type-border\" > <div class=\"gdlr-image-link-shortcode\" style=\"max-width: 100%\" ><img decoding=\"async\" src=\"http:\/\/csi.panschelm.edu.pl\/wp-content\/uploads\/2020\/06\/Twardo\u015bciomierz-uniwersalny-KB10.jpg\" alt=\" \" \/><a href=\"http:\/\/csi.panschelm.edu.pl\/wp-content\/uploads\/2020\/06\/Twardo\u015bciomierz-uniwersalny-KB10.jpg\"  data-rel=\"fancybox\"  target=\"_blank\" ><span class=\"gdlr-image-link-overlay\">&nbsp;<\/span><span class=\"gdlr-image-link-icon\"><i class=\"fa fa-search\" ><\/i><\/span><\/a><\/div><\/div><span class=\"gdlr-frame-caption\">Twardo\u015bciomierz uniwersalny KB 10<\/span><\/div>\n<p>Twardo\u015bciomierz uniwersalny KB 10 zaprojektowany zosta\u0142 do automatycznych pomiar\u00f3w twardo\u015bci zgodnie z mi\u0119dzynarodowymi normami takimi jak DIN EN, ISO i ASTM. Mo\u017ce pracowa\u0107 w szerokim zakresie obci\u0105\u017ce\u0144. Posiada stopniowy obiektyw\u00a0 ze zmotoryzowanym zoomem, kt\u00f3ry ma mo\u017cliwo\u015b\u0107 przyk\u0142adania obci\u0105\u017ce\u0144 z g\u0142owic\u0105 w systemie p\u0119tli sprz\u0119\u017cenia zwrotnego. Oprogramowanie do twardo\u015bciomierza umo\u017cliwia: wektorowe projektowanie miejsc pomiaru, projektowanie punkt\u00f3w pomiaru wzd\u0142u\u017c dowolnych kszta\u0142t\u00f3w kraw\u0119dzi, szybkie pozycjonowanie zaprojektowanych krzywych pomiarowych poprzez punkty odniesienia, optymalizacja ustawie\u0144 optyki dla pr\u00f3bek trawionych, mo\u017cliwo\u015b\u0107 rozpoznawania kszta\u0142t\u00f3w i dopasowanie uk\u0142adu wsp\u00f3\u0142rz\u0119dnych do za\u0142o\u017conej krzywej odcisk\u00f3w i pr\u00f3bki badanej, ci\u0105g\u0142e monitorowane pozycji XY stolika (parametry XY), wykonywanie wykres\u00f3w, \u00a0\u00a0\u00a0\u00a0 powr\u00f3t\u00a0 i powt\u00f3rny pomiar, eksport danych do arkuszy kalkulacyjnych, zapisanie i eksport fotografii, automatyczne testy, pomiar, zapis i eksport, automatyczna analiz\u0119 obrazu, autofocus (o\u015b Z), regulacj\u0119 \u015bwiat\u0142a.<\/p>\n<p>&nbsp;<\/p>\n<div class=\"gdlr-shortcode-wrapper\"><div class=\"clear\"><\/div><div class=\"gdlr-item gdlr-divider-item\"  ><div class=\"gdlr-divider solid\"  style=\"width: 100%;\" ><\/div><\/div><\/div>\n<div class=\"gdlr-frame-shortcode gdlr-align-left\"><div class=\"gdlr-frame frame-type-border\" > <div class=\"gdlr-image-link-shortcode\" style=\"max-width: 100%\" ><img decoding=\"async\" src=\"http:\/\/csi.panschelm.edu.pl\/wp-content\/uploads\/2020\/06\/Stanowiska-do-bada\u0144-wytrzyma\u0142o\u015bciowych-TestResources.jpg\" alt=\" \" \/><a href=\"http:\/\/csi.panschelm.edu.pl\/wp-content\/uploads\/2020\/06\/Stanowiska-do-bada\u0144-wytrzyma\u0142o\u015bciowych-TestResources.jpg\"  data-rel=\"fancybox\"  target=\"_blank\" ><span class=\"gdlr-image-link-overlay\">&nbsp;<\/span><span class=\"gdlr-image-link-icon\"><i class=\"fa fa-search\" ><\/i><\/span><\/a><\/div><\/div><span class=\"gdlr-frame-caption\"><\/span><\/div>\n<p>Urz\u0105dzenia s\u0105 przeznaczone do prowadzenia bardzo szerokiego zakresu bada\u0144 wytrzyma\u0142o\u015bciowych. Wyposa\u017cenie pozwala na wykonanie bada\u0144 specjalnych dla przemys\u0142u lotniczego, motoryzacyjnego, oraz kompozyt\u00f3w. Stanowisko badawcze wyposa\u017cone\u00a0 jest dodatkowo w piec, oraz komor\u0119 klimatyczn\u0105, dzi\u0119ki czemu pr\u00f3by mo\u017cna prowadzi\u0107\u00a0 w szerokim zakresie temperatur.<\/p>\n<div class=\"gdlr-shortcode-wrapper\"><div class=\"clear\"><\/div><div class=\"gdlr-item gdlr-divider-item\"  ><div class=\"gdlr-divider solid\"  style=\"width: 100%;\" ><\/div><\/div><\/div>\n<div class=\"gdlr-frame-shortcode gdlr-align-left\"><div class=\"gdlr-frame frame-type-border\" > <div class=\"gdlr-image-link-shortcode\" style=\"max-width: 100%\" ><img decoding=\"async\" src=\"http:\/\/csi.panschelm.edu.pl\/wp-content\/uploads\/2020\/06\/Komora-klimatyczna-HungTa-HT-8045A.jpg\" alt=\" \" \/><a href=\"http:\/\/csi.panschelm.edu.pl\/wp-content\/uploads\/2020\/06\/Komora-klimatyczna-HungTa-HT-8045A.jpg\"  data-rel=\"fancybox\"  target=\"_blank\" ><span class=\"gdlr-image-link-overlay\">&nbsp;<\/span><span class=\"gdlr-image-link-icon\"><i class=\"fa fa-search\" ><\/i><\/span><\/a><\/div><\/div><span class=\"gdlr-frame-caption\">Komora klimatyczna HT-8045A <\/span><\/div>\n<p>Komora klimatyczna HT-8045A s\u0142u\u017cy do przeprowadzania test\u00f3w klimatycznych\u00a0 na cz\u0119\u015bciach, podzespo\u0142ach i urz\u0105dzeniach technicznych, pozwalaj\u0105c na wytworzenie, utrzymanie pod kontrol\u0105 przez okre\u015blony czas, oraz monitorowanie, klimatu (temperatury\u00a0 i wilgotno\u015bci) wraz z jego rejestracj\u0105 w r\u00f3\u017cnych zakresach. Testy w komorze klimatycznej umo\u017cliwiaj\u0105 wykrycie ewentualnych b\u0142\u0119d\u00f3w projektowych i produkcyjnych, oraz badanie trwa\u0142o\u015bci i niezawodno\u015bci eksploatacyjnej uk\u0142ad\u00f3w stosowanych w pojazdach i p\u0142atowcach.<\/p>\n<div class=\"gdlr-shortcode-wrapper\"><div class=\"clear\"><\/div><div class=\"gdlr-item gdlr-divider-item\"  ><div class=\"gdlr-divider solid\"  style=\"width: 100%;\" ><\/div><\/div><\/div>\n<div class=\"gdlr-frame-shortcode gdlr-align-left\"><div class=\"gdlr-frame frame-type-border\" > <div class=\"gdlr-image-link-shortcode\" style=\"max-width: 100%\" ><img decoding=\"async\" src=\"http:\/\/csi.panschelm.edu.pl\/wp-content\/uploads\/2020\/06\/Komora-klimatyczna-TNH38C.png\" alt=\" \" \/><a href=\"http:\/\/csi.panschelm.edu.pl\/wp-content\/uploads\/2020\/06\/Komora-klimatyczna-TNH38C.png\"  data-rel=\"fancybox\"  target=\"_blank\" ><span class=\"gdlr-image-link-overlay\">&nbsp;<\/span><span class=\"gdlr-image-link-icon\"><i class=\"fa fa-search\" ><\/i><\/span><\/a><\/div><\/div><span class=\"gdlr-frame-caption\">Komora starzeniowa <\/span><\/div>\n<p>Komora starzeniowa z lampami UV przeznaczona jest do badania odporno\u015bci materia\u0142\u00f3w na \u015bwiat\u0142o ultrafioletowe i cykle kondensacji. Typowe badanie sk\u0142ada si\u0119 z cyklu na\u015bwietlania pr\u00f3bek przez fluorescencyjne lampy UV, po kt\u00f3rym nast\u0119puje cykl kondensacji wodnej. Ponadto komora jest wyposa\u017cona w funkcj\u0119 symulacji deszczu. Komora starzeniowa wykorzystywana jest do badania farb i lakier\u00f3w, tworzyw sztucznych, materia\u0142\u00f3w budowlanych, pokry\u0107 dachowych, bitumicznych, tworzyw sztucznych, oraz tkanin technicznych (geo- i agrow\u0142\u00f3knin).<\/p>\n","protected":false},"excerpt":{"rendered":"<p>\u00a0\u00a0 \u00a0Wyposa\u017cenie laboratorium: zestaw do pomiaru topografii TMS-100 Polytec, twardo\u015bciomierz KB 3000 B KB Pr\u00fcftechnik, twardo\u015bciomierz uniwersalny KB10 KB Pr\u00fcftechnik, systemem do bezkontaktowych tr\u00f3jwymiarowych pomiar\u00f3w odkszta\u0142ce\u0144 ARAMIS 4M, oraz system optycznej analizy deformacji PONTOS HS GOM, stanowiska do bada\u0144 wytrzyma\u0142o\u015bciowych &#8211; 820 LE6 Series Electrodynamic Fatigue Test Machine i 311L Family Electromechanical Universal Test Machine&#8230; <\/p>\n<div class=\"clear\"><\/div>\n<p><a href=\"https:\/\/csi.panschelm.edu.pl\/?page_id=5071\" class=\"excerpt-read-more\">Czytaj wi\u0119cej<i class=\"fa fa-angle-double-right icon-double-angle-right\"><\/i><\/a><\/p>\n","protected":false},"author":1,"featured_media":0,"parent":0,"menu_order":0,"comment_status":"closed","ping_status":"closed","template":"","meta":{"footnotes":""},"class_list":["post-5071","page","type-page","status-publish","hentry"],"_links":{"self":[{"href":"https:\/\/csi.panschelm.edu.pl\/index.php?rest_route=\/wp\/v2\/pages\/5071","targetHints":{"allow":["GET"]}}],"collection":[{"href":"https:\/\/csi.panschelm.edu.pl\/index.php?rest_route=\/wp\/v2\/pages"}],"about":[{"href":"https:\/\/csi.panschelm.edu.pl\/index.php?rest_route=\/wp\/v2\/types\/page"}],"author":[{"embeddable":true,"href":"https:\/\/csi.panschelm.edu.pl\/index.php?rest_route=\/wp\/v2\/users\/1"}],"replies":[{"embeddable":true,"href":"https:\/\/csi.panschelm.edu.pl\/index.php?rest_route=%2Fwp%2Fv2%2Fcomments&post=5071"}],"version-history":[{"count":2,"href":"https:\/\/csi.panschelm.edu.pl\/index.php?rest_route=\/wp\/v2\/pages\/5071\/revisions"}],"predecessor-version":[{"id":5219,"href":"https:\/\/csi.panschelm.edu.pl\/index.php?rest_route=\/wp\/v2\/pages\/5071\/revisions\/5219"}],"wp:attachment":[{"href":"https:\/\/csi.panschelm.edu.pl\/index.php?rest_route=%2Fwp%2Fv2%2Fmedia&parent=5071"}],"curies":[{"name":"wp","href":"https:\/\/api.w.org\/{rel}","templated":true}]}}