{"id":5065,"date":"2020-06-25T09:52:43","date_gmt":"2020-06-25T07:52:43","guid":{"rendered":"http:\/\/csi.pwszchelm.edu.pl\/?page_id=5065"},"modified":"2020-06-25T09:52:43","modified_gmt":"2020-06-25T07:52:43","slug":"laboratorium-badan-wizyjnych-drgan-i-halasu","status":"publish","type":"page","link":"https:\/\/csi.panschelm.edu.pl\/?page_id=5065","title":{"rendered":"Laboratorium Bada\u0144 Wizyjnych, Drga\u0144 i Ha\u0142asu"},"content":{"rendered":"<p><strong>Wyposa\u017cenie laboratorium:<\/strong><\/p>\n<ul>\n<li>wielokana\u0142owy analizator sygna\u0142u LMS SCADAS &#8211; WX-7000 z modu\u0142em rozszerze\u0144 AU-WXEPIO TEAC,<\/li>\n<li>analizator d\u017awi\u0119ku NOR140 Norsonic,<\/li>\n<li>stanowisko termografii aktywnej Hensel performing light, Flir, automation Technology, Dell,<\/li>\n<li>szybka kamera Phantom v2511 Ametek.<\/li>\n<\/ul>\n<div class=\"gdlr-shortcode-wrapper\"><div class=\"clear\"><\/div><div class=\"gdlr-item gdlr-divider-item\"  ><div class=\"gdlr-divider solid\"  style=\"width: 100%;\" ><\/div><\/div><\/div>\n<div class=\"gdlr-frame-shortcode gdlr-align-left\"><div class=\"gdlr-frame frame-type-border\" > <div class=\"gdlr-image-link-shortcode\" style=\"max-width: 100%\" ><img decoding=\"async\" src=\"http:\/\/csi.panschelm.edu.pl\/wp-content\/uploads\/2020\/06\/Wielokana\u0142owy-analizator-sygna\u0142u-LMS-SCADAS-WX-7000-z-modu\u0142em-rozszerze\u0144-AU-WXEPIO.png\" alt=\" \" \/><a href=\"http:\/\/csi.panschelm.edu.pl\/wp-content\/uploads\/2020\/06\/Wielokana\u0142owy-analizator-sygna\u0142u-LMS-SCADAS-WX-7000-z-modu\u0142em-rozszerze\u0144-AU-WXEPIO.png\"  data-rel=\"fancybox\"  target=\"_blank\" ><span class=\"gdlr-image-link-overlay\">&nbsp;<\/span><span class=\"gdlr-image-link-icon\"><i class=\"fa fa-search\" ><\/i><\/span><\/a><\/div><\/div><span class=\"gdlr-frame-caption\">Wielokana\u0142owy analizator sygna\u0142u LMS SCADAS - WX-7000 z modu\u0142em rozszerze\u0144 AU-WXEPIO <\/span><\/div>\n<p>Analizator sygna\u0142u LMS SCADAS wykorzystywany jest w takich dziedzinach przemys\u0142u takich jak lotnictwo, obronny, wytwarzania energii elektrycznej, podwodnym, kolejowym, samochodowym, maszynowym,\u00a0 ci\u0119\u017ckim, akustycznym oraz j\u0105drowym. Wyr\u00f3\u017cnia si\u0119 jako\u015bci\u0105 wykonania, zapewniaj\u0105c\u0105 dok\u0142adno\u015b\u0107 i powtarzalno\u015b\u0107 pomiar\u00f3w, oraz du\u017c\u0105 szybko\u015bci\u0105 akwizycji danych. Jest rozwi\u0105zaniem \u015bci\u015ble powi\u0105zany z oprogramowaniem LMS Test.Lab.<\/p>\n<div class=\"gdlr-shortcode-wrapper\"><div class=\"clear\"><\/div><div class=\"gdlr-item gdlr-divider-item\"  ><div class=\"gdlr-divider solid\"  style=\"width: 100%;\" ><\/div><\/div><\/div>\n<div class=\"gdlr-frame-shortcode gdlr-align-left\"><div class=\"gdlr-frame frame-type-border\" > <div class=\"gdlr-image-link-shortcode\" style=\"max-width: 100%\" ><img decoding=\"async\" src=\"http:\/\/csi.panschelm.edu.pl\/wp-content\/uploads\/2020\/06\/Analizator-d\u017awi\u0119ku-NOR140.png\" alt=\" \" \/><a href=\"http:\/\/csi.panschelm.edu.pl\/wp-content\/uploads\/2020\/06\/Analizator-d\u017awi\u0119ku-NOR140.png\"  data-rel=\"fancybox\"  target=\"_blank\" ><span class=\"gdlr-image-link-overlay\">&nbsp;<\/span><span class=\"gdlr-image-link-icon\"><i class=\"fa fa-search\" ><\/i><\/span><\/a><\/div><\/div><span class=\"gdlr-frame-caption\">Analizator d\u017awi\u0119ku NOR140 <\/span><\/div>\n<p>Precyzyjny, przeno\u015bny analizator d\u017awi\u0119ku NOR 1401 przeznaczony jest do oceny ha\u0142asu \u015brodowiskowego, w tym do prowadzenia bada\u0144 na lotnisku oraz pomiar\u00f3w akustyki budowlanej. Ponad 1300 funkcji urz\u0105dzenia umo\u017cliwia przeprowadzenie dowolnego pomiaru akustycznego. Analizator jest w pe\u0142ni programowalny zbieraj\u0105c dane w spos\u00f3b ca\u0142kowicie zautomatyzowany.<\/p>\n<div class=\"gdlr-shortcode-wrapper\"><div class=\"clear\"><\/div><div class=\"gdlr-item gdlr-divider-item\"  ><div class=\"gdlr-divider solid\"  style=\"width: 100%;\" ><\/div><\/div><\/div>\n<div class=\"gdlr-frame-shortcode gdlr-align-left\"><div class=\"gdlr-frame frame-type-border\" > <div class=\"gdlr-image-link-shortcode\" style=\"max-width: 100%\" ><img decoding=\"async\" src=\"http:\/\/csi.panschelm.edu.pl\/wp-content\/uploads\/2020\/06\/Stanowisko-termografii-aktywnej.png\" alt=\" \" \/><a href=\"http:\/\/csi.panschelm.edu.pl\/wp-content\/uploads\/2020\/06\/Stanowisko-termografii-aktywnej.png\"  data-rel=\"fancybox\"  target=\"_blank\" ><span class=\"gdlr-image-link-overlay\">&nbsp;<\/span><span class=\"gdlr-image-link-icon\"><i class=\"fa fa-search\" ><\/i><\/span><\/a><\/div><\/div><span class=\"gdlr-frame-caption\">Stanowisko termografii aktywnej <\/span><\/div>\n<p>Stanowisko termografii aktywnej wyposa\u017cone jest w wysoce efektywne oprogramowanie IRNDT s\u0142u\u017c\u0105ce do przeprowadzania bada\u0144 z zakresu:<\/p>\n<ul>\n<li>lock-in thermography &#8211; analiza w g\u0142\u0105b materia\u0142u,<\/li>\n<li>pulse thermography &#8211; pobudzenie powierzchni sygna\u0142em ciep\u0142a, kt\u00f3re r\u00f3wnomiernie wnika w badany materia\u0142,<\/li>\n<li>transient thermography \u2013 termografia oceniaj\u0105ca wady w kompozytach,<\/li>\n<li>vibro thermography \u2013 termografia oceniaj\u0105ca wady za po\u015brednictwem rezonansu,<\/li>\n<li>TSA (thermal stress anlysis) thermography \u2013 termo elastyczny efekt generuj\u0105cy zmiany temperatury przy obci\u0105\u017ceniach mechanicznych badanego materia\u0142u.<\/li>\n<\/ul>\n<div class=\"gdlr-shortcode-wrapper\"><div class=\"clear\"><\/div><div class=\"gdlr-item gdlr-divider-item\"  ><div class=\"gdlr-divider solid\"  style=\"width: 100%;\" ><\/div><\/div><\/div>\n<div class=\"gdlr-frame-shortcode gdlr-align-left\"><div class=\"gdlr-frame frame-type-border\" > <div class=\"gdlr-image-link-shortcode\" style=\"max-width: 100%\" ><img decoding=\"async\" src=\"http:\/\/csi.panschelm.edu.pl\/wp-content\/uploads\/2020\/06\/Szybka-kamera-Phantom-v2511.jpg\" alt=\" \" \/><a href=\"http:\/\/csi.panschelm.edu.pl\/wp-content\/uploads\/2020\/06\/Szybka-kamera-Phantom-v2511.jpg\"  data-rel=\"fancybox\"  target=\"_blank\" ><span class=\"gdlr-image-link-overlay\">&nbsp;<\/span><span class=\"gdlr-image-link-icon\"><i class=\"fa fa-search\" ><\/i><\/span><\/a><\/div><\/div><span class=\"gdlr-frame-caption\">Szybka kamera Phantom v2511 <\/span><\/div>\n<p>Kamera Phantom v2511 jest jedn\u0105 z najszybszych obecnie kamer na \u015bwiecie. Dzi\u0119ki niej mo\u017cliwa jest rejestracja 25600 klatek\/s z najwy\u017csz\u0105 rozdzielczo\u015bci\u0105 1280\u00d7800 pikseli. Przy minimalnej rozdzielczo\u015bci 128\u00d732 pikseli mo\u017cliwa jest rejestracja z pr\u0119dko\u015bci\u0105 nawet 1 mln klatek\/s.<\/p>\n","protected":false},"excerpt":{"rendered":"<p>Wyposa\u017cenie laboratorium: wielokana\u0142owy analizator sygna\u0142u LMS SCADAS &#8211; WX-7000 z modu\u0142em rozszerze\u0144 AU-WXEPIO TEAC, analizator d\u017awi\u0119ku NOR140 Norsonic, stanowisko termografii aktywnej Hensel performing light, Flir, automation Technology, Dell, szybka kamera Phantom v2511 Ametek. Analizator sygna\u0142u LMS SCADAS wykorzystywany jest w takich dziedzinach przemys\u0142u takich jak lotnictwo, obronny, wytwarzania energii elektrycznej, podwodnym, kolejowym, samochodowym, maszynowym,\u00a0 ci\u0119\u017ckim,&#8230; <\/p>\n<div class=\"clear\"><\/div>\n<p><a href=\"https:\/\/csi.panschelm.edu.pl\/?page_id=5065\" class=\"excerpt-read-more\">Czytaj wi\u0119cej<i class=\"fa fa-angle-double-right icon-double-angle-right\"><\/i><\/a><\/p>\n","protected":false},"author":1,"featured_media":0,"parent":0,"menu_order":0,"comment_status":"closed","ping_status":"closed","template":"","meta":{"footnotes":""},"class_list":["post-5065","page","type-page","status-publish","hentry"],"_links":{"self":[{"href":"https:\/\/csi.panschelm.edu.pl\/index.php?rest_route=\/wp\/v2\/pages\/5065","targetHints":{"allow":["GET"]}}],"collection":[{"href":"https:\/\/csi.panschelm.edu.pl\/index.php?rest_route=\/wp\/v2\/pages"}],"about":[{"href":"https:\/\/csi.panschelm.edu.pl\/index.php?rest_route=\/wp\/v2\/types\/page"}],"author":[{"embeddable":true,"href":"https:\/\/csi.panschelm.edu.pl\/index.php?rest_route=\/wp\/v2\/users\/1"}],"replies":[{"embeddable":true,"href":"https:\/\/csi.panschelm.edu.pl\/index.php?rest_route=%2Fwp%2Fv2%2Fcomments&post=5065"}],"version-history":[{"count":1,"href":"https:\/\/csi.panschelm.edu.pl\/index.php?rest_route=\/wp\/v2\/pages\/5065\/revisions"}],"predecessor-version":[{"id":5070,"href":"https:\/\/csi.panschelm.edu.pl\/index.php?rest_route=\/wp\/v2\/pages\/5065\/revisions\/5070"}],"wp:attachment":[{"href":"https:\/\/csi.panschelm.edu.pl\/index.php?rest_route=%2Fwp%2Fv2%2Fmedia&parent=5065"}],"curies":[{"name":"wp","href":"https:\/\/api.w.org\/{rel}","templated":true}]}}