{"id":5037,"date":"2020-06-25T08:34:50","date_gmt":"2020-06-25T06:34:50","guid":{"rendered":"http:\/\/csi.pwszchelm.edu.pl\/?page_id=5037"},"modified":"2020-06-25T08:35:13","modified_gmt":"2020-06-25T06:35:13","slug":"laboratorium-badan-ndt","status":"publish","type":"page","link":"https:\/\/csi.panschelm.edu.pl\/?page_id=5037","title":{"rendered":"Laboratorium Bada\u0144 NDT"},"content":{"rendered":"<p><strong>Wyposa\u017cenie laboratorium:<\/strong><\/p>\n<div class=\"gdlr-shortcode-wrapper\"><div class=\"clear\"><\/div><div class=\"gdlr-item gdlr-divider-item\"  ><div class=\"gdlr-divider solid\"  style=\"width: 100%;\" ><\/div><\/div><\/div>\n<div class=\"gdlr-frame-shortcode gdlr-align-left\"><div class=\"gdlr-frame frame-type-border\" > <div class=\"gdlr-image-link-shortcode\" style=\"max-width: 100%\" ><img decoding=\"async\" src=\"http:\/\/csi.panschelm.edu.pl\/wp-content\/uploads\/2020\/06\/Mikrotomograf-rentgenowski-V.tome_.x-s.png\" alt=\" \" \/><a href=\"http:\/\/csi.panschelm.edu.pl\/wp-content\/uploads\/2020\/06\/Mikrotomograf-rentgenowski-V.tome_.x-s.png\"  data-rel=\"fancybox\"  target=\"_blank\" ><span class=\"gdlr-image-link-overlay\">&nbsp;<\/span><span class=\"gdlr-image-link-icon\"><i class=\"fa fa-search\" ><\/i><\/span><\/a><\/div><\/div><span class=\"gdlr-frame-caption\">mikrotomograf rentgenowski V\/tome\/x s General Electric<\/span><\/div>\n<p>Mikrotomograf\u00a0 V\/tome\/x s umo\u017cliwia uzyskanie obraz\u00f3w tomograficznych (przekroj\u00f3w) badanego obiektu, a nast\u0119pnie przedstawia jego obraz przestrzenny (3D) z wielu uj\u0119\u0107 p\u0142askich (2D) wykonanych w r\u00f3\u017cnych po\u0142o\u017ceniach. Obrazy tomograficzne zawieraj\u0105 informacje o po\u0142o\u017ceniu i g\u0119sto\u015bci cech absorbuj\u0105cych w obiekcie kt\u00f3re s\u0105 wykorzystywane\u00a0 do rekonstrukcji danych przestrzennych. Urz\u0105dzenie ma zastosowanie w procesie mikro analiz 3D, umo\u017cliwiaj\u0105cych znalezienie wad wewn\u0119trznych, rozwarstwie\u0144, wtr\u0105ce\u0144 i pomiaru wielko\u015bci geometrycznych r\u00f3\u017cnego rodzaju komponent\u00f3w. Umo\u017cliwia uzyskanie p\u0142askiego lub przestrzennego rozk\u0142adu wybranej wielko\u015bci fizycznej charakteryzuj\u0105cej badany materia\u0142. Dzi\u0119ki bardzo precyzyjnej rotacji pr\u00f3bki rejestrowana jest ca\u0142a seria projekcji pod r\u00f3\u017cnymi k\u0105tami. Na podstawie tych projekcji oprogramowanie dokonuje rekonstrukcji przekroj\u00f3w poprzecznych obiektu.<\/p>\n<div class=\"gdlr-shortcode-wrapper\"><div class=\"clear\"><\/div><div class=\"gdlr-item gdlr-divider-item\"  ><div class=\"gdlr-divider solid\"  style=\"width: 100%;\" ><\/div><\/div><\/div>\n<div class=\"gdlr-frame-shortcode gdlr-align-left\"><div class=\"gdlr-frame frame-type-border\" > <div class=\"gdlr-image-link-shortcode\" style=\"max-width: 100%\" ><img decoding=\"async\" src=\"http:\/\/csi.panschelm.edu.pl\/wp-content\/uploads\/2020\/06\/System-tomografii-komputerowej-X25.jpg\" alt=\" \" \/><a href=\"http:\/\/csi.panschelm.edu.pl\/wp-content\/uploads\/2020\/06\/System-tomografii-komputerowej-X25.jpg\"  data-rel=\"fancybox\"  target=\"_blank\" ><span class=\"gdlr-image-link-overlay\">&nbsp;<\/span><span class=\"gdlr-image-link-icon\"><i class=\"fa fa-search\" ><\/i><\/span><\/a><\/div><\/div><span class=\"gdlr-frame-caption\">system tomografii komputerowej X25 North Star Imaging<\/span><\/div>\n<p>System X25 pozwala na uzyskanie obraz\u00f3w tomograficznych (przekroj\u00f3w) badanego obiektu. Dzi\u0119ki wykorzystaniu z\u0142o\u017cenia projekcji obiektu wykonanych z r\u00f3\u017cnych kierunk\u00f3w mo\u017cliwe jest tworzenie obraz\u00f3w przekrojowych (2D) i przestrzennych (3D) prze\u015bwietlanego elementu. Zastosowane oprogramowanie umo\u017cliwia obliczanie obj\u0119to\u015bciowych modeli g\u0119sto\u015bci z serii radiogram\u00f3w komponent\u00f3w i kalibracji. Uzyskan\u0105 w ten spos\u00f3b bry\u0142\u0119 przestrzenn\u0105 mo\u017cna podda\u0107 analizie, w rezultacie kt\u00f3rej mo\u017cliwe jest uzyskanie modeli przestrzennych element\u00f3w\u00a0 i powierzchni.<\/p>\n<div class=\"gdlr-shortcode-wrapper\"><div class=\"clear\"><\/div><div class=\"gdlr-item gdlr-divider-item\"  ><div class=\"gdlr-divider solid\"  style=\"width: 100%;\" ><\/div><\/div><\/div>\n<div class=\"gdlr-frame-shortcode gdlr-align-left\"><div class=\"gdlr-frame frame-type-border\" > <div class=\"gdlr-image-link-shortcode\" style=\"max-width: 100%\" ><img decoding=\"async\" src=\"http:\/\/csi.panschelm.edu.pl\/wp-content\/uploads\/2020\/06\/Skaner-ultrad\u017awi\u0119kowy-i600-Acoustocam.jpg\" alt=\" \" \/><a href=\"http:\/\/csi.panschelm.edu.pl\/wp-content\/uploads\/2020\/06\/Skaner-ultrad\u017awi\u0119kowy-i600-Acoustocam.jpg\"  data-rel=\"fancybox\"  target=\"_blank\" ><span class=\"gdlr-image-link-overlay\">&nbsp;<\/span><span class=\"gdlr-image-link-icon\"><i class=\"fa fa-search\" ><\/i><\/span><\/a><\/div><\/div><span class=\"gdlr-frame-caption\">skaner ultrad\u017awi\u0119kowy i600 Acoustocam Imperium<\/span><\/div>\n<p>Skaner i600 jest mobilnym urz\u0105dzeniem, w kt\u00f3rym wykorzystuje si\u0119 obrazowanie ultrasonograficzne. AcoustoCam i600 s\u0142u\u017cy do przeprowadzania szybkich i dok\u0142adnych pomiar\u00f3w nieniszcz\u0105cych struktury r\u00f3\u017cnorodnych materia\u0142\u00f3w. W przeciwie\u0144stwie\u00a0 do konwencjonalnych technologii ultrad\u017awi\u0119kowych, opatentowana technologia Digital Acoustic Video (DAV) i prostota obs\u0142ugi znacz\u0105co u\u0142atwiaj\u0105 interpretacj\u0119 wynik\u00f3w, oraz obni\u017caj\u0105 koszty u\u017cytkowania. Technologia DAV pozwala na generowanie w czasie rzeczywistym ostrych, szczeg\u00f3\u0142owych obraz\u00f3w wad podpowierzchniowych, eliminuj\u0105c niepewno\u015bci zwi\u0105zan\u0105 z konwencjonalnymi ultra-d\u017awi\u0119kowymi obrazami B-scan. Obrazy\u00a0 C-scan pozwalaj\u0105 na otrzymywanie bardziej czytelnych wynik\u00f3w w formie rozk\u0142adu powierzchniowego w przeciwie\u0144stwie o obraz\u00f3w B-scan, kt\u00f3re tworz\u0105 wykres wynikowo.<\/p>\n<div class=\"gdlr-shortcode-wrapper\"><div class=\"clear\"><\/div><div class=\"gdlr-item gdlr-divider-item\"  ><div class=\"gdlr-divider solid\"  style=\"width: 100%;\" ><\/div><\/div><\/div>\n<div class=\"gdlr-frame-shortcode gdlr-align-left\"><div class=\"gdlr-frame frame-type-border\" > <div class=\"gdlr-image-link-shortcode\" style=\"max-width: 100%\" ><img decoding=\"async\" src=\"http:\/\/csi.panschelm.edu.pl\/wp-content\/uploads\/2020\/06\/Defektoskop-laserowy-Laser-Optical-Engineering-Ltd.jpg\" alt=\" \" \/><a href=\"http:\/\/csi.panschelm.edu.pl\/wp-content\/uploads\/2020\/06\/Defektoskop-laserowy-Laser-Optical-Engineering-Ltd.jpg\"  data-rel=\"fancybox\"  target=\"_blank\" ><span class=\"gdlr-image-link-overlay\">&nbsp;<\/span><span class=\"gdlr-image-link-icon\"><i class=\"fa fa-search\" ><\/i><\/span><\/a><\/div><\/div><span class=\"gdlr-frame-caption\">system wykrywania wad stosowany przy pomiarach szerograficznych Laser Optical Engineering Ltd<\/span><\/div>\n<p>S\u0142u\u017cy\u00a0 do szybkiego i jednoznacznego wykrywania wad, takich jak rozwarstwienia, p\u0119cherzyki powietrza czy wtr\u0105cenia obcych materia\u0142\u00f3w, kt\u00f3re przyczyniaj\u0105 si\u0119 do os\u0142abienia danego komponentu. Dzi\u0119ki temu poprzez podj\u0119cie dzia\u0142a\u0144 naprawczych na wczesnym etapie mo\u017cna zapobiec powa\u017cnym awariom.<\/p>\n","protected":false},"excerpt":{"rendered":"<p>Wyposa\u017cenie laboratorium: Mikrotomograf\u00a0 V\/tome\/x s umo\u017cliwia uzyskanie obraz\u00f3w tomograficznych (przekroj\u00f3w) badanego obiektu, a nast\u0119pnie przedstawia jego obraz przestrzenny (3D) z wielu uj\u0119\u0107 p\u0142askich (2D) wykonanych w r\u00f3\u017cnych po\u0142o\u017ceniach. Obrazy tomograficzne zawieraj\u0105 informacje o po\u0142o\u017ceniu i g\u0119sto\u015bci cech absorbuj\u0105cych w obiekcie kt\u00f3re s\u0105 wykorzystywane\u00a0 do rekonstrukcji danych przestrzennych. Urz\u0105dzenie ma zastosowanie w procesie mikro analiz 3D,&#8230; <\/p>\n<div class=\"clear\"><\/div>\n<p><a href=\"https:\/\/csi.panschelm.edu.pl\/?page_id=5037\" class=\"excerpt-read-more\">Czytaj wi\u0119cej<i class=\"fa fa-angle-double-right icon-double-angle-right\"><\/i><\/a><\/p>\n","protected":false},"author":1,"featured_media":0,"parent":0,"menu_order":0,"comment_status":"closed","ping_status":"closed","template":"","meta":{"footnotes":""},"class_list":["post-5037","page","type-page","status-publish","hentry"],"_links":{"self":[{"href":"https:\/\/csi.panschelm.edu.pl\/index.php?rest_route=\/wp\/v2\/pages\/5037","targetHints":{"allow":["GET"]}}],"collection":[{"href":"https:\/\/csi.panschelm.edu.pl\/index.php?rest_route=\/wp\/v2\/pages"}],"about":[{"href":"https:\/\/csi.panschelm.edu.pl\/index.php?rest_route=\/wp\/v2\/types\/page"}],"author":[{"embeddable":true,"href":"https:\/\/csi.panschelm.edu.pl\/index.php?rest_route=\/wp\/v2\/users\/1"}],"replies":[{"embeddable":true,"href":"https:\/\/csi.panschelm.edu.pl\/index.php?rest_route=%2Fwp%2Fv2%2Fcomments&post=5037"}],"version-history":[{"count":1,"href":"https:\/\/csi.panschelm.edu.pl\/index.php?rest_route=\/wp\/v2\/pages\/5037\/revisions"}],"predecessor-version":[{"id":5043,"href":"https:\/\/csi.panschelm.edu.pl\/index.php?rest_route=\/wp\/v2\/pages\/5037\/revisions\/5043"}],"wp:attachment":[{"href":"https:\/\/csi.panschelm.edu.pl\/index.php?rest_route=%2Fwp%2Fv2%2Fmedia&parent=5037"}],"curies":[{"name":"wp","href":"https:\/\/api.w.org\/{rel}","templated":true}]}}