{"id":5033,"date":"2020-06-25T08:28:51","date_gmt":"2020-06-25T06:28:51","guid":{"rendered":"http:\/\/csi.pwszchelm.edu.pl\/?page_id=5033"},"modified":"2020-06-25T08:28:51","modified_gmt":"2020-06-25T06:28:51","slug":"laboratorium-badan-mikroskopowych","status":"publish","type":"page","link":"https:\/\/csi.panschelm.edu.pl\/?page_id=5033","title":{"rendered":"Laboratorium Bada\u0144 Mikroskopowych"},"content":{"rendered":"<p><strong>Wyposa\u017cenie laboratorium:<\/strong><\/p>\n<div class=\"gdlr-shortcode-wrapper\"><div class=\"clear\"><\/div><div class=\"gdlr-item gdlr-divider-item\"  ><div class=\"gdlr-divider solid\"  style=\"width: 100%;\" ><\/div><\/div><\/div>\n<div class=\"gdlr-frame-shortcode gdlr-align-left\"><div class=\"gdlr-frame frame-type-border\" > <div class=\"gdlr-image-link-shortcode\" style=\"max-width: 100%\" ><img decoding=\"async\" src=\"http:\/\/csi.panschelm.edu.pl\/wp-content\/uploads\/2020\/06\/Mikroskop-pomiarowy-Hawk-Elite.png\" alt=\" \" \/><a href=\"http:\/\/csi.panschelm.edu.pl\/wp-content\/uploads\/2020\/06\/Mikroskop-pomiarowy-Hawk-Elite.png\"  data-rel=\"fancybox\"  target=\"_blank\" ><span class=\"gdlr-image-link-overlay\">&nbsp;<\/span><span class=\"gdlr-image-link-icon\"><i class=\"fa fa-search\" ><\/i><\/span><\/a><\/div><\/div><span class=\"gdlr-frame-caption\">Mikroskop pomiarowy Hawk Elite<\/span><\/div>\n<p>Tr\u00f3josiowy mikroskop pomiarowy Hawk Elite wyposa\u017cony w precyzyjny stolik pomiarowych o du\u017cym zakresie pomiarowym, umo\u017cliwiaj\u0105cy obserwacj\u0119 trudno mierzalnych element\u00f3w przy zachowaniu doskona\u0142ej widoczno\u015bci szczeg\u00f3\u0142\u00f3w. Jest to mikroskop mono\u00a0 z ma\u0142ym ekranem zamiast tradycyjnych okular\u00f3w, co zdecydowanie u\u0142atwia obserwacj\u0119, redukuje zm\u0119czenie wzroku i kr\u0119gos\u0142upa operatora, oraz co za tym idzie zmniejsza liczb\u0119 wadliwie zbadanych przedmiot\u00f3w. Ponadto pole obserwacji jest kilkadziesi\u0105t razy wi\u0119ksze\u00a0 ni\u017c w tradycyjnym mikroskopie okularowym.<\/p>\n<div class=\"gdlr-shortcode-wrapper\"><div class=\"clear\"><\/div><div class=\"gdlr-item gdlr-divider-item\"  ><div class=\"gdlr-divider solid\"  style=\"width: 100%;\" ><\/div><\/div><\/div>\n<div class=\"gdlr-frame-shortcode gdlr-align-left\"><div class=\"gdlr-frame frame-type-border\" > <div class=\"gdlr-image-link-shortcode\" style=\"max-width: 100%\" ><img decoding=\"async\" src=\"http:\/\/csi.panschelm.edu.pl\/wp-content\/uploads\/2020\/06\/Mikroskop-metalograficzny-Eclipse-MA200.jpg\" alt=\" \" \/><a href=\"http:\/\/csi.panschelm.edu.pl\/wp-content\/uploads\/2020\/06\/Mikroskop-metalograficzny-Eclipse-MA200.jpg\"  data-rel=\"fancybox\"  target=\"_blank\" ><span class=\"gdlr-image-link-overlay\">&nbsp;<\/span><span class=\"gdlr-image-link-icon\"><i class=\"fa fa-search\" ><\/i><\/span><\/a><\/div><\/div><span class=\"gdlr-frame-caption\">Mikroskop metalograficzny Eclipse MA200<\/span><\/div>\n<p>Mikroskop metalograficzny MA 200 jest urz\u0105dzeniem o konstrukcji odwr\u00f3conej, przydatnej zw\u0142aszcza\u00a0 w przypadku konieczno\u015bci badania pr\u00f3bek du\u017cych lub o nieregularnych kszta\u0142tach. Umo\u017cliwia stosowanie typowych technik badawczych, stosowanych w metalografii, jasne i ciemne pole, polaryzacja, kontrast interferencyjny Nomarskiego &#8211; DIC. Szeroki zakres obiektyw\u00f3w\u00a0 w po\u0142\u0105czeniu ze zmieniaczem powi\u0119ksze\u0144 zapewniaj\u0105 uzyskanie szerokiego zakresu powi\u0119ksze\u0144. Wyposa\u017cony jest w bezpo\u015bredni odczyt powi\u0119kszenia mikroskopu\u00a0 w komputerze &#8211; zar\u00f3wno powi\u0119kszenia obiektywu jak i po\u0142o\u017cenia zmieniacza powi\u0119ksze\u0144 (niezast\u0105piony dla analizy obrazu). Rozwi\u0105zania te powoduj\u0105, \u017ce jest to obecnie mikroskop\u00a0 o najnowocze\u015bniejszej ergonomii i komforcie pracy &#8211; umo\u017cliwia \u0142atwy dost\u0119p do pr\u00f3bki i szybkie sprawdzenie aktualnych ustawie\u0144 mikroskopu.<\/p>\n<p>&nbsp;<\/p>\n","protected":false},"excerpt":{"rendered":"<p>Wyposa\u017cenie laboratorium: Tr\u00f3josiowy mikroskop pomiarowy Hawk Elite wyposa\u017cony w precyzyjny stolik pomiarowych o du\u017cym zakresie pomiarowym, umo\u017cliwiaj\u0105cy obserwacj\u0119 trudno mierzalnych element\u00f3w przy zachowaniu doskona\u0142ej widoczno\u015bci szczeg\u00f3\u0142\u00f3w. Jest to mikroskop mono\u00a0 z ma\u0142ym ekranem zamiast tradycyjnych okular\u00f3w, co zdecydowanie u\u0142atwia obserwacj\u0119, redukuje zm\u0119czenie wzroku i kr\u0119gos\u0142upa operatora, oraz co za tym idzie zmniejsza liczb\u0119 wadliwie zbadanych&#8230; <\/p>\n<div class=\"clear\"><\/div>\n<p><a href=\"https:\/\/csi.panschelm.edu.pl\/?page_id=5033\" class=\"excerpt-read-more\">Czytaj wi\u0119cej<i class=\"fa fa-angle-double-right icon-double-angle-right\"><\/i><\/a><\/p>\n","protected":false},"author":1,"featured_media":0,"parent":0,"menu_order":0,"comment_status":"closed","ping_status":"closed","template":"","meta":{"footnotes":""},"class_list":["post-5033","page","type-page","status-publish","hentry"],"_links":{"self":[{"href":"https:\/\/csi.panschelm.edu.pl\/index.php?rest_route=\/wp\/v2\/pages\/5033","targetHints":{"allow":["GET"]}}],"collection":[{"href":"https:\/\/csi.panschelm.edu.pl\/index.php?rest_route=\/wp\/v2\/pages"}],"about":[{"href":"https:\/\/csi.panschelm.edu.pl\/index.php?rest_route=\/wp\/v2\/types\/page"}],"author":[{"embeddable":true,"href":"https:\/\/csi.panschelm.edu.pl\/index.php?rest_route=\/wp\/v2\/users\/1"}],"replies":[{"embeddable":true,"href":"https:\/\/csi.panschelm.edu.pl\/index.php?rest_route=%2Fwp%2Fv2%2Fcomments&post=5033"}],"version-history":[{"count":1,"href":"https:\/\/csi.panschelm.edu.pl\/index.php?rest_route=\/wp\/v2\/pages\/5033\/revisions"}],"predecessor-version":[{"id":5036,"href":"https:\/\/csi.panschelm.edu.pl\/index.php?rest_route=\/wp\/v2\/pages\/5033\/revisions\/5036"}],"wp:attachment":[{"href":"https:\/\/csi.panschelm.edu.pl\/index.php?rest_route=%2Fwp%2Fv2%2Fmedia&parent=5033"}],"curies":[{"name":"wp","href":"https:\/\/api.w.org\/{rel}","templated":true}]}}