{"id":5023,"date":"2020-06-25T08:20:30","date_gmt":"2020-06-25T06:20:30","guid":{"rendered":"http:\/\/csi.pwszchelm.edu.pl\/?page_id=5023"},"modified":"2020-07-09T07:56:45","modified_gmt":"2020-07-09T05:56:45","slug":"laboratorium-badan-manipulacyjnych","status":"publish","type":"page","link":"https:\/\/csi.panschelm.edu.pl\/?page_id=5023","title":{"rendered":"Laboratorium Bada\u0144 Manipulacyjnych"},"content":{"rendered":"<p><strong>Wyposa\u017cenie laboratorium:<\/strong><\/p>\n<ul>\n<li>robot przemys\u0142owy HP20F ze sterowaniem FS100 Yaskawa,<\/li>\n<li>robot przemys\u0142owy SIA20F ze sterowaniem FS100 Yaskawa,<\/li>\n<li>robot przemys\u0142owy MH5F ze sterowaniem FS100 Yaskawa.<\/li>\n<\/ul>\n<div class=\"gdlr-shortcode-wrapper\"><div class=\"clear\"><\/div><div class=\"gdlr-item gdlr-divider-item\"  ><div class=\"gdlr-divider solid\"  style=\"width: 100%;\" ><\/div><\/div><\/div>\n<div class=\"gdlr-frame-shortcode gdlr-align-left\"><div class=\"gdlr-frame frame-type-border\" > <div class=\"gdlr-image-link-shortcode\" style=\"max-width: 100%\" ><img decoding=\"async\" src=\"http:\/\/csi.panschelm.edu.pl\/wp-content\/uploads\/2020\/07\/1-218.jpg\" alt=\" \" \/><a href=\"http:\/\/csi.panschelm.edu.pl\/wp-content\/uploads\/2020\/07\/1-218.jpg\"  data-rel=\"fancybox\"  target=\"_blank\" ><span class=\"gdlr-image-link-overlay\">&nbsp;<\/span><span class=\"gdlr-image-link-icon\"><i class=\"fa fa-search\" ><\/i><\/span><\/a><\/div><\/div><span class=\"gdlr-frame-caption\">Robot przemys\u0142owy HP20F ze sterowaniem FS100<\/span><\/div>\n<p>zastosowanie robota:<\/p>\n<ul>\n<li>mocowanie r\u00f3\u017cnego rodzaju narz\u0119dzi za pomoc\u0105 ko\u0142nierza,<\/li>\n<li>monta\u017c kleszczy do zgrzewania punktowego,<\/li>\n<li>monta\u017c narz\u0119dzi do spawania \u0142ukowego,<\/li>\n<li>monta\u017c chwytak\u00f3w,<\/li>\n<li>obr\u00f3bki i transportu przedmiot\u00f3w obrabianych lub p\u00f3\u0142produkt\u00f3w.<\/li>\n<\/ul>\n<div class=\"gdlr-shortcode-wrapper\"><div class=\"clear\"><\/div><div class=\"gdlr-item gdlr-divider-item\"  ><div class=\"gdlr-divider solid\"  style=\"width: 100%;\" ><\/div><\/div><\/div>\n<div class=\"gdlr-frame-shortcode gdlr-align-left\"><div class=\"gdlr-frame frame-type-border\" > <div class=\"gdlr-image-link-shortcode\" style=\"max-width: 100%\" ><img decoding=\"async\" src=\"http:\/\/csi.panschelm.edu.pl\/wp-content\/uploads\/2020\/06\/image5.png\" alt=\" \" \/><a href=\"http:\/\/csi.panschelm.edu.pl\/wp-content\/uploads\/2020\/06\/image5.png\"  data-rel=\"fancybox\"  target=\"_blank\" ><span class=\"gdlr-image-link-overlay\">&nbsp;<\/span><span class=\"gdlr-image-link-icon\"><i class=\"fa fa-search\" ><\/i><\/span><\/a><\/div><\/div><span class=\"gdlr-frame-caption\">Robot przemys\u0142owy SIA20F ze sterowaniem FS100 <\/span><\/div>\n<p>Zastosowanie robota:<\/p>\n<ul>\n<li>mocowanie r\u00f3\u017cnego rodzaju narz\u0119dzi za pomoc\u0105 ko\u0142nierza,<\/li>\n<li>monta\u017c kleszczy do zgrzewania punktowego,<\/li>\n<li>monta\u017c narz\u0119dzi do spawania \u0142ukowego,<\/li>\n<li>monta\u017c chwytak\u00f3w,\u00a0 o obr\u00f3bki i transportu przedmiot\u00f3w obrabianych lub p\u00f3\u0142produkt\u00f3w.<\/li>\n<\/ul>\n<div class=\"gdlr-shortcode-wrapper\"><div class=\"clear\"><\/div><div class=\"gdlr-item gdlr-divider-item\"  ><div class=\"gdlr-divider solid\"  style=\"width: 100%;\" ><\/div><\/div><\/div>\n<div class=\"gdlr-frame-shortcode gdlr-align-left\"><div class=\"gdlr-frame frame-type-border\" > <div class=\"gdlr-image-link-shortcode\" style=\"max-width: 100%\" ><img decoding=\"async\" src=\"http:\/\/csi.panschelm.edu.pl\/wp-content\/uploads\/2020\/06\/Robot-przemys\u0142owy-MH5F-ze-sterowaniem-FS100.jpg\" alt=\" \" \/><a href=\"http:\/\/csi.panschelm.edu.pl\/wp-content\/uploads\/2020\/06\/Robot-przemys\u0142owy-MH5F-ze-sterowaniem-FS100.jpg\"  data-rel=\"fancybox\"  target=\"_blank\" ><span class=\"gdlr-image-link-overlay\">&nbsp;<\/span><span class=\"gdlr-image-link-icon\"><i class=\"fa fa-search\" ><\/i><\/span><\/a><\/div><\/div><span class=\"gdlr-frame-caption\">Robot przemys\u0142owy MH5F ze sterowaniem FS100<\/span><\/div>\n<p>Zastosowanie robota:<\/p>\n<ul>\n<li>mocowanie r\u00f3\u017cnego rodzaju narz\u0119dzi za pomoc\u0105 ko\u0142nierza,<\/li>\n<li>monta\u017c kleszczy do zgrzewania punktowego,<\/li>\n<li>monta\u017c narz\u0119dzi do spawania \u0142ukowego,<\/li>\n<li>monta\u017c chwytak\u00f3w,\u00a0 o obr\u00f3bki i transportu przedmiot\u00f3w obrabianych lub p\u00f3\u0142produkt\u00f3w.<\/li>\n<\/ul>\n","protected":false},"excerpt":{"rendered":"<p>Wyposa\u017cenie laboratorium: robot przemys\u0142owy HP20F ze sterowaniem FS100 Yaskawa, robot przemys\u0142owy SIA20F ze sterowaniem FS100 Yaskawa, robot przemys\u0142owy MH5F ze sterowaniem FS100 Yaskawa. zastosowanie robota: mocowanie r\u00f3\u017cnego rodzaju narz\u0119dzi za pomoc\u0105 ko\u0142nierza, monta\u017c kleszczy do zgrzewania punktowego, monta\u017c narz\u0119dzi do spawania \u0142ukowego, monta\u017c chwytak\u00f3w, obr\u00f3bki i transportu przedmiot\u00f3w obrabianych lub p\u00f3\u0142produkt\u00f3w. Zastosowanie robota: mocowanie r\u00f3\u017cnego&#8230; <\/p>\n<div class=\"clear\"><\/div>\n<p><a href=\"https:\/\/csi.panschelm.edu.pl\/?page_id=5023\" class=\"excerpt-read-more\">Czytaj wi\u0119cej<i class=\"fa fa-angle-double-right icon-double-angle-right\"><\/i><\/a><\/p>\n","protected":false},"author":1,"featured_media":0,"parent":0,"menu_order":0,"comment_status":"closed","ping_status":"closed","template":"","meta":{"footnotes":""},"class_list":["post-5023","page","type-page","status-publish","hentry"],"_links":{"self":[{"href":"https:\/\/csi.panschelm.edu.pl\/index.php?rest_route=\/wp\/v2\/pages\/5023","targetHints":{"allow":["GET"]}}],"collection":[{"href":"https:\/\/csi.panschelm.edu.pl\/index.php?rest_route=\/wp\/v2\/pages"}],"about":[{"href":"https:\/\/csi.panschelm.edu.pl\/index.php?rest_route=\/wp\/v2\/types\/page"}],"author":[{"embeddable":true,"href":"https:\/\/csi.panschelm.edu.pl\/index.php?rest_route=\/wp\/v2\/users\/1"}],"replies":[{"embeddable":true,"href":"https:\/\/csi.panschelm.edu.pl\/index.php?rest_route=%2Fwp%2Fv2%2Fcomments&post=5023"}],"version-history":[{"count":4,"href":"https:\/\/csi.panschelm.edu.pl\/index.php?rest_route=\/wp\/v2\/pages\/5023\/revisions"}],"predecessor-version":[{"id":5284,"href":"https:\/\/csi.panschelm.edu.pl\/index.php?rest_route=\/wp\/v2\/pages\/5023\/revisions\/5284"}],"wp:attachment":[{"href":"https:\/\/csi.panschelm.edu.pl\/index.php?rest_route=%2Fwp%2Fv2%2Fmedia&parent=5023"}],"curies":[{"name":"wp","href":"https:\/\/api.w.org\/{rel}","templated":true}]}}