{"id":5020,"date":"2020-06-25T08:16:33","date_gmt":"2020-06-25T06:16:33","guid":{"rendered":"http:\/\/csi.pwszchelm.edu.pl\/?page_id=5020"},"modified":"2020-06-25T08:16:45","modified_gmt":"2020-06-25T06:16:45","slug":"laboratorium-badan-korozyjnych","status":"publish","type":"page","link":"https:\/\/csi.panschelm.edu.pl\/?page_id=5020","title":{"rendered":"Laboratorium Bada\u0144 Korozyjnych"},"content":{"rendered":"<p><strong>Wyposa\u017cenie laboratorium:<\/strong><\/p>\n<div class=\"gdlr-shortcode-wrapper\"><div class=\"clear\"><\/div><div class=\"gdlr-item gdlr-divider-item\"  ><div class=\"gdlr-divider solid\"  style=\"width: 100%;\" ><\/div><\/div><\/div>\n<div class=\"gdlr-frame-shortcode gdlr-align-left\"><div class=\"gdlr-frame frame-type-border\" > <div class=\"gdlr-image-link-shortcode\" style=\"max-width: 100%\" ><img decoding=\"async\" src=\"http:\/\/csi.panschelm.edu.pl\/wp-content\/uploads\/2020\/06\/Komora-korozyjna.jpg\" alt=\" \" \/><a href=\"http:\/\/csi.panschelm.edu.pl\/wp-content\/uploads\/2020\/06\/Komora-korozyjna.jpg\"  data-rel=\"fancybox\"  target=\"_blank\" ><span class=\"gdlr-image-link-overlay\">&nbsp;<\/span><span class=\"gdlr-image-link-icon\"><i class=\"fa fa-search\" ><\/i><\/span><\/a><\/div><\/div><span class=\"gdlr-frame-caption\">komora korozyjna Q-FOG\/CCT600 Q-LAB. <\/span><\/div>\n<p>Komora Q-FOG CCT s\u0142u\u017cy do cyklicznych bada\u0144 korozyjnych symuluj\u0105cych naturalne procesy korozji w warunkach atmosferycznych. W komorze Q-FOG CCT, pr\u00f3bki nara\u017cone\u00a0 s\u0105 na dzia\u0142anie serii r\u00f3\u017cnych warunk\u00f3w \u015brodowiskowych w powtarzalnych cyklach na\u015bladuj\u0105cych warunki zewn\u0119trzne. Proste cykle, takie jak Prohesion, mog\u0105 zawiera\u0107 warunki sk\u0142adaj\u0105ce si\u0119 z mg\u0142y solnej, oraz cykli suchych. Komora umo\u017cliwia tak\u017ce prowadzenie bardziej skomplikowanych metody bada\u0144 w motoryzacji kt\u00f3re mog\u0105 wymaga\u0107 wieloetapowych cykli, kt\u00f3re obejmuj\u0105 wilgotno\u015b\u0107 lub kondensacj\u0119 pary wodnej razem z mg\u0142\u0105 soln\u0105 i cyklami suchymi.<\/p>\n<p>&nbsp;<\/p>\n","protected":false},"excerpt":{"rendered":"<p>Wyposa\u017cenie laboratorium: Komora Q-FOG CCT s\u0142u\u017cy do cyklicznych bada\u0144 korozyjnych symuluj\u0105cych naturalne procesy korozji w warunkach atmosferycznych. W komorze Q-FOG CCT, pr\u00f3bki nara\u017cone\u00a0 s\u0105 na dzia\u0142anie serii r\u00f3\u017cnych warunk\u00f3w \u015brodowiskowych w powtarzalnych cyklach na\u015bladuj\u0105cych warunki zewn\u0119trzne. Proste cykle, takie jak Prohesion, mog\u0105 zawiera\u0107 warunki sk\u0142adaj\u0105ce si\u0119 z mg\u0142y solnej, oraz cykli suchych. Komora umo\u017cliwia tak\u017ce&#8230; <\/p>\n<div class=\"clear\"><\/div>\n<p><a href=\"https:\/\/csi.panschelm.edu.pl\/?page_id=5020\" class=\"excerpt-read-more\">Czytaj wi\u0119cej<i class=\"fa fa-angle-double-right icon-double-angle-right\"><\/i><\/a><\/p>\n","protected":false},"author":1,"featured_media":0,"parent":0,"menu_order":0,"comment_status":"closed","ping_status":"closed","template":"","meta":{"footnotes":""},"class_list":["post-5020","page","type-page","status-publish","hentry"],"_links":{"self":[{"href":"https:\/\/csi.panschelm.edu.pl\/index.php?rest_route=\/wp\/v2\/pages\/5020","targetHints":{"allow":["GET"]}}],"collection":[{"href":"https:\/\/csi.panschelm.edu.pl\/index.php?rest_route=\/wp\/v2\/pages"}],"about":[{"href":"https:\/\/csi.panschelm.edu.pl\/index.php?rest_route=\/wp\/v2\/types\/page"}],"author":[{"embeddable":true,"href":"https:\/\/csi.panschelm.edu.pl\/index.php?rest_route=\/wp\/v2\/users\/1"}],"replies":[{"embeddable":true,"href":"https:\/\/csi.panschelm.edu.pl\/index.php?rest_route=%2Fwp%2Fv2%2Fcomments&post=5020"}],"version-history":[{"count":1,"href":"https:\/\/csi.panschelm.edu.pl\/index.php?rest_route=\/wp\/v2\/pages\/5020\/revisions"}],"predecessor-version":[{"id":5022,"href":"https:\/\/csi.panschelm.edu.pl\/index.php?rest_route=\/wp\/v2\/pages\/5020\/revisions\/5022"}],"wp:attachment":[{"href":"https:\/\/csi.panschelm.edu.pl\/index.php?rest_route=%2Fwp%2Fv2%2Fmedia&parent=5020"}],"curies":[{"name":"wp","href":"https:\/\/api.w.org\/{rel}","templated":true}]}}