{"id":5012,"date":"2020-06-25T08:07:10","date_gmt":"2020-06-25T06:07:10","guid":{"rendered":"http:\/\/csi.pwszchelm.edu.pl\/?page_id=5012"},"modified":"2020-06-25T08:08:39","modified_gmt":"2020-06-25T06:08:39","slug":"laboratorium-badan-emisji-spalin","status":"publish","type":"page","link":"https:\/\/csi.panschelm.edu.pl\/?page_id=5012","title":{"rendered":"Laboratorium Bada\u0144 Emisji Spalin"},"content":{"rendered":"<p><strong>Wyposa\u017cenie laboratorium:<\/strong><\/p>\n<div class=\"gdlr-shortcode-wrapper\"><div class=\"clear\"><\/div><div class=\"gdlr-item gdlr-divider-item\"  ><div class=\"gdlr-divider solid\"  style=\"width: 100%;\" ><\/div><\/div><\/div>\n<div class=\"gdlr-frame-shortcode gdlr-align-left\"><div class=\"gdlr-frame frame-type-border\" > <div class=\"gdlr-image-link-shortcode\" style=\"max-width: 100%\" ><img decoding=\"async\" src=\"http:\/\/csi.panschelm.edu.pl\/wp-content\/uploads\/2020\/06\/Analizator-spalin-BEA-350.png\" alt=\" \" \/><a href=\"http:\/\/csi.panschelm.edu.pl\/wp-content\/uploads\/2020\/06\/Analizator-spalin-BEA-350.png\"  data-rel=\"fancybox\"  target=\"_blank\" ><span class=\"gdlr-image-link-overlay\">&nbsp;<\/span><span class=\"gdlr-image-link-icon\"><i class=\"fa fa-search\" ><\/i><\/span><\/a><\/div><\/div><span class=\"gdlr-frame-caption\">Analizator spalin BEA 350<\/span><\/div>\n<p>Zestaw zawiera wielosk\u0142adnikowy analizator spalin BEA 250 i dymomierz optyczny BEA 150. BEA 250 jest nowoczesnym cyfrowym, wielokana\u0142owym analizatorem spalin samochodowych, przeznaczonym do pomiaru emisji spalin pojazd\u00f3w z silnikiem 2-suwowym\u00a0 i 4-suwowym o zap\u0142onie iskrowym (ZI). Dymomierz optyczny BEA 150 jest nowoczesnym przyrz\u0105dem cyfrowym, przeznaczonym do pomiaru zadymienia spalin pojazd\u00f3w z silnikiem\u00a0 ZS w warunkach swobodnego przy\u015bpieszania od pr\u0119dko\u015bci obrotowej biegu ja\u0142owego\u00a0 do maksymalnej pr\u0119dko\u015bci obrotowej.<\/p>\n<div class=\"gdlr-frame-shortcode gdlr-align-left\"><div class=\"gdlr-frame frame-type-border\" > <div class=\"gdlr-image-link-shortcode\" style=\"max-width: 100%\" ><img decoding=\"async\" src=\"http:\/\/csi.panschelm.edu.pl\/wp-content\/uploads\/2020\/06\/Chromatograf-gazowy.jpg\" alt=\" \" \/><a href=\"http:\/\/csi.panschelm.edu.pl\/wp-content\/uploads\/2020\/06\/Chromatograf-gazowy.jpg\"  data-rel=\"fancybox\"  target=\"_blank\" ><span class=\"gdlr-image-link-overlay\">&nbsp;<\/span><span class=\"gdlr-image-link-icon\"><i class=\"fa fa-search\" ><\/i><\/span><\/a><\/div><\/div><span class=\"gdlr-frame-caption\">Chromatograf gazowy 1310<\/span><\/div>\n<p>Chromatograf gazowy TRACE 1310 jest urz\u0105dzeniem sterowanym komputerowo, posiada unikalny system monta\u017cu dozownik\u00f3w i detektor\u00f3w typu \u201eInstant Connect\u201d zawieraj\u0105cy modu\u0142y detektora zintegrowane z systemem zasilania gazami. To dzi\u0119ki tej konstrukcji mo\u017cliwa\u00a0 jest zamiana dozownik\u00f3w, detektor\u00f3w lub konfigurowanie chromatografu w ci\u0105gu kilku minut. Precyzyjna regulacja przep\u0142yw\u00f3w zapewnia wysok\u0105 powtarzalno\u015b\u0107 czas\u00f3w retencji.<\/p>\n<p>Chromatograf mo\u017ce by\u0107 skonfigurowany z r\u00f3\u017cnymi typami dozownik\u00f3w, oraz detektor\u00f3w. Wsp\u00f3\u0142pracuje ze wszystkimi autosamplerami do cieczy i typu Head-Space, SPME oferowanymi przez Thermo Scientific.<\/p>\n","protected":false},"excerpt":{"rendered":"<p>Wyposa\u017cenie laboratorium: Zestaw zawiera wielosk\u0142adnikowy analizator spalin BEA 250 i dymomierz optyczny BEA 150. BEA 250 jest nowoczesnym cyfrowym, wielokana\u0142owym analizatorem spalin samochodowych, przeznaczonym do pomiaru emisji spalin pojazd\u00f3w z silnikiem 2-suwowym\u00a0 i 4-suwowym o zap\u0142onie iskrowym (ZI). Dymomierz optyczny BEA 150 jest nowoczesnym przyrz\u0105dem cyfrowym, przeznaczonym do pomiaru zadymienia spalin pojazd\u00f3w z silnikiem\u00a0 ZS&#8230; <\/p>\n<div class=\"clear\"><\/div>\n<p><a href=\"https:\/\/csi.panschelm.edu.pl\/?page_id=5012\" class=\"excerpt-read-more\">Czytaj wi\u0119cej<i class=\"fa fa-angle-double-right icon-double-angle-right\"><\/i><\/a><\/p>\n","protected":false},"author":1,"featured_media":0,"parent":0,"menu_order":0,"comment_status":"closed","ping_status":"closed","template":"","meta":{"footnotes":""},"class_list":["post-5012","page","type-page","status-publish","hentry"],"_links":{"self":[{"href":"https:\/\/csi.panschelm.edu.pl\/index.php?rest_route=\/wp\/v2\/pages\/5012","targetHints":{"allow":["GET"]}}],"collection":[{"href":"https:\/\/csi.panschelm.edu.pl\/index.php?rest_route=\/wp\/v2\/pages"}],"about":[{"href":"https:\/\/csi.panschelm.edu.pl\/index.php?rest_route=\/wp\/v2\/types\/page"}],"author":[{"embeddable":true,"href":"https:\/\/csi.panschelm.edu.pl\/index.php?rest_route=\/wp\/v2\/users\/1"}],"replies":[{"embeddable":true,"href":"https:\/\/csi.panschelm.edu.pl\/index.php?rest_route=%2Fwp%2Fv2%2Fcomments&post=5012"}],"version-history":[{"count":1,"href":"https:\/\/csi.panschelm.edu.pl\/index.php?rest_route=\/wp\/v2\/pages\/5012\/revisions"}],"predecessor-version":[{"id":5015,"href":"https:\/\/csi.panschelm.edu.pl\/index.php?rest_route=\/wp\/v2\/pages\/5012\/revisions\/5015"}],"wp:attachment":[{"href":"https:\/\/csi.panschelm.edu.pl\/index.php?rest_route=%2Fwp%2Fv2%2Fmedia&parent=5012"}],"curies":[{"name":"wp","href":"https:\/\/api.w.org\/{rel}","templated":true}]}}