{"id":4417,"date":"2019-09-16T10:01:45","date_gmt":"2019-09-16T08:01:45","guid":{"rendered":"http:\/\/csi.pwszchelm.edu.pl\/?page_id=4417"},"modified":"2022-05-16T10:02:14","modified_gmt":"2022-05-16T08:02:14","slug":"historia","status":"publish","type":"page","link":"https:\/\/csi.panschelm.edu.pl\/?page_id=4417","title":{"rendered":"Historia"},"content":{"rendered":"<p>Pa\u0144stwowa Wy\u017csza Szko\u0142a Zawodowa w Che\u0142mie dnia 16 maja 2022 roku zmieni\u0142a nazw\u0119 na Pa\u0144stwow\u0105 Akademi\u0119 Nauk Stosowanych.<\/p>\n<p style=\"text-align: justify;\">Centrum Studi\u00f3w In\u017cynierskich Pa\u0144stwowej Wy\u017cszej Szko\u0142y Zawodowej w Che\u0142mie, z lokalizacj\u0105 w Depu\u0142tyczach Kr\u00f3lewskich, powsta\u0142o w\u00a0ramach projektu pt.\u00a0<strong>\u201d<\/strong>Budowa Centrum Studi\u00f3w In\u017cynierskich Pa\u0144stwowej Wy\u017cszej Szko\u0142y Zawodowej w Che\u0142mie \u2013 CSI PWSZ w Che\u0142mie &#8211; etap I cz\u0119\u015b\u0107 1\u201d\u00a0, wsp\u00f3\u0142finansowanego ze\u00a0\u015brodk\u00f3w Europejskiego Funduszu Rozwoju Regionalnego w\u00a0ramach Programu Operacyjnego Rozwoju Polski Wschodniej 2007-2013, O\u015b\u00a0Priorytetowa I: Nowoczesna gospodarka, Dzia\u0142anie: 1.1 \u2013 Infrastruktura uczelni wy\u017cszych.<\/p>\n<p>Budowa Centrum Studi\u00f3w In\u017cynierskich PWSZ w Che\u0142mie podzielona zosta\u0142a na etapy, w\u00a0ramach finansowania ze\u00a0\u015brodk\u00f3w unijnych. W sk\u0142ad kompleksu budynk\u00f3w Centrum pocz\u0105tkowo wchodzi\u0142y Laboratoria Lotnicze oraz Laboratoria Mechaniki i Budowy Maszyn, funkcjonuj\u0105ce w\u00a0Instytucie Nauk Technicznych i Lotnictwa.<\/p>\n<p>Drugim etapem budowy by\u0142o stworzenie \u201eLaboratorium Budownictwa CSI PWSZ w Che\u0142mie\u201d finansowanego tak\u017ce ze\u00a0\u015brodk\u00f3w unijnych w\u00a0ramach Programu Operacyjnego Rozw\u00f3j Polski Wschodniej 2007-2013. Laboratorium Budownictwa prowadzi badania przemys\u0142owe, wypracowuje innowacyjne rozwi\u0105zania w dziedzinach technicznych: budownictwa, materia\u0142\u00f3w budowlanych, materia\u0142\u00f3w i nawierzchni drogowych, geodezji, geologii.<\/p>\n<p>Trzecim etapem budowy CSI PWSZ w Che\u0142mie by\u0142o stworzenie Laboratorium Bada\u0144 \u015arodowiskowych, kt\u00f3re powsta\u0142o w\u00a0ramach projektu pn.: \u201eLaboratorium bada\u0144 \u015brodowiskowych CSI PWSZ w Che\u0142mie\u201d. Projekt ten r\u00f3wnie\u017c zosta\u0142 wsp\u00f3\u0142finansowany ze\u00a0\u015brodk\u00f3w Europejskiego z Funduszu Rozwoju Regionalnego w\u00a0ramach Programu Operacyjnego Rozw\u00f3j Polski Wschodniej 2007-2013. Laboratorium Bada\u0144 \u015arodowiskowych prowadzi badania przemys\u0142owe, wypracowuje innowacyjne rozwi\u0105zania m.in. w nast\u0119puj\u0105cych obszarach: mechanika, lotnictwo, bran\u017ca samochodowa.<\/p>\n<p>Dzi\u015b Centrum Studi\u00f3w In\u017cynierskich PWSZ w Che\u0142mie to kompleks budynk\u00f3w, wyposa\u017conych w pot\u0119\u017cne zaplecze najnowocze\u015bniejszego sprz\u0119tu badawczego. W sk\u0142ad CSI PWSZ w Che\u0142mie wchodz\u0105 laboratoria funkcjonuj\u0105ce w\u00a0Instytucie Nauk Technicznych i Lotnictwa.<\/p>\n<p>Nale\u017c\u0105 do nich:<\/p>\n<ul>\n<li>Laboratoria Mechaniki i Budowy Maszyn<\/li>\n<li>Laboratoria Budownictwa<\/li>\n<li>Laboratoria Elektrotechniki<\/li>\n<li>Laboratorium Bada\u0144 \u015arodowiskowych<\/li>\n<li>Laboratoria Lotnicze<\/li>\n<\/ul>\n<p style=\"text-align: justify;\">Dzi\u0119ki ogromnym mo\u017cliwo\u015bciom sprz\u0119towym oraz wysoko wykwalifikowanej kadrze pracownik\u00f3w, Centrum Studi\u00f3w In\u017cynierskich PWSZ w Che\u0142mie ka\u017cdego roku kszta\u0142ci w nowoczesnych, technicznych kierunkach kszta\u0142cenia, takich jak Mechanika i budowa maszyn, Elektrotechnika\u00a0 i Budownictwo. Pomaga r\u00f3wnie\u017c studentom w wykonywaniu najbardziej skomplikowanych bada\u0144 w zakresie przygotowywania prac dyplomowych. Ponadto, Centrum Studi\u00f3w In\u017cynierskich PWSZ w Che\u0142mie oferuje mo\u017cliwo\u015b\u0107 wsp\u00f3\u0142pracy z firmami rozmaitych dziedzin przemys\u0142u.<\/p>\n<div class=\"gdlr-shortcode-wrapper\"><div class=\"gdlr-gallery-item gdlr-item\" ><div class=\"gallery-column three columns\"><div class=\"gallery-item\"><a href=\"https:\/\/csi.panschelm.edu.pl\/wp-content\/uploads\/2019\/09\/001.jpg\" data-fancybox-group=\"gdlr-gal-1\" data-rel=\"fancybox\" ><img loading=\"lazy\" decoding=\"async\" src=\"https:\/\/csi.panschelm.edu.pl\/wp-content\/uploads\/2019\/09\/001-150x150.jpg\" alt=\"\" width=\"150\" height=\"150\" \/><\/a><span class=\"gallery-caption\"><\/span><\/div><\/div><div class=\"gallery-column three columns\"><div class=\"gallery-item\"><a href=\"https:\/\/csi.panschelm.edu.pl\/wp-content\/uploads\/2019\/09\/003.jpg\" data-fancybox-group=\"gdlr-gal-1\" data-rel=\"fancybox\" ><img loading=\"lazy\" decoding=\"async\" src=\"https:\/\/csi.panschelm.edu.pl\/wp-content\/uploads\/2019\/09\/003-150x150.jpg\" alt=\"\" width=\"150\" height=\"150\" \/><\/a><span class=\"gallery-caption\"><\/span><\/div><\/div><div class=\"gallery-column three columns\"><div class=\"gallery-item\"><a href=\"https:\/\/csi.panschelm.edu.pl\/wp-content\/uploads\/2019\/09\/004.jpg\" data-fancybox-group=\"gdlr-gal-1\" data-rel=\"fancybox\" ><img loading=\"lazy\" decoding=\"async\" src=\"https:\/\/csi.panschelm.edu.pl\/wp-content\/uploads\/2019\/09\/004-150x150.jpg\" alt=\"\" width=\"150\" height=\"150\" \/><\/a><span class=\"gallery-caption\"><\/span><\/div><\/div><div class=\"gallery-column three columns\"><div class=\"gallery-item\"><a href=\"https:\/\/csi.panschelm.edu.pl\/wp-content\/uploads\/2019\/09\/005.jpg\" data-fancybox-group=\"gdlr-gal-1\" data-rel=\"fancybox\" ><img loading=\"lazy\" decoding=\"async\" src=\"https:\/\/csi.panschelm.edu.pl\/wp-content\/uploads\/2019\/09\/005-150x150.jpg\" alt=\"\" width=\"150\" height=\"150\" \/><\/a><span class=\"gallery-caption\"><\/span><\/div><\/div><div class=\"clear\"><\/div><div class=\"gallery-column three columns\"><div class=\"gallery-item\"><a href=\"https:\/\/csi.panschelm.edu.pl\/wp-content\/uploads\/2019\/09\/006.jpg\" data-fancybox-group=\"gdlr-gal-1\" data-rel=\"fancybox\" ><img loading=\"lazy\" decoding=\"async\" src=\"https:\/\/csi.panschelm.edu.pl\/wp-content\/uploads\/2019\/09\/006-150x150.jpg\" alt=\"\" width=\"150\" height=\"150\" \/><\/a><span class=\"gallery-caption\"><\/span><\/div><\/div><div class=\"gallery-column three columns\"><div class=\"gallery-item\"><a href=\"https:\/\/csi.panschelm.edu.pl\/wp-content\/uploads\/2019\/09\/007.jpg\" data-fancybox-group=\"gdlr-gal-1\" data-rel=\"fancybox\" ><img loading=\"lazy\" decoding=\"async\" src=\"https:\/\/csi.panschelm.edu.pl\/wp-content\/uploads\/2019\/09\/007-150x150.jpg\" alt=\"\" width=\"150\" height=\"150\" \/><\/a><span class=\"gallery-caption\"><\/span><\/div><\/div><div class=\"gallery-column three columns\"><div class=\"gallery-item\"><a href=\"https:\/\/csi.panschelm.edu.pl\/wp-content\/uploads\/2019\/09\/008.jpg\" data-fancybox-group=\"gdlr-gal-1\" data-rel=\"fancybox\" ><img loading=\"lazy\" decoding=\"async\" src=\"https:\/\/csi.panschelm.edu.pl\/wp-content\/uploads\/2019\/09\/008-150x150.jpg\" alt=\"\" width=\"150\" height=\"150\" \/><\/a><span class=\"gallery-caption\"><\/span><\/div><\/div><div class=\"gallery-column three columns\"><div class=\"gallery-item\"><a href=\"https:\/\/csi.panschelm.edu.pl\/wp-content\/uploads\/2019\/09\/009.jpg\" data-fancybox-group=\"gdlr-gal-1\" data-rel=\"fancybox\" ><img loading=\"lazy\" decoding=\"async\" src=\"https:\/\/csi.panschelm.edu.pl\/wp-content\/uploads\/2019\/09\/009-150x150.jpg\" alt=\"\" width=\"150\" height=\"150\" \/><\/a><span class=\"gallery-caption\"><\/span><\/div><\/div><div class=\"clear\"><\/div><div class=\"gallery-column three columns\"><div class=\"gallery-item\"><a href=\"https:\/\/csi.panschelm.edu.pl\/wp-content\/uploads\/2019\/09\/010.jpg\" data-fancybox-group=\"gdlr-gal-1\" data-rel=\"fancybox\" ><img loading=\"lazy\" decoding=\"async\" src=\"https:\/\/csi.panschelm.edu.pl\/wp-content\/uploads\/2019\/09\/010-150x150.jpg\" alt=\"\" width=\"150\" height=\"150\" \/><\/a><span class=\"gallery-caption\"><\/span><\/div><\/div><div class=\"gallery-column three columns\"><div class=\"gallery-item\"><a href=\"https:\/\/csi.panschelm.edu.pl\/wp-content\/uploads\/2019\/09\/011.jpg\" data-fancybox-group=\"gdlr-gal-1\" data-rel=\"fancybox\" ><img loading=\"lazy\" decoding=\"async\" src=\"https:\/\/csi.panschelm.edu.pl\/wp-content\/uploads\/2019\/09\/011-150x150.jpg\" alt=\"\" width=\"150\" height=\"150\" \/><\/a><span class=\"gallery-caption\"><\/span><\/div><\/div><div class=\"gallery-column three columns\"><div class=\"gallery-item\"><a href=\"https:\/\/csi.panschelm.edu.pl\/wp-content\/uploads\/2019\/09\/012.jpg\" data-fancybox-group=\"gdlr-gal-1\" data-rel=\"fancybox\" ><img loading=\"lazy\" decoding=\"async\" src=\"https:\/\/csi.panschelm.edu.pl\/wp-content\/uploads\/2019\/09\/012-150x150.jpg\" alt=\"\" width=\"150\" height=\"150\" \/><\/a><span class=\"gallery-caption\"><\/span><\/div><\/div><div class=\"gallery-column three columns\"><div class=\"gallery-item\"><a href=\"https:\/\/csi.panschelm.edu.pl\/wp-content\/uploads\/2019\/09\/013.jpg\" data-fancybox-group=\"gdlr-gal-1\" data-rel=\"fancybox\" ><img loading=\"lazy\" decoding=\"async\" src=\"https:\/\/csi.panschelm.edu.pl\/wp-content\/uploads\/2019\/09\/013-150x150.jpg\" alt=\"\" width=\"150\" height=\"150\" \/><\/a><span class=\"gallery-caption\"><\/span><\/div><\/div><div class=\"clear\"><\/div><div class=\"gallery-column three columns\"><div class=\"gallery-item\"><a href=\"https:\/\/csi.panschelm.edu.pl\/wp-content\/uploads\/2019\/09\/014.jpg\" data-fancybox-group=\"gdlr-gal-1\" data-rel=\"fancybox\" ><img loading=\"lazy\" decoding=\"async\" src=\"https:\/\/csi.panschelm.edu.pl\/wp-content\/uploads\/2019\/09\/014-150x150.jpg\" alt=\"\" width=\"150\" height=\"150\" \/><\/a><span class=\"gallery-caption\"><\/span><\/div><\/div><div class=\"gallery-column three columns\"><div class=\"gallery-item\"><a href=\"https:\/\/csi.panschelm.edu.pl\/wp-content\/uploads\/2019\/09\/015.jpg\" data-fancybox-group=\"gdlr-gal-1\" data-rel=\"fancybox\" ><img loading=\"lazy\" decoding=\"async\" src=\"https:\/\/csi.panschelm.edu.pl\/wp-content\/uploads\/2019\/09\/015-150x150.jpg\" alt=\"\" width=\"150\" height=\"150\" \/><\/a><span class=\"gallery-caption\"><\/span><\/div><\/div><div class=\"gallery-column three columns\"><div class=\"gallery-item\"><a href=\"https:\/\/csi.panschelm.edu.pl\/wp-content\/uploads\/2019\/09\/016.jpg\" data-fancybox-group=\"gdlr-gal-1\" data-rel=\"fancybox\" ><img loading=\"lazy\" decoding=\"async\" src=\"https:\/\/csi.panschelm.edu.pl\/wp-content\/uploads\/2019\/09\/016-150x150.jpg\" alt=\"\" width=\"150\" height=\"150\" \/><\/a><span class=\"gallery-caption\"><\/span><\/div><\/div><div class=\"gallery-column three columns\"><div class=\"gallery-item\"><a href=\"https:\/\/csi.panschelm.edu.pl\/wp-content\/uploads\/2019\/09\/017.jpg\" data-fancybox-group=\"gdlr-gal-1\" data-rel=\"fancybox\" ><img loading=\"lazy\" decoding=\"async\" src=\"https:\/\/csi.panschelm.edu.pl\/wp-content\/uploads\/2019\/09\/017-150x150.jpg\" alt=\"\" width=\"150\" height=\"150\" \/><\/a><span class=\"gallery-caption\"><\/span><\/div><\/div><div class=\"clear\"><\/div><div class=\"gallery-column three columns\"><div class=\"gallery-item\"><a href=\"https:\/\/csi.panschelm.edu.pl\/wp-content\/uploads\/2019\/09\/018.jpg\" data-fancybox-group=\"gdlr-gal-1\" data-rel=\"fancybox\" ><img loading=\"lazy\" decoding=\"async\" src=\"https:\/\/csi.panschelm.edu.pl\/wp-content\/uploads\/2019\/09\/018-150x150.jpg\" alt=\"\" width=\"150\" height=\"150\" \/><\/a><span class=\"gallery-caption\"><\/span><\/div><\/div><div class=\"gallery-column three columns\"><div class=\"gallery-item\"><a href=\"https:\/\/csi.panschelm.edu.pl\/wp-content\/uploads\/2019\/09\/019.jpg\" data-fancybox-group=\"gdlr-gal-1\" data-rel=\"fancybox\" ><img loading=\"lazy\" decoding=\"async\" src=\"https:\/\/csi.panschelm.edu.pl\/wp-content\/uploads\/2019\/09\/019-150x150.jpg\" alt=\"\" width=\"150\" height=\"150\" \/><\/a><span class=\"gallery-caption\"><\/span><\/div><\/div><div class=\"gallery-column three columns\"><div class=\"gallery-item\"><a href=\"https:\/\/csi.panschelm.edu.pl\/wp-content\/uploads\/2019\/09\/020.jpg\" data-fancybox-group=\"gdlr-gal-1\" data-rel=\"fancybox\" ><img loading=\"lazy\" decoding=\"async\" src=\"https:\/\/csi.panschelm.edu.pl\/wp-content\/uploads\/2019\/09\/020-150x150.jpg\" alt=\"\" width=\"150\" height=\"150\" \/><\/a><span class=\"gallery-caption\"><\/span><\/div><\/div><div class=\"gallery-column three columns\"><div class=\"gallery-item\"><a href=\"https:\/\/csi.panschelm.edu.pl\/wp-content\/uploads\/2019\/09\/021.jpg\" data-fancybox-group=\"gdlr-gal-1\" data-rel=\"fancybox\" ><img loading=\"lazy\" decoding=\"async\" src=\"https:\/\/csi.panschelm.edu.pl\/wp-content\/uploads\/2019\/09\/021-150x150.jpg\" alt=\"\" width=\"150\" height=\"150\" \/><\/a><span class=\"gallery-caption\"><\/span><\/div><\/div><div class=\"clear\"><\/div><div class=\"gallery-column three columns\"><div class=\"gallery-item\"><a href=\"https:\/\/csi.panschelm.edu.pl\/wp-content\/uploads\/2019\/09\/022.jpg\" data-fancybox-group=\"gdlr-gal-1\" data-rel=\"fancybox\" ><img loading=\"lazy\" decoding=\"async\" src=\"https:\/\/csi.panschelm.edu.pl\/wp-content\/uploads\/2019\/09\/022-150x150.jpg\" alt=\"\" width=\"150\" height=\"150\" \/><\/a><span class=\"gallery-caption\"><\/span><\/div><\/div><div class=\"gallery-column three columns\"><div class=\"gallery-item\"><a href=\"https:\/\/csi.panschelm.edu.pl\/wp-content\/uploads\/2019\/09\/023.jpg\" data-fancybox-group=\"gdlr-gal-1\" data-rel=\"fancybox\" ><img loading=\"lazy\" decoding=\"async\" src=\"https:\/\/csi.panschelm.edu.pl\/wp-content\/uploads\/2019\/09\/023-150x150.jpg\" alt=\"\" width=\"150\" height=\"150\" \/><\/a><span class=\"gallery-caption\"><\/span><\/div><\/div><div class=\"gallery-column three columns\"><div class=\"gallery-item\"><a href=\"https:\/\/csi.panschelm.edu.pl\/wp-content\/uploads\/2019\/09\/024.jpg\" data-fancybox-group=\"gdlr-gal-1\" data-rel=\"fancybox\" ><img loading=\"lazy\" decoding=\"async\" src=\"https:\/\/csi.panschelm.edu.pl\/wp-content\/uploads\/2019\/09\/024-150x150.jpg\" alt=\"\" width=\"150\" height=\"150\" \/><\/a><span class=\"gallery-caption\"><\/span><\/div><\/div><div class=\"gallery-column three columns\"><div class=\"gallery-item\"><a href=\"https:\/\/csi.panschelm.edu.pl\/wp-content\/uploads\/2019\/09\/025.jpg\" data-fancybox-group=\"gdlr-gal-1\" data-rel=\"fancybox\" ><img loading=\"lazy\" decoding=\"async\" src=\"https:\/\/csi.panschelm.edu.pl\/wp-content\/uploads\/2019\/09\/025-150x150.jpg\" alt=\"\" width=\"150\" height=\"150\" \/><\/a><span class=\"gallery-caption\"><\/span><\/div><\/div><div class=\"clear\"><\/div><div class=\"gallery-column three columns\"><div class=\"gallery-item\"><a href=\"https:\/\/csi.panschelm.edu.pl\/wp-content\/uploads\/2019\/09\/026.jpg\" data-fancybox-group=\"gdlr-gal-1\" data-rel=\"fancybox\" ><img loading=\"lazy\" decoding=\"async\" src=\"https:\/\/csi.panschelm.edu.pl\/wp-content\/uploads\/2019\/09\/026-150x150.jpg\" alt=\"\" width=\"150\" height=\"150\" \/><\/a><span class=\"gallery-caption\"><\/span><\/div><\/div><div class=\"gallery-column three columns\"><div class=\"gallery-item\"><a href=\"https:\/\/csi.panschelm.edu.pl\/wp-content\/uploads\/2019\/09\/027.jpg\" data-fancybox-group=\"gdlr-gal-1\" data-rel=\"fancybox\" ><img loading=\"lazy\" decoding=\"async\" src=\"https:\/\/csi.panschelm.edu.pl\/wp-content\/uploads\/2019\/09\/027-150x150.jpg\" alt=\"\" width=\"150\" height=\"150\" \/><\/a><span class=\"gallery-caption\"><\/span><\/div><\/div><div class=\"gallery-column three columns\"><div class=\"gallery-item\"><a href=\"https:\/\/csi.panschelm.edu.pl\/wp-content\/uploads\/2019\/09\/028.jpg\" data-fancybox-group=\"gdlr-gal-1\" data-rel=\"fancybox\" ><img loading=\"lazy\" decoding=\"async\" src=\"https:\/\/csi.panschelm.edu.pl\/wp-content\/uploads\/2019\/09\/028-150x150.jpg\" alt=\"\" width=\"150\" height=\"150\" \/><\/a><span class=\"gallery-caption\"><\/span><\/div><\/div><div class=\"gallery-column three columns\"><div class=\"gallery-item\"><a href=\"https:\/\/csi.panschelm.edu.pl\/wp-content\/uploads\/2019\/09\/029.jpg\" data-fancybox-group=\"gdlr-gal-1\" data-rel=\"fancybox\" ><img loading=\"lazy\" decoding=\"async\" src=\"https:\/\/csi.panschelm.edu.pl\/wp-content\/uploads\/2019\/09\/029-150x150.jpg\" alt=\"\" width=\"150\" height=\"150\" \/><\/a><span class=\"gallery-caption\"><\/span><\/div><\/div><div class=\"clear\"><\/div><div class=\"gallery-column three columns\"><div class=\"gallery-item\"><a href=\"https:\/\/csi.panschelm.edu.pl\/wp-content\/uploads\/2019\/09\/030.jpg\" data-fancybox-group=\"gdlr-gal-1\" data-rel=\"fancybox\" ><img loading=\"lazy\" decoding=\"async\" src=\"https:\/\/csi.panschelm.edu.pl\/wp-content\/uploads\/2019\/09\/030-150x150.jpg\" alt=\"\" width=\"150\" height=\"150\" \/><\/a><span class=\"gallery-caption\"><\/span><\/div><\/div><div class=\"gallery-column three columns\"><div class=\"gallery-item\"><a href=\"https:\/\/csi.panschelm.edu.pl\/wp-content\/uploads\/2019\/09\/031.jpg\" data-fancybox-group=\"gdlr-gal-1\" data-rel=\"fancybox\" ><img loading=\"lazy\" decoding=\"async\" src=\"https:\/\/csi.panschelm.edu.pl\/wp-content\/uploads\/2019\/09\/031-150x150.jpg\" alt=\"\" width=\"150\" height=\"150\" \/><\/a><span class=\"gallery-caption\"><\/span><\/div><\/div><div class=\"gallery-column three columns\"><div class=\"gallery-item\"><a href=\"https:\/\/csi.panschelm.edu.pl\/wp-content\/uploads\/2019\/09\/032.jpg\" data-fancybox-group=\"gdlr-gal-1\" data-rel=\"fancybox\" ><img loading=\"lazy\" decoding=\"async\" src=\"https:\/\/csi.panschelm.edu.pl\/wp-content\/uploads\/2019\/09\/032-150x150.jpg\" alt=\"\" width=\"150\" height=\"150\" \/><\/a><span class=\"gallery-caption\"><\/span><\/div><\/div><div class=\"gallery-column three columns\"><div class=\"gallery-item\"><a href=\"https:\/\/csi.panschelm.edu.pl\/wp-content\/uploads\/2019\/09\/033.jpg\" data-fancybox-group=\"gdlr-gal-1\" data-rel=\"fancybox\" ><img loading=\"lazy\" decoding=\"async\" src=\"https:\/\/csi.panschelm.edu.pl\/wp-content\/uploads\/2019\/09\/033-150x150.jpg\" alt=\"\" width=\"150\" height=\"150\" \/><\/a><span class=\"gallery-caption\"><\/span><\/div><\/div><div class=\"clear\"><\/div><div class=\"gallery-column three columns\"><div class=\"gallery-item\"><a href=\"https:\/\/csi.panschelm.edu.pl\/wp-content\/uploads\/2019\/09\/034.jpg\" data-fancybox-group=\"gdlr-gal-1\" data-rel=\"fancybox\" ><img loading=\"lazy\" decoding=\"async\" src=\"https:\/\/csi.panschelm.edu.pl\/wp-content\/uploads\/2019\/09\/034-150x150.jpg\" alt=\"\" width=\"150\" height=\"150\" \/><\/a><span class=\"gallery-caption\"><\/span><\/div><\/div><div class=\"gallery-column three columns\"><div class=\"gallery-item\"><a href=\"https:\/\/csi.panschelm.edu.pl\/wp-content\/uploads\/2019\/09\/035.jpg\" data-fancybox-group=\"gdlr-gal-1\" data-rel=\"fancybox\" ><img loading=\"lazy\" decoding=\"async\" src=\"https:\/\/csi.panschelm.edu.pl\/wp-content\/uploads\/2019\/09\/035-150x150.jpg\" alt=\"\" width=\"150\" height=\"150\" \/><\/a><span class=\"gallery-caption\"><\/span><\/div><\/div><div class=\"gallery-column three columns\"><div class=\"gallery-item\"><a href=\"https:\/\/csi.panschelm.edu.pl\/wp-content\/uploads\/2019\/09\/036.jpg\" data-fancybox-group=\"gdlr-gal-1\" data-rel=\"fancybox\" ><img loading=\"lazy\" decoding=\"async\" src=\"https:\/\/csi.panschelm.edu.pl\/wp-content\/uploads\/2019\/09\/036-150x150.jpg\" alt=\"\" width=\"150\" height=\"150\" \/><\/a><span class=\"gallery-caption\"><\/span><\/div><\/div><div class=\"clear\"><\/div><\/div><\/div>\n","protected":false},"excerpt":{"rendered":"<p>Pa\u0144stwowa Wy\u017csza Szko\u0142a Zawodowa w Che\u0142mie dnia 16 maja 2022 roku zmieni\u0142a nazw\u0119 na Pa\u0144stwow\u0105 Akademi\u0119 Nauk Stosowanych. Centrum Studi\u00f3w In\u017cynierskich Pa\u0144stwowej Wy\u017cszej Szko\u0142y Zawodowej w Che\u0142mie, z lokalizacj\u0105 w Depu\u0142tyczach Kr\u00f3lewskich, powsta\u0142o w\u00a0ramach projektu pt.\u00a0\u201dBudowa Centrum Studi\u00f3w In\u017cynierskich Pa\u0144stwowej Wy\u017cszej Szko\u0142y Zawodowej w Che\u0142mie \u2013 CSI PWSZ w Che\u0142mie &#8211; etap I cz\u0119\u015b\u0107 1\u201d\u00a0,&#8230; <\/p>\n<div class=\"clear\"><\/div>\n<p><a href=\"https:\/\/csi.panschelm.edu.pl\/?page_id=4417\" class=\"excerpt-read-more\">Czytaj wi\u0119cej<i class=\"fa fa-angle-double-right icon-double-angle-right\"><\/i><\/a><\/p>\n","protected":false},"author":1,"featured_media":0,"parent":0,"menu_order":0,"comment_status":"closed","ping_status":"closed","template":"","meta":{"footnotes":""},"class_list":["post-4417","page","type-page","status-publish","hentry"],"_links":{"self":[{"href":"https:\/\/csi.panschelm.edu.pl\/index.php?rest_route=\/wp\/v2\/pages\/4417","targetHints":{"allow":["GET"]}}],"collection":[{"href":"https:\/\/csi.panschelm.edu.pl\/index.php?rest_route=\/wp\/v2\/pages"}],"about":[{"href":"https:\/\/csi.panschelm.edu.pl\/index.php?rest_route=\/wp\/v2\/types\/page"}],"author":[{"embeddable":true,"href":"https:\/\/csi.panschelm.edu.pl\/index.php?rest_route=\/wp\/v2\/users\/1"}],"replies":[{"embeddable":true,"href":"https:\/\/csi.panschelm.edu.pl\/index.php?rest_route=%2Fwp%2Fv2%2Fcomments&post=4417"}],"version-history":[{"count":10,"href":"https:\/\/csi.panschelm.edu.pl\/index.php?rest_route=\/wp\/v2\/pages\/4417\/revisions"}],"predecessor-version":[{"id":5471,"href":"https:\/\/csi.panschelm.edu.pl\/index.php?rest_route=\/wp\/v2\/pages\/4417\/revisions\/5471"}],"wp:attachment":[{"href":"https:\/\/csi.panschelm.edu.pl\/index.php?rest_route=%2Fwp%2Fv2%2Fmedia&parent=4417"}],"curies":[{"name":"wp","href":"https:\/\/api.w.org\/{rel}","templated":true}]}}