{"id":4296,"date":"2019-09-13T09:28:30","date_gmt":"2019-09-13T07:28:30","guid":{"rendered":"http:\/\/csi.pwszchelm.edu.pl\/?page_id=4296"},"modified":"2025-07-09T08:32:01","modified_gmt":"2025-07-09T06:32:01","slug":"procedura-finansowania-prac-dyplomowych","status":"publish","type":"page","link":"https:\/\/csi.panschelm.edu.pl\/?page_id=4296","title":{"rendered":"Procedura finansowania prac dyplomowych"},"content":{"rendered":"<p><strong>Niezb\u0119dne dokumenty:<\/strong><\/p>\n<ul>\n<li><a href=\"\/wp-content\/uploads\/2025\/07\/FPD-Procedura-finansowania-prac-dyplomowych-2025.docx\">Procedura finansowania prac (docx)<\/a><\/li>\n<li><a href=\"\/wp-content\/uploads\/2025\/07\/FPD-Procedura-finansowania-prac-dyplomowych-2025.pdf\">Procedura finansowania prac (pdf)<\/a><\/li>\n<li><a href=\"\/wp-content\/uploads\/2025\/07\/FPD_Refundacja-kosztow-2025.docx\">Refundacja koszt\u00f3w &#8211; praca dyplomowa (docx)<\/a><\/li>\n<li><a href=\"\/wp-content\/uploads\/2025\/07\/FPD_Refundacja-kosztow-2025.pdf\">Refundacja koszt\u00f3w &#8211; praca dyplomowa (pdf)<\/a><\/li>\n<li><a href=\"\/wp-content\/uploads\/2025\/07\/FPD_Spis-faktur-2025.docx\">Spis faktur (docx)<\/a><\/li>\n<li><a href=\"\/wp-content\/uploads\/2025\/07\/FPD_Spis-faktur-2025.pdf\">Spis faktur (pdf)<\/a><\/li>\n<li><a href=\"\/wp-content\/uploads\/2025\/07\/FPD_Wniosek-do-Dyrektora-2025.docx\">Wniosek do Dyrektora (docx)<\/a><\/li>\n<li><a href=\"\/wp-content\/uploads\/2025\/07\/FPD_Wniosek-do-Dyrektora-2025.pdf\">Wniosek do Dyrektora (pdf)<\/a><\/li>\n<li><a href=\"\/wp-content\/uploads\/2025\/07\/FPD_Wzor-kosztorysu-2025.docx\">Wz\u00f3r kosztorysu (docx)<\/a><\/li>\n<li><a href=\"\/wp-content\/uploads\/2025\/07\/FPD_Wzor-kosztorysu-2025.pdf\">Wz\u00f3r kosztorysu (pdf)<\/a><\/li>\n<\/ul>\n","protected":false},"excerpt":{"rendered":"<p>Niezb\u0119dne dokumenty: Procedura finansowania prac (docx) Procedura finansowania prac (pdf) Refundacja koszt\u00f3w &#8211; praca dyplomowa (docx) Refundacja koszt\u00f3w &#8211; praca dyplomowa (pdf) Spis faktur (docx) Spis faktur (pdf) Wniosek do Dyrektora (docx) Wniosek do Dyrektora (pdf) Wz\u00f3r kosztorysu (docx) Wz\u00f3r kosztorysu (pdf)<\/p>\n","protected":false},"author":1,"featured_media":0,"parent":0,"menu_order":0,"comment_status":"closed","ping_status":"closed","template":"","meta":{"footnotes":""},"class_list":["post-4296","page","type-page","status-publish","hentry"],"_links":{"self":[{"href":"https:\/\/csi.panschelm.edu.pl\/index.php?rest_route=\/wp\/v2\/pages\/4296","targetHints":{"allow":["GET"]}}],"collection":[{"href":"https:\/\/csi.panschelm.edu.pl\/index.php?rest_route=\/wp\/v2\/pages"}],"about":[{"href":"https:\/\/csi.panschelm.edu.pl\/index.php?rest_route=\/wp\/v2\/types\/page"}],"author":[{"embeddable":true,"href":"https:\/\/csi.panschelm.edu.pl\/index.php?rest_route=\/wp\/v2\/users\/1"}],"replies":[{"embeddable":true,"href":"https:\/\/csi.panschelm.edu.pl\/index.php?rest_route=%2Fwp%2Fv2%2Fcomments&post=4296"}],"version-history":[{"count":10,"href":"https:\/\/csi.panschelm.edu.pl\/index.php?rest_route=\/wp\/v2\/pages\/4296\/revisions"}],"predecessor-version":[{"id":5648,"href":"https:\/\/csi.panschelm.edu.pl\/index.php?rest_route=\/wp\/v2\/pages\/4296\/revisions\/5648"}],"wp:attachment":[{"href":"https:\/\/csi.panschelm.edu.pl\/index.php?rest_route=%2Fwp%2Fv2%2Fmedia&parent=4296"}],"curies":[{"name":"wp","href":"https:\/\/api.w.org\/{rel}","templated":true}]}}