{"id":4286,"date":"2019-09-13T09:00:38","date_gmt":"2019-09-13T07:00:38","guid":{"rendered":"http:\/\/csi.pwszchelm.edu.pl\/?page_id=4286"},"modified":"2020-06-18T11:26:37","modified_gmt":"2020-06-18T09:26:37","slug":"laboratorium-fizyki","status":"publish","type":"page","link":"https:\/\/csi.panschelm.edu.pl\/?page_id=4286","title":{"rendered":"Laboratorium Fizyki"},"content":{"rendered":"<div class=\"gdlr-frame-shortcode gdlr-align-left\"><div class=\"gdlr-frame frame-type-border\" > <div class=\"gdlr-image-link-shortcode\" style=\"max-width: 100%\" ><img decoding=\"async\" src=\"http:\/\/csi.panschelm.edu.pl\/wp-content\/uploads\/2020\/06\/GAB_3249.jpg\" alt=\" \" \/><a href=\"http:\/\/csi.panschelm.edu.pl\/wp-content\/uploads\/2020\/06\/GAB_3249.jpg\"  data-rel=\"fancybox\"  target=\"_blank\" ><span class=\"gdlr-image-link-overlay\">&nbsp;<\/span><span class=\"gdlr-image-link-icon\"><i class=\"fa fa-search\" ><\/i><\/span><\/a><\/div><\/div><span class=\"gdlr-frame-caption\">Laboratorium Fizyki<\/span><\/div>\n<div class=\"gdlr-shortcode-wrapper\"><div class=\"clear\"><\/div><div class=\"gdlr-item gdlr-divider-item\"  ><div class=\"gdlr-divider solid\"  style=\"width: 100%;\" ><\/div><\/div><\/div>\n<p>Studenci w ramach zaj\u0119\u0107 laboratoryjnych wykonuj\u0105 \u0107wiczenia z zakresu:<\/p>\n<ul>\n<li>zasad dynamiki i zasady zachowania p\u0119du z wykorzystaniem toru powietrznego i fotobramki,<\/li>\n<li>optyki geometrycznej i falowej przy u\u017cyciu uk\u0142adu optycznego, lasera oraz siatek dyfrakcyjnych,<\/li>\n<li>ciep\u0142a w\u0142a\u015bciwego substancji w oparciu o kalorymetr,<\/li>\n<li>lepko\u015bci cieczy z wykorzystaniem wiskozymetru Hopplera,<\/li>\n<li>detekcji mikrofal z wykorzystaniem lampy klistronowej i sondy detekcyjnej,<\/li>\n<li>w\u0142asno\u015bci spr\u0119\u017cystych cia\u0142 sta\u0142ych z u\u017cyciem wahad\u0142a spr\u0119\u017cynowego,<\/li>\n<li>ultrad\u017awi\u0119k\u00f3w z wykorzystaniem generatora i oscyloskopu.<\/li>\n<\/ul>\n<p>&nbsp;<\/p>\n<p>Wykonywaniu pomiar\u00f3w towarzyszy obliczanie niepewno\u015bci pomiarowej otrzymanych wynik\u00f3w.<\/p>\n","protected":false},"excerpt":{"rendered":"<p>Studenci w ramach zaj\u0119\u0107 laboratoryjnych wykonuj\u0105 \u0107wiczenia z zakresu: zasad dynamiki i zasady zachowania p\u0119du z wykorzystaniem toru powietrznego i fotobramki, optyki geometrycznej i falowej przy u\u017cyciu uk\u0142adu optycznego, lasera oraz siatek dyfrakcyjnych, ciep\u0142a w\u0142a\u015bciwego substancji w oparciu o kalorymetr, lepko\u015bci cieczy z wykorzystaniem wiskozymetru Hopplera, detekcji mikrofal z wykorzystaniem lampy klistronowej i sondy detekcyjnej,&#8230; <\/p>\n<div class=\"clear\"><\/div>\n<p><a href=\"https:\/\/csi.panschelm.edu.pl\/?page_id=4286\" class=\"excerpt-read-more\">Czytaj wi\u0119cej<i class=\"fa fa-angle-double-right icon-double-angle-right\"><\/i><\/a><\/p>\n","protected":false},"author":1,"featured_media":4287,"parent":0,"menu_order":0,"comment_status":"closed","ping_status":"closed","template":"","meta":{"footnotes":""},"class_list":["post-4286","page","type-page","status-publish","has-post-thumbnail","hentry"],"_links":{"self":[{"href":"https:\/\/csi.panschelm.edu.pl\/index.php?rest_route=\/wp\/v2\/pages\/4286","targetHints":{"allow":["GET"]}}],"collection":[{"href":"https:\/\/csi.panschelm.edu.pl\/index.php?rest_route=\/wp\/v2\/pages"}],"about":[{"href":"https:\/\/csi.panschelm.edu.pl\/index.php?rest_route=\/wp\/v2\/types\/page"}],"author":[{"embeddable":true,"href":"https:\/\/csi.panschelm.edu.pl\/index.php?rest_route=\/wp\/v2\/users\/1"}],"replies":[{"embeddable":true,"href":"https:\/\/csi.panschelm.edu.pl\/index.php?rest_route=%2Fwp%2Fv2%2Fcomments&post=4286"}],"version-history":[{"count":3,"href":"https:\/\/csi.panschelm.edu.pl\/index.php?rest_route=\/wp\/v2\/pages\/4286\/revisions"}],"predecessor-version":[{"id":4832,"href":"https:\/\/csi.panschelm.edu.pl\/index.php?rest_route=\/wp\/v2\/pages\/4286\/revisions\/4832"}],"wp:featuredmedia":[{"embeddable":true,"href":"https:\/\/csi.panschelm.edu.pl\/index.php?rest_route=\/wp\/v2\/media\/4287"}],"wp:attachment":[{"href":"https:\/\/csi.panschelm.edu.pl\/index.php?rest_route=%2Fwp%2Fv2%2Fmedia&parent=4286"}],"curies":[{"name":"wp","href":"https:\/\/api.w.org\/{rel}","templated":true}]}}