{"id":4282,"date":"2019-09-13T08:58:40","date_gmt":"2019-09-13T06:58:40","guid":{"rendered":"http:\/\/csi.pwszchelm.edu.pl\/?page_id=4282"},"modified":"2020-06-18T11:24:01","modified_gmt":"2020-06-18T09:24:01","slug":"laboratorium-chemii","status":"publish","type":"page","link":"https:\/\/csi.panschelm.edu.pl\/?page_id=4282","title":{"rendered":"Laboratorium Chemii"},"content":{"rendered":"<div class=\"gdlr-frame-shortcode gdlr-align-left\"><div class=\"gdlr-frame frame-type-border\" > <div class=\"gdlr-image-link-shortcode\" style=\"max-width: 100%\" ><img decoding=\"async\" src=\"http:\/\/csi.panschelm.edu.pl\/wp-content\/uploads\/2020\/06\/GAB_3270.jpg\" alt=\" \" \/><a href=\"http:\/\/csi.panschelm.edu.pl\/wp-content\/uploads\/2020\/06\/GAB_3270.jpg\"  data-rel=\"fancybox\"  target=\"_blank\" ><span class=\"gdlr-image-link-overlay\">&nbsp;<\/span><span class=\"gdlr-image-link-icon\"><i class=\"fa fa-search\" ><\/i><\/span><\/a><\/div><\/div><span class=\"gdlr-frame-caption\">Laboratorium Chemii<\/span><\/div>\n<div class=\"gdlr-shortcode-wrapper\"><div class=\"clear\"><\/div><div class=\"gdlr-item gdlr-divider-item\"  ><div class=\"gdlr-divider solid\"  style=\"width: 100%;\" ><\/div><\/div><\/div>\n<p>Laboratorium Chemii\u00a0 wyposa\u017cone jest w wysokiej klasy sprz\u0119t laboratoryjny: wagi analityczne z automatyczn\u0105 kalibracj\u0105 wewn\u0119trzn\u0105, biurety cyfrowe VITLA, pipety automatyczne, konduktometry CC &#8211; 101, pehametry CP &#8211; 41 i CP &#8211; 101, wraz z elektrodami kombinowanymi, woltomierze &#8211; Multimetr Cyfrowy z mechanicznym zabezpieczeniem przed b\u0142\u0119dem obs\u0142ugi ST &#8211; 2009, zestawy do elektrolizy, demineralizator HLP 10 z pomp\u0105 membranow\u0105, prostowniki, p\u0142yty grzejne z funkcj\u0105 mieszania, palnik Bunsena oraz \u0142a\u017ani\u0119 wodn\u0105. Ponadto, laboratorium wyposa\u017cone jest w podstawowe szk\u0142o laboratoryjne oraz odczynniki niezb\u0119dne do realizacji zaj\u0119\u0107 praktycznych z chemii nieorganicznej (analiza jako\u015bciowa i ilo\u015bciowa), organicznej oraz biochemii i chemii rolnej.<\/p>\n<p>Pracownia chemii funkcjonuje zgodnie ze wszystkimi obowi\u0105zuj\u0105cymi przepisami BHP.<br \/>\nW laboratorium znajduje si\u0119 dygestorium, kt\u00f3re pozwala bezpiecznie wykonywa\u0107 do\u015bwiadczenia z zastosowaniem st\u0119\u017conych zwi\u0105zk\u00f3w chemicznych oraz reakcje podczas kt\u00f3rych wydzielaj\u0105 si\u0119 lotne zwi\u0105zki.<\/p>\n<p>Zaj\u0119cia odbywaj\u0105 si\u0119 w ma\u0142ych grupach laboratoryjnych (maksymalnie 15 osobowych), co zapewnia studentom komfort zdobywania umiej\u0119tno\u015bci analitycznych oraz przeprowadzanie do\u015bwiadcze\u0144 i analiz chemicznych technikami laboratoryjnymi. Podczas zaj\u0119\u0107 studenci zdobywaj\u0105 wiedz\u0119 z zakresu przemian chemicznych zachodz\u0105cych w przyrodzie oraz uzyskuj\u0105 umiej\u0119tno\u015b\u0107 wykorzystania podstaw chemii i biochemii w innych naukach.<\/p>\n","protected":false},"excerpt":{"rendered":"<p>Laboratorium Chemii\u00a0 wyposa\u017cone jest w wysokiej klasy sprz\u0119t laboratoryjny: wagi analityczne z automatyczn\u0105 kalibracj\u0105 wewn\u0119trzn\u0105, biurety cyfrowe VITLA, pipety automatyczne, konduktometry CC &#8211; 101, pehametry CP &#8211; 41 i CP &#8211; 101, wraz z elektrodami kombinowanymi, woltomierze &#8211; Multimetr Cyfrowy z mechanicznym zabezpieczeniem przed b\u0142\u0119dem obs\u0142ugi ST &#8211; 2009, zestawy do elektrolizy, demineralizator HLP 10&#8230; <\/p>\n<div class=\"clear\"><\/div>\n<p><a href=\"https:\/\/csi.panschelm.edu.pl\/?page_id=4282\" class=\"excerpt-read-more\">Czytaj wi\u0119cej<i class=\"fa fa-angle-double-right icon-double-angle-right\"><\/i><\/a><\/p>\n","protected":false},"author":1,"featured_media":4283,"parent":0,"menu_order":0,"comment_status":"closed","ping_status":"closed","template":"","meta":{"footnotes":""},"class_list":["post-4282","page","type-page","status-publish","has-post-thumbnail","hentry"],"_links":{"self":[{"href":"https:\/\/csi.panschelm.edu.pl\/index.php?rest_route=\/wp\/v2\/pages\/4282","targetHints":{"allow":["GET"]}}],"collection":[{"href":"https:\/\/csi.panschelm.edu.pl\/index.php?rest_route=\/wp\/v2\/pages"}],"about":[{"href":"https:\/\/csi.panschelm.edu.pl\/index.php?rest_route=\/wp\/v2\/types\/page"}],"author":[{"embeddable":true,"href":"https:\/\/csi.panschelm.edu.pl\/index.php?rest_route=\/wp\/v2\/users\/1"}],"replies":[{"embeddable":true,"href":"https:\/\/csi.panschelm.edu.pl\/index.php?rest_route=%2Fwp%2Fv2%2Fcomments&post=4282"}],"version-history":[{"count":3,"href":"https:\/\/csi.panschelm.edu.pl\/index.php?rest_route=\/wp\/v2\/pages\/4282\/revisions"}],"predecessor-version":[{"id":4829,"href":"https:\/\/csi.panschelm.edu.pl\/index.php?rest_route=\/wp\/v2\/pages\/4282\/revisions\/4829"}],"wp:featuredmedia":[{"embeddable":true,"href":"https:\/\/csi.panschelm.edu.pl\/index.php?rest_route=\/wp\/v2\/media\/4283"}],"wp:attachment":[{"href":"https:\/\/csi.panschelm.edu.pl\/index.php?rest_route=%2Fwp%2Fv2%2Fmedia&parent=4282"}],"curies":[{"name":"wp","href":"https:\/\/api.w.org\/{rel}","templated":true}]}}