{"id":4276,"date":"2019-09-13T08:56:25","date_gmt":"2019-09-13T06:56:25","guid":{"rendered":"http:\/\/csi.pwszchelm.edu.pl\/?page_id=4276"},"modified":"2020-06-17T13:16:01","modified_gmt":"2020-06-17T11:16:01","slug":"laboratorium-inzynierii-materialowej","status":"publish","type":"page","link":"https:\/\/csi.panschelm.edu.pl\/?page_id=4276","title":{"rendered":"Laboratorium In\u017cynierii Materia\u0142owej"},"content":{"rendered":"<p><img loading=\"lazy\" decoding=\"async\" class=\"aligncenter wp-image-4277 size-full\" src=\"http:\/\/csi.panschelm.edu.pl\/wp-content\/uploads\/2019\/09\/8.1.jpg\" alt=\"\" width=\"3000\" height=\"1992\" srcset=\"https:\/\/csi.panschelm.edu.pl\/wp-content\/uploads\/2019\/09\/8.1.jpg 3000w, https:\/\/csi.panschelm.edu.pl\/wp-content\/uploads\/2019\/09\/8.1-300x199.jpg 300w, https:\/\/csi.panschelm.edu.pl\/wp-content\/uploads\/2019\/09\/8.1-768x510.jpg 768w, https:\/\/csi.panschelm.edu.pl\/wp-content\/uploads\/2019\/09\/8.1-1024x680.jpg 1024w\" sizes=\"auto, (max-width: 3000px) 100vw, 3000px\" \/><\/p>\n<p>W Laboratorium In\u017cynierii Materia\u0142owej znajduje si\u0119 szereg urz\u0105dze\u0144,\u00a0 kt\u00f3rye umo\u017cliwiaj\u0105 studentom zbadanie w\u0142a\u015bciwo\u015bci u\u017cytkowych danego materia\u0142u takich jak: odporno\u015b\u0107 na \u015bcieranie, twardo\u015b\u0107 materia\u0142u, sk\u0142ad chemiczny materia\u0142u (niezb\u0119dny w przypadku kiedy nie wiemy z jakim materia\u0142em mamy styczno\u015b\u0107), struktur\u0119 powierzchni materia\u0142u. Defektoskopia pozwala na zbadanie przedmiotu, w kt\u00f3rym podejrzewamy uszkodzenie niewidoczne organoleptycznie.<\/p>\n<p>Informacje na temat w\u0142a\u015bciwo\u015bci materia\u0142u niezb\u0119dne s\u0105 przy konstruowaniu cz\u0119\u015bci do maszyn, obr\u00f3bki cieplnej, cieplno-chemicznej, obrabianiu materia\u0142u.<\/p>\n<h3 class=\"gdlr-heading-shortcode \"  style=\"font-size: 24px;font-weight: normal;\" >Wyposa\u017cenie:<\/h3>\n<div class=\"clear\"><\/div><div class=\"gdlr-space\" style=\"margin-top: 40px;\"><\/div>\n<div class=\"gdlr-frame-shortcode gdlr-align-left\"><div class=\"gdlr-frame frame-type-border\" > <div class=\"gdlr-image-link-shortcode\" style=\"max-width: 100%\" ><img decoding=\"async\" src=\"\/wp-content\/uploads\/2019\/09\/spektrometr-emisyjny-spectro-do-analiz-metali.png\" alt=\" \" \/><a href=\"\/wp-content\/uploads\/2019\/09\/spektrometr-emisyjny-spectro-do-analiz-metali.png\"  data-rel=\"fancybox\"  target=\"_blank\" ><span class=\"gdlr-image-link-overlay\">&nbsp;<\/span><span class=\"gdlr-image-link-icon\"><i class=\"fa fa-search\" ><\/i><\/span><\/a><\/div><\/div><span class=\"gdlr-frame-caption\">Spektrometr emisyjny Spectro do analiz sk\u0142adu chemicznego metali<\/span><\/div>\n<p>Spektrometr s\u0142u\u017cy do identyfikacji sk\u0142adu chemicznego stali i aluminium. Wykrywa 21 pierwiastk\u00f3w zawartych w materiale, kt\u00f3re s\u0105 automatycznie wy\u015bwietlane na ekranie monitora\u00a0 i por\u00f3wnane z baz\u0105 danych sk\u0142ad\u00f3w chemicznych metali zapisanych w urz\u0105dzeniu. Znajduje zastosowanie w kontroli materia\u0142\u00f3w do produkcji, kontroli gotowych wyrob\u00f3w, analizie p\u00f3\u0142produkt\u00f3w, oraz recyklingu. Urz\u0105dzenie posiada zasilanie akumulatorowe i sieciowe.<\/p>\n<div class=\"gdlr-shortcode-wrapper\"><div class=\"clear\"><\/div><div class=\"gdlr-item gdlr-divider-item\"  ><div class=\"gdlr-divider solid\"  style=\"width: 100%;\" ><\/div><\/div><\/div>\n<div class=\"gdlr-frame-shortcode gdlr-align-left\"><div class=\"gdlr-frame frame-type-border\" > <div class=\"gdlr-image-link-shortcode\" style=\"max-width: 100%\" ><img decoding=\"async\" src=\"\/wp-content\/uploads\/2019\/09\/trybotester-stosowany-do-pomiarow-scieralnosci-t-01m.png\" alt=\" \" \/><a href=\"\/wp-content\/uploads\/2019\/09\/trybotester-stosowany-do-pomiarow-scieralnosci-t-01m.png\"  data-rel=\"fancybox\"  target=\"_blank\" ><span class=\"gdlr-image-link-overlay\">&nbsp;<\/span><span class=\"gdlr-image-link-icon\"><i class=\"fa fa-search\" ><\/i><\/span><\/a><\/div><\/div><span class=\"gdlr-frame-caption\">Trybotester stosowany do pomiar\u00f3w \u015bcieralno\u015bci T-01M <\/span><\/div>\n<p>Tester T-01M przeznaczony jest do oceny w\u0142a\u015bciwo\u015bci tribologicznych materia\u0142\u00f3w. Za pomoc\u0105 T01M mo\u017ce by\u0107 okre\u015blona odporno\u015b\u0107 na zu\u017cycie i wsp\u00f3\u0142czynnik tarcia materia\u0142u przy wsp\u00f3\u0142pracy \u015blizgowej w zale\u017cno\u015bci od pr\u0119dko\u015bci po\u015blizgu, nacisk\u00f3w powierzchniowych, obecno\u015bci i rodzaju \u015brodka smarowego, zanieczyszcze\u0144 i innych czynnik\u00f3w. Tester T-01M pozwala na prowadzenie bada\u0144 zgodnie z metodami okre\u015blonymi w normach ASTM G99, oraz DIN 50324.<\/p>\n<div class=\"gdlr-shortcode-wrapper\"><div class=\"clear\"><\/div><div class=\"gdlr-item gdlr-divider-item\"  ><div class=\"gdlr-divider solid\"  style=\"width: 100%;\" ><\/div><\/div><\/div>\n<div class=\"gdlr-frame-shortcode gdlr-align-left\"><div class=\"gdlr-frame frame-type-border\" > <div class=\"gdlr-image-link-shortcode\" style=\"max-width: 100%\" ><img decoding=\"async\" src=\"http:\/\/csi.panschelm.edu.pl\/wp-content\/uploads\/2020\/06\/Mikroskop-metalograficzny-Nikon-.in\u017c.-materia\u0142owa.jpg\" alt=\" \" \/><a href=\"http:\/\/csi.panschelm.edu.pl\/wp-content\/uploads\/2020\/06\/Mikroskop-metalograficzny-Nikon-.in\u017c.-materia\u0142owa.jpg\"  data-rel=\"fancybox\"  target=\"_blank\" ><span class=\"gdlr-image-link-overlay\">&nbsp;<\/span><span class=\"gdlr-image-link-icon\"><i class=\"fa fa-search\" ><\/i><\/span><\/a><\/div><\/div><span class=\"gdlr-frame-caption\">Laboratoryjny mikroskop metalograficzny w uk\u0142adzie odwr\u00f3conym<\/span><\/div>\n<p>Laboratoryjny mikroskop metalograficzny w uk\u0142adzie odwr\u00f3conym. Zaprojektowany \u00a0do pracy w \u015bwietle odbitym. Zapewnia obserwacj\u0119 w \u015bwietle bia\u0142ym w jasnym polu i w prostej polaryzacji. Posiada profesjonalne oprogramowanie do analizy oraz edycji obrazu. Kamera zapewnia wysokiej jako\u015bci zapis obrazu.<\/p>\n<div class=\"gdlr-shortcode-wrapper\"><div class=\"clear\"><\/div><div class=\"gdlr-item gdlr-divider-item\"  ><div class=\"gdlr-divider solid\"  style=\"width: 100%;\" ><\/div><\/div><\/div>\n<div class=\"gdlr-frame-shortcode gdlr-align-left\"><div class=\"gdlr-frame frame-type-border\" > <div class=\"gdlr-image-link-shortcode\" style=\"max-width: 100%\" ><img decoding=\"async\" src=\"http:\/\/csi.panschelm.edu.pl\/wp-content\/uploads\/2020\/06\/Mikroskop-metalograficzny-odwr\u00f3cony-Nikon.-in\u017c.-materia\u0142owa.jpg\" alt=\" \" \/><a href=\"http:\/\/csi.panschelm.edu.pl\/wp-content\/uploads\/2020\/06\/Mikroskop-metalograficzny-odwr\u00f3cony-Nikon.-in\u017c.-materia\u0142owa.jpg\"  data-rel=\"fancybox\"  target=\"_blank\" ><span class=\"gdlr-image-link-overlay\">&nbsp;<\/span><span class=\"gdlr-image-link-icon\"><i class=\"fa fa-search\" ><\/i><\/span><\/a><\/div><\/div><span class=\"gdlr-frame-caption\">Mikroskop metalograficzny XJP-6 <\/span><\/div>\n<p>Mikroskop metalograficzny XJP-6 mo\u017ce by\u0107 stosowany w fabrykach, szko\u0142ach\u00a0 i instytutach naukowych do identyfikacji i analizy mikrostruktur metali wszystkich rodzaj\u00f3w stop\u00f3w. Jest idealnym narz\u0119dziem do bada\u0144 materia\u0142\u00f3w metalowych, sprawdzania odlew\u00f3w\u00a0\u00a0 analizy metalograficznej metalizowanych materia\u0142\u00f3w. Badania mechanizm\u00f3w przemian fazowych.<\/p>\n<div class=\"gdlr-shortcode-wrapper\"><div class=\"clear\"><\/div><div class=\"gdlr-item gdlr-divider-item\"  ><div class=\"gdlr-divider solid\"  style=\"width: 100%;\" ><\/div><\/div><\/div>\n<div class=\"gdlr-frame-shortcode gdlr-align-left\"><div class=\"gdlr-frame frame-type-border\" > <div class=\"gdlr-image-link-shortcode\" style=\"max-width: 100%\" ><img decoding=\"async\" src=\"http:\/\/csi.panschelm.edu.pl\/wp-content\/uploads\/2020\/06\/Mikrotwardo\u015bciomierz-Wilson-Wolpert-Tukon-2500-1.jpg\" alt=\" \" \/><a href=\"http:\/\/csi.panschelm.edu.pl\/wp-content\/uploads\/2020\/06\/Mikrotwardo\u015bciomierz-Wilson-Wolpert-Tukon-2500-1.jpg\"  data-rel=\"fancybox\"  target=\"_blank\" ><span class=\"gdlr-image-link-overlay\">&nbsp;<\/span><span class=\"gdlr-image-link-icon\"><i class=\"fa fa-search\" ><\/i><\/span><\/a><\/div><\/div><span class=\"gdlr-frame-caption\">Mikrotwardo\u015bciomierz Tukon 2500<\/span><\/div>\n<p>Mikrotwardo\u015bciomerz przeprowadza pomiar twardo\u015bci metod\u0105 Vickersa i Knoopa. Posiada wielofunkcyjne oprogramowanie, cyfrow\u0105 kamer\u0119 5MP, automatyczny pomiar oraz autofocus. Przeprowadza pomiary wielopunktowego rozk\u0142adu twardo\u015bci.<\/p>\n<div class=\"gdlr-shortcode-wrapper\"><div class=\"clear\"><\/div><div class=\"gdlr-item gdlr-divider-item\"  ><div class=\"gdlr-divider solid\"  style=\"width: 100%;\" ><\/div><\/div><\/div>\n<div class=\"gdlr-frame-shortcode gdlr-align-left\"><div class=\"gdlr-frame frame-type-border\" > <div class=\"gdlr-image-link-shortcode\" style=\"max-width: 100%\" ><img decoding=\"async\" src=\"http:\/\/csi.panschelm.edu.pl\/wp-content\/uploads\/2020\/06\/Prasa-do-inkludowania-pr\u00f3bek-Sinwon.-in\u017c.-materia\u0142owa.jpg\" alt=\" \" \/><a href=\"http:\/\/csi.panschelm.edu.pl\/wp-content\/uploads\/2020\/06\/Prasa-do-inkludowania-pr\u00f3bek-Sinwon.-in\u017c.-materia\u0142owa.jpg\"  data-rel=\"fancybox\"  target=\"_blank\" ><span class=\"gdlr-image-link-overlay\">&nbsp;<\/span><span class=\"gdlr-image-link-icon\"><i class=\"fa fa-search\" ><\/i><\/span><\/a><\/div><\/div><span class=\"gdlr-frame-caption\">Prasa MP1-22 <\/span><\/div>\n<p>Prasa MP1-22 jest zaprojektowana do wykonywania typowych pr\u00f3bek metalograficznych. Temperatura jest ustawiana za pomoc\u0105 cyfrowego kontrolera. Inne w\u0142a\u015bciwo\u015bci pozostaj\u0105 sta\u0142e.<\/p>\n<div class=\"gdlr-shortcode-wrapper\"><div class=\"clear\"><\/div><div class=\"gdlr-item gdlr-divider-item\"  ><div class=\"gdlr-divider solid\"  style=\"width: 100%;\" ><\/div><\/div><\/div>\n<div class=\"gdlr-frame-shortcode gdlr-align-left\"><div class=\"gdlr-frame frame-type-border\" > <div class=\"gdlr-image-link-shortcode\" style=\"max-width: 100%\" ><img decoding=\"async\" src=\"http:\/\/csi.panschelm.edu.pl\/wp-content\/uploads\/2020\/06\/Suszarka-laboratoryjna-POL-ECO.-in\u017c.-materia\u0142owa.jpg\" alt=\" \" \/><a href=\"http:\/\/csi.panschelm.edu.pl\/wp-content\/uploads\/2020\/06\/Suszarka-laboratoryjna-POL-ECO.-in\u017c.-materia\u0142owa.jpg\"  data-rel=\"fancybox\"  target=\"_blank\" ><span class=\"gdlr-image-link-overlay\">&nbsp;<\/span><span class=\"gdlr-image-link-icon\"><i class=\"fa fa-search\" ><\/i><\/span><\/a><\/div><\/div><span class=\"gdlr-frame-caption\">Suszarka laboratoryjna SLW 115 STD <\/span><\/div>\n<p>Suszarka laboratoryjna SLW 115 STD pozwala na utrzymanie\u00a0 temperatury wy\u017cszej zadanej ni\u017c temperatura otoczenia. Zastosowanie ma w procesie suszenia element\u00f3w malowanych oraz lakierowanych, sterylizowanie element\u00f3w mi\u0119dzy strefami czyst\u0105 i brudn\u0105, suszenia element\u00f3w na linii produkcyjnej. (suszarka laboratoryjna)<\/p>\n<div class=\"gdlr-shortcode-wrapper\"><div class=\"clear\"><\/div><div class=\"gdlr-item gdlr-divider-item\"  ><div class=\"gdlr-divider solid\"  style=\"width: 100%;\" ><\/div><\/div><\/div>\n<div class=\"gdlr-frame-shortcode gdlr-align-left\"><div class=\"gdlr-frame frame-type-border\" > <div class=\"gdlr-image-link-shortcode\" style=\"max-width: 100%\" ><img decoding=\"async\" src=\"http:\/\/csi.panschelm.edu.pl\/wp-content\/uploads\/2020\/06\/twardosciomierze.jpg\" alt=\" \" \/><a href=\"http:\/\/csi.panschelm.edu.pl\/wp-content\/uploads\/2020\/06\/twardosciomierze.jpg\"  data-rel=\"fancybox\"  target=\"_blank\" ><span class=\"gdlr-image-link-overlay\">&nbsp;<\/span><span class=\"gdlr-image-link-icon\"><i class=\"fa fa-search\" ><\/i><\/span><\/a><\/div><\/div><span class=\"gdlr-frame-caption\">Twardo\u015bciomierze: Brinella 300 BLD, Rockwella 600 MRD, Vickersa 430 SVD <\/span><\/div>\n<p>Twardo\u015bciomierze, kt\u00f3re przeprowadzaj\u0105 pomiar w trzech r\u00f3\u017cnych metodach. Pr\u00f3ba twardo\u015bci metod\u0105 Brinella polega na wgniataniu pod obci\u0105\u017ceniem\u00a0 F (kG) stalowej kulki hartowanej o \u015brednicy 9 mm w badany przedmiot.\u00a0\u00a0 Skal\u0119 twardo\u015bci Brinalla oznacza si\u0119 HB i le\u017cy ona w zakresie od 3\u00f7600.<\/p>\n<div class=\"gdlr-shortcode-wrapper\"><div class=\"clear\"><\/div><div class=\"gdlr-item gdlr-divider-item\"  ><div class=\"gdlr-divider solid\"  style=\"width: 100%;\" ><\/div><\/div><\/div>\n<p>Pr\u00f3ba twardo\u015bci metod\u0105 Rockwella polega na dwustopniowym wciskaniu sto\u017cka diamentowego w powierzchni\u0119 materia\u0142u. Skal\u0119 twardo\u015bci Rockwella oznacza si\u0119 wg poni\u017cszego opisu:<\/p>\n<ul>\n<li>HRC\/HRA \u2013 stosuje si\u0119 dla stali hartowanych,<\/li>\n<li>HRB\/HRF \u2013 stosuje si\u0119 dla stali niehartowanych i metali nie\u017celaznych,<\/li>\n<li>HRN\/HRT \u2013 stosuje si\u0119, gry badana pr\u00f3bka ma niewielkie rozmiary lub jest bardzo cienka.<\/li>\n<\/ul>\n<p>Zakres skali Rockwella wynosi od 20\u00f7100.<\/p>\n<p>Metoda Vickersa polega\u00a0 na wgnieceniu\u00a0 w powierzchni\u0119 badanego przedmiotu materia\u0142u czworobocznego foremnego ostros\u0142upa diamentowego o k\u0105cie wierzcho\u0142kowym 136\u00b0. Skal\u0119 twardo\u015bci metod\u0105 Vickersa oznacza si\u0119 HV i le\u017cy ona w zakresie od 80\u00f7700.<\/p>\n<p>W zale\u017cno\u015bci od rodzaju badanego materia\u0142u stosowane s\u0105 r\u00f3\u017cne metody pomiaru i skale pomiarowe.<\/p>\n<p>&nbsp;<\/p>\n","protected":false},"excerpt":{"rendered":"<p>W Laboratorium In\u017cynierii Materia\u0142owej znajduje si\u0119 szereg urz\u0105dze\u0144,\u00a0 kt\u00f3rye umo\u017cliwiaj\u0105 studentom zbadanie w\u0142a\u015bciwo\u015bci u\u017cytkowych danego materia\u0142u takich jak: odporno\u015b\u0107 na \u015bcieranie, twardo\u015b\u0107 materia\u0142u, sk\u0142ad chemiczny materia\u0142u (niezb\u0119dny w przypadku kiedy nie wiemy z jakim materia\u0142em mamy styczno\u015b\u0107), struktur\u0119 powierzchni materia\u0142u. Defektoskopia pozwala na zbadanie przedmiotu, w kt\u00f3rym podejrzewamy uszkodzenie niewidoczne organoleptycznie. Informacje na temat w\u0142a\u015bciwo\u015bci&#8230; <\/p>\n<div class=\"clear\"><\/div>\n<p><a href=\"https:\/\/csi.panschelm.edu.pl\/?page_id=4276\" class=\"excerpt-read-more\">Czytaj wi\u0119cej<i class=\"fa fa-angle-double-right icon-double-angle-right\"><\/i><\/a><\/p>\n","protected":false},"author":1,"featured_media":4277,"parent":0,"menu_order":0,"comment_status":"closed","ping_status":"closed","template":"","meta":{"footnotes":""},"class_list":["post-4276","page","type-page","status-publish","has-post-thumbnail","hentry"],"_links":{"self":[{"href":"https:\/\/csi.panschelm.edu.pl\/index.php?rest_route=\/wp\/v2\/pages\/4276","targetHints":{"allow":["GET"]}}],"collection":[{"href":"https:\/\/csi.panschelm.edu.pl\/index.php?rest_route=\/wp\/v2\/pages"}],"about":[{"href":"https:\/\/csi.panschelm.edu.pl\/index.php?rest_route=\/wp\/v2\/types\/page"}],"author":[{"embeddable":true,"href":"https:\/\/csi.panschelm.edu.pl\/index.php?rest_route=\/wp\/v2\/users\/1"}],"replies":[{"embeddable":true,"href":"https:\/\/csi.panschelm.edu.pl\/index.php?rest_route=%2Fwp%2Fv2%2Fcomments&post=4276"}],"version-history":[{"count":6,"href":"https:\/\/csi.panschelm.edu.pl\/index.php?rest_route=\/wp\/v2\/pages\/4276\/revisions"}],"predecessor-version":[{"id":4805,"href":"https:\/\/csi.panschelm.edu.pl\/index.php?rest_route=\/wp\/v2\/pages\/4276\/revisions\/4805"}],"wp:featuredmedia":[{"embeddable":true,"href":"https:\/\/csi.panschelm.edu.pl\/index.php?rest_route=\/wp\/v2\/media\/4277"}],"wp:attachment":[{"href":"https:\/\/csi.panschelm.edu.pl\/index.php?rest_route=%2Fwp%2Fv2%2Fmedia&parent=4276"}],"curies":[{"name":"wp","href":"https:\/\/api.w.org\/{rel}","templated":true}]}}