{"id":4245,"date":"2019-09-12T14:29:22","date_gmt":"2019-09-12T12:29:22","guid":{"rendered":"http:\/\/csi.pwszchelm.edu.pl\/?page_id=4245"},"modified":"2020-06-30T10:14:15","modified_gmt":"2020-06-30T08:14:15","slug":"laboratorium-obrobki-plastycznej","status":"publish","type":"page","link":"https:\/\/csi.panschelm.edu.pl\/?page_id=4245","title":{"rendered":"Laboratorium Obr\u00f3bki Plastycznej"},"content":{"rendered":"<p>Studenci w ramach zaj\u0119\u0107 laboratoryjnych prowadzonych w Laboratorium Obr\u00f3bki Plastycznej poznaj\u0105 techniki wytwarzania stosowane w obr\u00f3bce plastycznej. Poznaj\u0105 maszyny i oprzyrz\u0105dowanie niezb\u0119dne do wykonania danego procesu.<\/p>\n<p><strong>Wyposa\u017cenie laboratorium:<\/strong><\/p>\n<ul>\n<li>\u00a0Walcarka<\/li>\n<li>\u00a0Maszyna wytrzyma\u0142o\u015bciowa dynamiczna Hung Ta 1000 kN HT-2387<\/li>\n<li>\u00a0Maszyna wytrzyma\u0142o\u015bciowa 100 kN Hung Ta HT-2402<\/li>\n<li>\u00a0Trzyrolkowa zwijarka do blachy Bendmak TFM CYL110-15\/3.0<\/li>\n<li>\u00a0Gi\u0119tarka do profili Bendmak TFM PRO40<\/li>\n<li>\u00a0Walcarka jubilerska Rodent WJ-66B12E3<\/li>\n<li>\u00a0Prasa hydrauliczna Metalist P6320B<\/li>\n<li>\u00a0Ci\u0105garka \u0142a\u0144cuchowa Rodent CGD-E 2000<\/li>\n<\/ul>\n<p>&nbsp;<\/p>\n<div class=\"clear\"><\/div><div class=\"gdlr-space\" style=\"margin-top: 40px;\"><\/div>\n<div class=\"gdlr-frame-shortcode gdlr-align-left\"><div class=\"gdlr-frame frame-type-border\" > <div class=\"gdlr-image-link-shortcode\" style=\"max-width: 100%\" ><img decoding=\"async\" src=\"http:\/\/csi.panschelm.edu.pl\/wp-content\/uploads\/2020\/06\/Maszyna-wytrzyma\u0142o\u015bciowa-HT-2387SV100-3-1.jpg\" alt=\" \" \/><a href=\"http:\/\/csi.panschelm.edu.pl\/wp-content\/uploads\/2020\/06\/Maszyna-wytrzyma\u0142o\u015bciowa-HT-2387SV100-3-1.jpg\"  data-rel=\"fancybox\"  target=\"_blank\" ><span class=\"gdlr-image-link-overlay\">&nbsp;<\/span><span class=\"gdlr-image-link-icon\"><i class=\"fa fa-search\" ><\/i><\/span><\/a><\/div><\/div><span class=\"gdlr-frame-caption\">Maszyna wytrzyma\u0142o\u015bciowa dynamiczna Hung Ta 1000 kN HT-2387<\/span><\/div>\n<p>Uniwersalna dynamiczna maszyna wytrzyma\u0142o\u015bciowa s\u0142u\u017c\u0105ca do bada\u0144 statycznych jak i dynamicznych na rozci\u0105ganie, \u015bciskanie, z maksymaln\u0105 si\u0142\u0105 1000kN. Oprogramowanie pozwala na sterowanie na podstawie warto\u015bci si\u0142y, przemieszczenia i odkszta\u0142cenia, oraz tworzenia cykli zmiany obci\u0105\u017cenia sk\u0142adaj\u0105cych si\u0119 z maksymalnie siedmiu krok\u00f3w. Pr\u00f3bki o \u015brednicy 12\u00f750 mm, oraz p\u0142askie o szeroko\u015bci max 48 mm<\/p>\n<div class=\"gdlr-shortcode-wrapper\"><div class=\"clear\"><\/div><div class=\"gdlr-item gdlr-divider-item\"  ><div class=\"gdlr-divider solid\"  style=\"width: 100%;\" ><\/div><\/div><\/div>\n<div class=\"gdlr-frame-shortcode gdlr-align-left\"><div class=\"gdlr-frame frame-type-border\" > <div class=\"gdlr-image-link-shortcode\" style=\"max-width: 100%\" ><img decoding=\"async\" src=\"http:\/\/csi.panschelm.edu.pl\/wp-content\/uploads\/2019\/09\/walcarka-do-dzielenia-bezodpadowego.png\" alt=\" \" \/><a href=\"http:\/\/csi.panschelm.edu.pl\/wp-content\/uploads\/2019\/09\/walcarka-do-dzielenia-bezodpadowego.png\"  data-rel=\"fancybox\"  target=\"_blank\" ><span class=\"gdlr-image-link-overlay\">&nbsp;<\/span><span class=\"gdlr-image-link-icon\"><i class=\"fa fa-search\" ><\/i><\/span><\/a><\/div><\/div><span class=\"gdlr-frame-caption\">Walcarka do dzielenia bezodpadowego  <\/span><\/div>\n<p>Walcarka o zastosowaniu badawczym nad technologi\u0105 dzielenia bezodpadowego. Modu\u0142y walc\u00f3w pozwalaj\u0105 na wykonanie pr\u00f3b walcowania ku\u017aniczego, oraz walcowania poprzeczno-klinowego.<\/p>\n<div class=\"gdlr-shortcode-wrapper\"><div class=\"clear\"><\/div><div class=\"gdlr-item gdlr-divider-item\"  ><div class=\"gdlr-divider solid\"  style=\"width: 100%;\" ><\/div><\/div><\/div>\n<div class=\"gdlr-frame-shortcode gdlr-align-left\"><div class=\"gdlr-frame frame-type-border\" > <div class=\"gdlr-image-link-shortcode\" style=\"max-width: 100%\" ><img decoding=\"async\" src=\"http:\/\/csi.panschelm.edu.pl\/wp-content\/uploads\/2020\/06\/Maszyna-wytrzyma\u0142o\u015bciowa-HT-2402s.jpg\" alt=\" \" \/><a href=\"http:\/\/csi.panschelm.edu.pl\/wp-content\/uploads\/2020\/06\/Maszyna-wytrzyma\u0142o\u015bciowa-HT-2402s.jpg\"  data-rel=\"fancybox\"  target=\"_blank\" ><span class=\"gdlr-image-link-overlay\">&nbsp;<\/span><span class=\"gdlr-image-link-icon\"><i class=\"fa fa-search\" ><\/i><\/span><\/a><\/div><\/div><span class=\"gdlr-frame-caption\">Uniwersalna maszyna wytrzyma\u0142o\u015bciowa <\/span><\/div>\n<p>Uniwersalna maszyna wytrzyma\u0142o\u015bciowa s\u0142u\u017c\u0105ca do realizacji pr\u00f3b statycznego rozci\u0105gania, \u015bciskania z maksymaln\u0105 si\u0142\u0105 100kN. Oprogramowanie pozwala na sterowanie na podstawie warto\u015bci si\u0142y, przemieszczenia i odkszta\u0142cenia, oraz tworzenia cykli zmiany obci\u0105\u017cenia sk\u0142adaj\u0105cych si\u0119 z maksymalnie siedmiu krok\u00f3w. Pr\u00f3bki okr\u0105g\u0142e 6\u00f722 mm. Pr\u00f3bki p\u0142askie szeroko\u015bci max 48 mm.<\/p>\n<div class=\"gdlr-shortcode-wrapper\"><div class=\"clear\"><\/div><div class=\"gdlr-item gdlr-divider-item\"  ><div class=\"gdlr-divider solid\"  style=\"width: 100%;\" ><\/div><\/div><\/div>\n<div class=\"gdlr-frame-shortcode gdlr-align-left\"><div class=\"gdlr-frame frame-type-border\" > <div class=\"gdlr-image-link-shortcode\" style=\"max-width: 100%\" ><img decoding=\"async\" src=\"http:\/\/csi.panschelm.edu.pl\/wp-content\/uploads\/2020\/06\/Zwiajrka-do-blachy-3.jpg\" alt=\" \" \/><a href=\"http:\/\/csi.panschelm.edu.pl\/wp-content\/uploads\/2020\/06\/Zwiajrka-do-blachy-3.jpg\"  data-rel=\"fancybox\"  target=\"_blank\" ><span class=\"gdlr-image-link-overlay\">&nbsp;<\/span><span class=\"gdlr-image-link-icon\"><i class=\"fa fa-search\" ><\/i><\/span><\/a><\/div><\/div><span class=\"gdlr-frame-caption\">Zwiajrka do blachy<\/span><\/div>\n<p>Zwijarka jest wyposa\u017cona w tr\u00f3jk\u0105tny uk\u0142ad walc\u00f3w, kt\u00f3ry umo\u017cliwia formowanie blachy w kszta\u0142t okr\u0119g\u00f3w, rynien oraz sto\u017ck\u00f3w. Posiada mo\u017cliwo\u015b\u0107 zwijania drutu, wznios tylnej rolki nap\u0119dzany jest silnikiem elektrycznym.<\/p>\n<div class=\"gdlr-shortcode-wrapper\"><div class=\"clear\"><\/div><div class=\"gdlr-item gdlr-divider-item\"  ><div class=\"gdlr-divider solid\"  style=\"width: 100%;\" ><\/div><\/div><\/div>\n<div class=\"gdlr-frame-shortcode gdlr-align-left\"><div class=\"gdlr-frame frame-type-border\" > <div class=\"gdlr-image-link-shortcode\" style=\"max-width: 100%\" ><img decoding=\"async\" src=\"http:\/\/csi.panschelm.edu.pl\/wp-content\/uploads\/2020\/06\/gi\u0119tarka-do-profili-Bendmak-pro40.jpg\" alt=\" \" \/><a href=\"http:\/\/csi.panschelm.edu.pl\/wp-content\/uploads\/2020\/06\/gi\u0119tarka-do-profili-Bendmak-pro40.jpg\"  data-rel=\"fancybox\"  target=\"_blank\" ><span class=\"gdlr-image-link-overlay\">&nbsp;<\/span><span class=\"gdlr-image-link-icon\"><i class=\"fa fa-search\" ><\/i><\/span><\/a><\/div><\/div><span class=\"gdlr-frame-caption\">Gi\u0119tarka tr\u00f3jrolkowa<\/span><\/div>\n<p>Gi\u0119tarka tr\u00f3jrolkowa przeznaczona jest do wyginania rur, profili i pr\u0119t\u00f3w w kszta\u0142t \u0142uk\u00f3w, k\u00f3\u0142 i spiral poprzez zwijanie materia\u0142u pomi\u0119dzy trzema rolkami. Docisk g\u00f3rnej rolki formuj\u0105cej realizowany jest r\u0119cznie przez mechanizm \u015brubowy.<\/p>\n<div class=\"gdlr-shortcode-wrapper\"><div class=\"clear\"><\/div><div class=\"gdlr-item gdlr-divider-item\"  ><div class=\"gdlr-divider solid\"  style=\"width: 100%;\" ><\/div><\/div><\/div>\n<div class=\"gdlr-frame-shortcode gdlr-align-left\"><div class=\"gdlr-frame frame-type-border\" > <div class=\"gdlr-image-link-shortcode\" style=\"max-width: 100%\" ><img decoding=\"async\" src=\"http:\/\/csi.panschelm.edu.pl\/wp-content\/uploads\/2020\/06\/walcarka-WJ-66E-12.jpg\" alt=\" \" \/><a href=\"http:\/\/csi.panschelm.edu.pl\/wp-content\/uploads\/2020\/06\/walcarka-WJ-66E-12.jpg\"  data-rel=\"fancybox\"  target=\"_blank\" ><span class=\"gdlr-image-link-overlay\">&nbsp;<\/span><span class=\"gdlr-image-link-icon\"><i class=\"fa fa-search\" ><\/i><\/span><\/a><\/div><\/div><span class=\"gdlr-frame-caption\">Walcarka<\/span><\/div>\n<p>Walcarka przeznaczona jest do walcowania metali kolorowych o twardo\u015bci do 20 HRC. Posiadaj\u0105ca dwie pary walc\u00f3w do walcowania blach do grubo\u015b\u0107 max. 12 mm i drutu w przedziale 1\u00f79 mm.<\/p>\n<div class=\"gdlr-shortcode-wrapper\"><div class=\"clear\"><\/div><div class=\"gdlr-item gdlr-divider-item\"  ><div class=\"gdlr-divider solid\"  style=\"width: 100%;\" ><\/div><\/div><\/div>\n<div class=\"gdlr-frame-shortcode gdlr-align-left\"><div class=\"gdlr-frame frame-type-border\" > <div class=\"gdlr-image-link-shortcode\" style=\"max-width: 100%\" ><img decoding=\"async\" src=\"http:\/\/csi.panschelm.edu.pl\/wp-content\/uploads\/2020\/06\/Ci\u0105garka-CGD-E200-2.jpg\" alt=\" \" \/><a href=\"http:\/\/csi.panschelm.edu.pl\/wp-content\/uploads\/2020\/06\/Ci\u0105garka-CGD-E200-2.jpg\"  data-rel=\"fancybox\"  target=\"_blank\" ><span class=\"gdlr-image-link-overlay\">&nbsp;<\/span><span class=\"gdlr-image-link-icon\"><i class=\"fa fa-search\" ><\/i><\/span><\/a><\/div><\/div><span class=\"gdlr-frame-caption\">Ci\u0105garka<\/span><\/div>\n<p>Ci\u0105garka \u0142a\u0144cuchowa przeznaczona do przeci\u0105gania drutu wykonanego z metali nie\u017celaznych.<\/p>\n<div class=\"gdlr-shortcode-wrapper\"><div class=\"clear\"><\/div><div class=\"gdlr-item gdlr-divider-item\"  ><div class=\"gdlr-divider solid\"  style=\"width: 100%;\" ><\/div><\/div><\/div>\n","protected":false},"excerpt":{"rendered":"<p>Studenci w ramach zaj\u0119\u0107 laboratoryjnych prowadzonych w Laboratorium Obr\u00f3bki Plastycznej poznaj\u0105 techniki wytwarzania stosowane w obr\u00f3bce plastycznej. Poznaj\u0105 maszyny i oprzyrz\u0105dowanie niezb\u0119dne do wykonania danego procesu. Wyposa\u017cenie laboratorium: \u00a0Walcarka \u00a0Maszyna wytrzyma\u0142o\u015bciowa dynamiczna Hung Ta 1000 kN HT-2387 \u00a0Maszyna wytrzyma\u0142o\u015bciowa 100 kN Hung Ta HT-2402 \u00a0Trzyrolkowa zwijarka do blachy Bendmak TFM CYL110-15\/3.0 \u00a0Gi\u0119tarka do profili Bendmak&#8230; <\/p>\n<div class=\"clear\"><\/div>\n<p><a href=\"https:\/\/csi.panschelm.edu.pl\/?page_id=4245\" class=\"excerpt-read-more\">Czytaj wi\u0119cej<i class=\"fa fa-angle-double-right icon-double-angle-right\"><\/i><\/a><\/p>\n","protected":false},"author":1,"featured_media":4246,"parent":0,"menu_order":0,"comment_status":"closed","ping_status":"closed","template":"","meta":{"footnotes":""},"class_list":["post-4245","page","type-page","status-publish","has-post-thumbnail","hentry"],"_links":{"self":[{"href":"https:\/\/csi.panschelm.edu.pl\/index.php?rest_route=\/wp\/v2\/pages\/4245","targetHints":{"allow":["GET"]}}],"collection":[{"href":"https:\/\/csi.panschelm.edu.pl\/index.php?rest_route=\/wp\/v2\/pages"}],"about":[{"href":"https:\/\/csi.panschelm.edu.pl\/index.php?rest_route=\/wp\/v2\/types\/page"}],"author":[{"embeddable":true,"href":"https:\/\/csi.panschelm.edu.pl\/index.php?rest_route=\/wp\/v2\/users\/1"}],"replies":[{"embeddable":true,"href":"https:\/\/csi.panschelm.edu.pl\/index.php?rest_route=%2Fwp%2Fv2%2Fcomments&post=4245"}],"version-history":[{"count":10,"href":"https:\/\/csi.panschelm.edu.pl\/index.php?rest_route=\/wp\/v2\/pages\/4245\/revisions"}],"predecessor-version":[{"id":5279,"href":"https:\/\/csi.panschelm.edu.pl\/index.php?rest_route=\/wp\/v2\/pages\/4245\/revisions\/5279"}],"wp:featuredmedia":[{"embeddable":true,"href":"https:\/\/csi.panschelm.edu.pl\/index.php?rest_route=\/wp\/v2\/media\/4246"}],"wp:attachment":[{"href":"https:\/\/csi.panschelm.edu.pl\/index.php?rest_route=%2Fwp%2Fv2%2Fmedia&parent=4245"}],"curies":[{"name":"wp","href":"https:\/\/api.w.org\/{rel}","templated":true}]}}