{"id":4230,"date":"2019-09-11T15:08:41","date_gmt":"2019-09-11T13:08:41","guid":{"rendered":"http:\/\/csi.pwszchelm.edu.pl\/?page_id=4230"},"modified":"2020-06-25T10:32:38","modified_gmt":"2020-06-25T08:32:38","slug":"laboratorium-fizyki-budowli","status":"publish","type":"page","link":"https:\/\/csi.panschelm.edu.pl\/?page_id=4230","title":{"rendered":"Laboratorium Fizyki Budowli"},"content":{"rendered":"<p><img loading=\"lazy\" decoding=\"async\" class=\"aligncenter wp-image-4231 size-full\" src=\"http:\/\/csi.panschelm.edu.pl\/wp-content\/uploads\/2019\/09\/lab-fizyki-budowli.jpg\" alt=\"\" width=\"735\" height=\"475\" srcset=\"https:\/\/csi.panschelm.edu.pl\/wp-content\/uploads\/2019\/09\/lab-fizyki-budowli.jpg 735w, https:\/\/csi.panschelm.edu.pl\/wp-content\/uploads\/2019\/09\/lab-fizyki-budowli-300x194.jpg 300w\" sizes=\"auto, (max-width: 735px) 100vw, 735px\" \/><\/p>\n<p><strong>Wyposa\u017cenie laboratorium:<\/strong><\/p>\n<ul>\n<li>stukacz wzorcowy STM-1 ECO- TECH,<\/li>\n<li>czterokana\u0142owy analizator d\u017awi\u0119ku SVAN 958 z mikrofonem Svantek,<\/li>\n<li>izotropowe \u017ar\u00f3d\u0142o d\u017awi\u0119ku Master-audio,<\/li>\n<li>kalibrator akustyczny SV 30A Svantek,<\/li>\n<li>miernik do pomiaru nat\u0119\u017cenia o\u015bwietlenia L-100 Sonopan,<\/li>\n<li>pirometr LB-525 T LAB-EL,<\/li>\n<li>kamera termowizyjna ThermoGear G120EX Nipon Avionics,<\/li>\n<li>mierniki wilgotno\u015bci LB-796 LAB-EL,<\/li>\n<li>suszarka laboratoryjna SL 53 POL-ECO,<\/li>\n<li>waga laboratoryjna analityczna AS 60\/220\/C\/2 RADWAG,<\/li>\n<li>wago-suszarka MAC 110\/NH RADWAG,<\/li>\n<li>anemometr Kester 4000 Kerstel Labs,<\/li>\n<li>eksykator,<\/li>\n<li>zestaw do badania zasolenia Thermimport Quality Control,<\/li>\n<li>mieszad\u0142o magnetyczne MS-H-Pro Scilogex,<\/li>\n<li>st\u00f3\u0142 wagowy Pol Lab.<\/li>\n<\/ul>\n<div class=\"gdlr-shortcode-wrapper\"><div class=\"clear\"><\/div><div class=\"gdlr-item gdlr-divider-item\"  ><div class=\"gdlr-divider solid\"  style=\"width: 100%;\" ><\/div><\/div><\/div>\n<div class=\"gdlr-frame-shortcode gdlr-align-left\"><div class=\"gdlr-frame frame-type-border\" > <div class=\"gdlr-image-link-shortcode\" style=\"max-width: 100%\" ><img decoding=\"async\" src=\"http:\/\/csi.panschelm.edu.pl\/wp-content\/uploads\/2020\/06\/Kamera-termowizyjna-ThermoGear-scaled.jpg\" alt=\" \" \/><a href=\"http:\/\/csi.panschelm.edu.pl\/wp-content\/uploads\/2020\/06\/Kamera-termowizyjna-ThermoGear-scaled.jpg\"  data-rel=\"fancybox\"  target=\"_blank\" ><span class=\"gdlr-image-link-overlay\">&nbsp;<\/span><span class=\"gdlr-image-link-icon\"><i class=\"fa fa-search\" ><\/i><\/span><\/a><\/div><\/div><span class=\"gdlr-frame-caption\"> Kamera termowizyjna ThermoGear G120EX <\/span><\/div>\n<p>Kamera termowizyjna ThermoGear G120EX jest przemys\u0142owych jak i laboratoryjnych. W budownictwie s\u0142u\u017cy zewn\u0119trznej \u015bcian, lokalizowania mostk\u00f3w termicznych, kontroli wy\u017csza od temperatury punktu rosy (co najmniej o 1\u00b0C).<\/p>\n<div class=\"gdlr-shortcode-wrapper\"><div class=\"clear\"><\/div><div class=\"gdlr-item gdlr-divider-item\"  ><div class=\"gdlr-divider solid\"  style=\"width: 100%;\" ><\/div><\/div><\/div>\n<div class=\"gdlr-frame-shortcode gdlr-align-left\"><div class=\"gdlr-frame frame-type-border\" > <div class=\"gdlr-image-link-shortcode\" style=\"max-width: 100%\" ><img decoding=\"async\" src=\"http:\/\/csi.panschelm.edu.pl\/wp-content\/uploads\/2020\/06\/image5.jpeg\" alt=\" \" \/><a href=\"http:\/\/csi.panschelm.edu.pl\/wp-content\/uploads\/2020\/06\/image5.jpeg\"  data-rel=\"fancybox\"  target=\"_blank\" ><span class=\"gdlr-image-link-overlay\">&nbsp;<\/span><span class=\"gdlr-image-link-icon\"><i class=\"fa fa-search\" ><\/i><\/span><\/a><\/div><\/div><span class=\"gdlr-frame-caption\"> Anemometr producenta Kerstel Labs <\/span><\/div>\n<p>Anemometr Kestrel 4000 jest nowej generacji urz\u0105dzeniem do monitorowania pogody. Ten kieszonkowy i elektroniczny przyrz\u0105d s\u0142u\u017cy do pomiaru pr\u0119dko\u015bci wiatru, temperatury, temperatury odczuwalnej, temperatury punktu rosy, temperatury termometru mokrego (psychrometru), wilgotno\u015bci wzgl\u0119dnej, wysoko\u015bci, wysoko\u015bci g\u0119sto\u015bciowej, ci\u015bnienia atmosferycznego oraz komfortu cieplnego <em>(ang. heat stress index).<\/em><\/p>\n<div class=\"gdlr-shortcode-wrapper\"><div class=\"clear\"><\/div><div class=\"gdlr-item gdlr-divider-item\"  ><div class=\"gdlr-divider solid\"  style=\"width: 100%;\" ><\/div><\/div><\/div>\n<div class=\"gdlr-frame-shortcode gdlr-align-left\"><div class=\"gdlr-frame frame-type-border\" > <div class=\"gdlr-image-link-shortcode\" style=\"max-width: 100%\" ><img decoding=\"async\" src=\"http:\/\/csi.panschelm.edu.pl\/wp-content\/uploads\/2020\/06\/image4.jpeg\" alt=\" \" \/><a href=\"http:\/\/csi.panschelm.edu.pl\/wp-content\/uploads\/2020\/06\/image4.jpeg\"  data-rel=\"fancybox\"  target=\"_blank\" ><span class=\"gdlr-image-link-overlay\">&nbsp;<\/span><span class=\"gdlr-image-link-icon\"><i class=\"fa fa-search\" ><\/i><\/span><\/a><\/div><\/div><span class=\"gdlr-frame-caption\"> Mierniki wilgotno\u015bci LB-796 <\/span><\/div>\n<p>Wilgotno\u015bciomierz LB-796 jest przyrz\u0105dem wielofunkcyjnym s\u0142u\u017c\u0105cym do pomiaru wilgotno\u015bci bezwzgl\u0119dnej materia\u0142\u00f3w takich jak: drewno, beton, oraz r\u00f3\u017cnego rodzaj\u00f3w mur\u00f3w. Mo\u017cna nim r\u00f3wnie\u017c mierzy\u0107 temperatur\u0119 powierzchniow\u0105 materia\u0142\u00f3w jak i temperatur\u0119 punktu rosy.<\/p>\n<div class=\"gdlr-shortcode-wrapper\"><div class=\"clear\"><\/div><div class=\"gdlr-item gdlr-divider-item\"  ><div class=\"gdlr-divider solid\"  style=\"width: 100%;\" ><\/div><\/div><\/div>\n","protected":false},"excerpt":{"rendered":"<p>Wyposa\u017cenie laboratorium: stukacz wzorcowy STM-1 ECO- TECH, czterokana\u0142owy analizator d\u017awi\u0119ku SVAN 958 z mikrofonem Svantek, izotropowe \u017ar\u00f3d\u0142o d\u017awi\u0119ku Master-audio, kalibrator akustyczny SV 30A Svantek, miernik do pomiaru nat\u0119\u017cenia o\u015bwietlenia L-100 Sonopan, pirometr LB-525 T LAB-EL, kamera termowizyjna ThermoGear G120EX Nipon Avionics, mierniki wilgotno\u015bci LB-796 LAB-EL, suszarka laboratoryjna SL 53 POL-ECO, waga laboratoryjna analityczna AS 60\/220\/C\/2&#8230; <\/p>\n<div class=\"clear\"><\/div>\n<p><a href=\"https:\/\/csi.panschelm.edu.pl\/?page_id=4230\" class=\"excerpt-read-more\">Czytaj wi\u0119cej<i class=\"fa fa-angle-double-right icon-double-angle-right\"><\/i><\/a><\/p>\n","protected":false},"author":1,"featured_media":4231,"parent":0,"menu_order":0,"comment_status":"closed","ping_status":"closed","template":"","meta":{"footnotes":""},"class_list":["post-4230","page","type-page","status-publish","has-post-thumbnail","hentry"],"_links":{"self":[{"href":"https:\/\/csi.panschelm.edu.pl\/index.php?rest_route=\/wp\/v2\/pages\/4230","targetHints":{"allow":["GET"]}}],"collection":[{"href":"https:\/\/csi.panschelm.edu.pl\/index.php?rest_route=\/wp\/v2\/pages"}],"about":[{"href":"https:\/\/csi.panschelm.edu.pl\/index.php?rest_route=\/wp\/v2\/types\/page"}],"author":[{"embeddable":true,"href":"https:\/\/csi.panschelm.edu.pl\/index.php?rest_route=\/wp\/v2\/users\/1"}],"replies":[{"embeddable":true,"href":"https:\/\/csi.panschelm.edu.pl\/index.php?rest_route=%2Fwp%2Fv2%2Fcomments&post=4230"}],"version-history":[{"count":4,"href":"https:\/\/csi.panschelm.edu.pl\/index.php?rest_route=\/wp\/v2\/pages\/4230\/revisions"}],"predecessor-version":[{"id":5122,"href":"https:\/\/csi.panschelm.edu.pl\/index.php?rest_route=\/wp\/v2\/pages\/4230\/revisions\/5122"}],"wp:featuredmedia":[{"embeddable":true,"href":"https:\/\/csi.panschelm.edu.pl\/index.php?rest_route=\/wp\/v2\/media\/4231"}],"wp:attachment":[{"href":"https:\/\/csi.panschelm.edu.pl\/index.php?rest_route=%2Fwp%2Fv2%2Fmedia&parent=4230"}],"curies":[{"name":"wp","href":"https:\/\/api.w.org\/{rel}","templated":true}]}}