{"id":4226,"date":"2019-09-11T15:07:10","date_gmt":"2019-09-11T13:07:10","guid":{"rendered":"http:\/\/csi.pwszchelm.edu.pl\/?page_id=4226"},"modified":"2020-06-25T10:42:58","modified_gmt":"2020-06-25T08:42:58","slug":"laboratorium-geologii","status":"publish","type":"page","link":"https:\/\/csi.panschelm.edu.pl\/?page_id=4226","title":{"rendered":"Laboratorium Geologii"},"content":{"rendered":"<p><img loading=\"lazy\" decoding=\"async\" class=\"wp-image-4227 size-full aligncenter\" src=\"http:\/\/csi.panschelm.edu.pl\/wp-content\/uploads\/2019\/09\/lab-geologii-2.jpg\" alt=\"\" width=\"735\" height=\"404\" srcset=\"https:\/\/csi.panschelm.edu.pl\/wp-content\/uploads\/2019\/09\/lab-geologii-2.jpg 735w, https:\/\/csi.panschelm.edu.pl\/wp-content\/uploads\/2019\/09\/lab-geologii-2-300x165.jpg 300w\" sizes=\"auto, (max-width: 735px) 100vw, 735px\" \/><\/p>\n<p><strong>Wyposa\u017cenie laboratorium:<\/strong><\/p>\n<ul>\n<li>maszyna poleruj\u0105ca A0668 Proeti,<\/li>\n<li>twardo\u015bciomierz Schmidt\u2019a TI LD 0500 G.E. Schmidt,<\/li>\n<li>skala Mohsa,<\/li>\n<li>zestaw do pomiaru punktowego obci\u0105\u017cenia ska\u0142 Proeti,<\/li>\n<li>zestaw do przygotowywania rdzeni ska\u0142 A0705 Proeti,<\/li>\n<li>mikroskop do oceny ska\u0142 z kamer\u0105 i oprogramowaniem Nikon<\/li>\n<li>ECLIPSE 50 i POL Nikon,<\/li>\n<li>maszyna wytrzyma\u0142o\u015bciowa do \u015bciskania 3000 kN H0235 Proeti.<\/li>\n<\/ul>\n<div class=\"gdlr-frame-shortcode gdlr-align-left\"><div class=\"gdlr-frame frame-type-border\" > <div class=\"gdlr-image-link-shortcode\" style=\"max-width: 100%\" ><img decoding=\"async\" src=\"http:\/\/csi.panschelm.edu.pl\/wp-content\/uploads\/2020\/06\/image3.jpeg\" alt=\" \" \/><a href=\"http:\/\/csi.panschelm.edu.pl\/wp-content\/uploads\/2020\/06\/image3.jpeg\"  data-rel=\"fancybox\"  target=\"_blank\" ><span class=\"gdlr-image-link-overlay\">&nbsp;<\/span><span class=\"gdlr-image-link-icon\"><i class=\"fa fa-search\" ><\/i><\/span><\/a><\/div><\/div><span class=\"gdlr-frame-caption\">Skala Mohsa <\/span><\/div>\n<p>Skala Mohsa jest dziesi\u0119ciostopniow\u0105 skal\u0105 twardo\u015bci minera\u0142\u00f3w charakteryzuj\u0105ca odporno\u015b\u0107 na zarysowania materia\u0142\u00f3w twardszych przez materia\u0142y bardziej mi\u0119kkie. Twardo\u015b\u0107 poszczeg\u00f3lnych minera\u0142\u00f3w nie jest u\u0142o\u017cona proporcjonalnie i liniowo, lecz ma charakter por\u00f3wnawczy. Minera\u0142y s\u0105 ustawione od najbardziej mi\u0119kkiego do najtwardszego. Ka\u017cdy minera\u0142 mo\u017ce zarysowa\u0107 minera\u0142 poprzedzaj\u0105cy go na skali (bardziej mi\u0119kki) i mo\u017ce zosta\u0107 zarysowany przez nast\u0119puj\u0105cy w skali po nim (twardszy).<\/p>\n<div class=\"gdlr-shortcode-wrapper\"><div class=\"clear\"><\/div><div class=\"gdlr-item gdlr-divider-item\"  ><div class=\"gdlr-divider solid\"  style=\"width: 100%;\" ><\/div><\/div><\/div>\n<div class=\"gdlr-frame-shortcode gdlr-align-left\"><div class=\"gdlr-frame frame-type-border\" > <div class=\"gdlr-image-link-shortcode\" style=\"max-width: 100%\" ><img decoding=\"async\" src=\"http:\/\/csi.panschelm.edu.pl\/wp-content\/uploads\/2020\/06\/image4-1.jpeg\" alt=\" \" \/><a href=\"http:\/\/csi.panschelm.edu.pl\/wp-content\/uploads\/2020\/06\/image4-1.jpeg\"  data-rel=\"fancybox\"  target=\"_blank\" ><span class=\"gdlr-image-link-overlay\">&nbsp;<\/span><span class=\"gdlr-image-link-icon\"><i class=\"fa fa-search\" ><\/i><\/span><\/a><\/div><\/div><span class=\"gdlr-frame-caption\">Zestaw do pomiaru punktowego obci\u0105\u017cenia ska\u0142 <\/span><\/div>\n<p>Za pomoc\u0105 zestawu A0678 przeprowadza si\u0119 oznaczanie wytrzyma\u0142o\u015bci ska\u0142 na obci\u0105\u017cenie punktowe. Pr\u00f3bki skalne mog\u0105 mie\u0107 dowolny kszta\u0142t; mog\u0105 to by\u0107 zar\u00f3wno walce, prostopad\u0142o\u015bciany, jak i bry\u0142y o nieregularnych kszta\u0142tach. Pr\u00f3bki skalne o kszta\u0142cie walca ustawi\u0107 mo\u017cna pomi\u0119dzy g\u0142owicami dociskowymi prasy wzd\u0142u\u017c \u015brednicy (test \u015brednicowy) lub wzd\u0142u\u017c osi (test osiowy).<\/p>\n<div class=\"gdlr-shortcode-wrapper\"><div class=\"clear\"><\/div><div class=\"gdlr-item gdlr-divider-item\"  ><div class=\"gdlr-divider solid\"  style=\"width: 100%;\" ><\/div><\/div><\/div>\n<div class=\"gdlr-frame-shortcode gdlr-align-left\"><div class=\"gdlr-frame frame-type-border\" > <div class=\"gdlr-image-link-shortcode\" style=\"max-width: 100%\" ><img decoding=\"async\" src=\"http:\/\/csi.panschelm.edu.pl\/wp-content\/uploads\/2020\/06\/image5-1.jpeg\" alt=\" \" \/><a href=\"http:\/\/csi.panschelm.edu.pl\/wp-content\/uploads\/2020\/06\/image5-1.jpeg\"  data-rel=\"fancybox\"  target=\"_blank\" ><span class=\"gdlr-image-link-overlay\">&nbsp;<\/span><span class=\"gdlr-image-link-icon\"><i class=\"fa fa-search\" ><\/i><\/span><\/a><\/div><\/div><span class=\"gdlr-frame-caption\">Mikroskop do oceny ska\u0142 z kamer\u0105 i oprogramowaniem Nikon ECLIPSE 50 i POL<\/span><\/div>\n<p>Prosty w obs\u0142udze mikroskop o \u015brednich rozmiarach. S\u0142u\u017cy do szybkiej i wygodnej pracy przy wykonywaniu typowych zada\u0144 laboratoryjnych zapewniaj\u0105c przy tym najwy\u017csz\u0105 jako\u015b\u0107 obrazu optycznego.<\/p>\n<div class=\"gdlr-shortcode-wrapper\"><div class=\"clear\"><\/div><div class=\"gdlr-item gdlr-divider-item\"  ><div class=\"gdlr-divider solid\"  style=\"width: 100%;\" ><\/div><\/div><\/div>\n<div class=\"gdlr-frame-shortcode gdlr-align-left\"><div class=\"gdlr-frame frame-type-border\" > <div class=\"gdlr-image-link-shortcode\" style=\"max-width: 100%\" ><img decoding=\"async\" src=\"http:\/\/csi.panschelm.edu.pl\/wp-content\/uploads\/2020\/06\/image6.jpeg\" alt=\" \" \/><a href=\"http:\/\/csi.panschelm.edu.pl\/wp-content\/uploads\/2020\/06\/image6.jpeg\"  data-rel=\"fancybox\"  target=\"_blank\" ><span class=\"gdlr-image-link-overlay\">&nbsp;<\/span><span class=\"gdlr-image-link-icon\"><i class=\"fa fa-search\" ><\/i><\/span><\/a><\/div><\/div><span class=\"gdlr-frame-caption\">Maszyna wytrzyma\u0142o\u015bciowa do \u015bciskania 3000 kN H0235<\/span><\/div>\n<p>Maszyna wytrzyma\u0142o\u015bciowa wykorzystywana do wyznaczania krzywych napr\u0119\u017cenia od odkszta\u0142cenia, modu\u0142u spr\u0119\u017cysto\u015bci Yunga, wsp\u00f3\u0142czynnika Poissona w procesie jednoosiowego \u015bciskania cylindrycznie regularnej pr\u00f3bki.<\/p>\n<div class=\"gdlr-shortcode-wrapper\"><div class=\"clear\"><\/div><div class=\"gdlr-item gdlr-divider-item\"  ><div class=\"gdlr-divider solid\"  style=\"width: 100%;\" ><\/div><\/div><\/div>\n","protected":false},"excerpt":{"rendered":"<p>Wyposa\u017cenie laboratorium: maszyna poleruj\u0105ca A0668 Proeti, twardo\u015bciomierz Schmidt\u2019a TI LD 0500 G.E. Schmidt, skala Mohsa, zestaw do pomiaru punktowego obci\u0105\u017cenia ska\u0142 Proeti, zestaw do przygotowywania rdzeni ska\u0142 A0705 Proeti, mikroskop do oceny ska\u0142 z kamer\u0105 i oprogramowaniem Nikon ECLIPSE 50 i POL Nikon, maszyna wytrzyma\u0142o\u015bciowa do \u015bciskania 3000 kN H0235 Proeti. Skala Mohsa jest dziesi\u0119ciostopniow\u0105&#8230; <\/p>\n<div class=\"clear\"><\/div>\n<p><a href=\"https:\/\/csi.panschelm.edu.pl\/?page_id=4226\" class=\"excerpt-read-more\">Czytaj wi\u0119cej<i class=\"fa fa-angle-double-right icon-double-angle-right\"><\/i><\/a><\/p>\n","protected":false},"author":1,"featured_media":4227,"parent":0,"menu_order":0,"comment_status":"closed","ping_status":"closed","template":"","meta":{"footnotes":""},"class_list":["post-4226","page","type-page","status-publish","has-post-thumbnail","hentry"],"_links":{"self":[{"href":"https:\/\/csi.panschelm.edu.pl\/index.php?rest_route=\/wp\/v2\/pages\/4226","targetHints":{"allow":["GET"]}}],"collection":[{"href":"https:\/\/csi.panschelm.edu.pl\/index.php?rest_route=\/wp\/v2\/pages"}],"about":[{"href":"https:\/\/csi.panschelm.edu.pl\/index.php?rest_route=\/wp\/v2\/types\/page"}],"author":[{"embeddable":true,"href":"https:\/\/csi.panschelm.edu.pl\/index.php?rest_route=\/wp\/v2\/users\/1"}],"replies":[{"embeddable":true,"href":"https:\/\/csi.panschelm.edu.pl\/index.php?rest_route=%2Fwp%2Fv2%2Fcomments&post=4226"}],"version-history":[{"count":4,"href":"https:\/\/csi.panschelm.edu.pl\/index.php?rest_route=\/wp\/v2\/pages\/4226\/revisions"}],"predecessor-version":[{"id":5132,"href":"https:\/\/csi.panschelm.edu.pl\/index.php?rest_route=\/wp\/v2\/pages\/4226\/revisions\/5132"}],"wp:featuredmedia":[{"embeddable":true,"href":"https:\/\/csi.panschelm.edu.pl\/index.php?rest_route=\/wp\/v2\/media\/4227"}],"wp:attachment":[{"href":"https:\/\/csi.panschelm.edu.pl\/index.php?rest_route=%2Fwp%2Fv2%2Fmedia&parent=4226"}],"curies":[{"name":"wp","href":"https:\/\/api.w.org\/{rel}","templated":true}]}}