{"id":4211,"date":"2019-09-11T14:52:14","date_gmt":"2019-09-11T12:52:14","guid":{"rendered":"http:\/\/csi.pwszchelm.edu.pl\/?page_id=4211"},"modified":"2020-06-26T09:04:00","modified_gmt":"2020-06-26T07:04:00","slug":"laboratorium-mechaniki-gruntow","status":"publish","type":"page","link":"https:\/\/csi.panschelm.edu.pl\/?page_id=4211","title":{"rendered":"Laboratorium Mechaniki Grunt\u00f3w"},"content":{"rendered":"<p><img loading=\"lazy\" decoding=\"async\" class=\"size-full wp-image-5179 aligncenter\" src=\"http:\/\/csi.panschelm.edu.pl\/wp-content\/uploads\/2020\/06\/image1-2.jpeg\" alt=\"\" width=\"1229\" height=\"921\" srcset=\"https:\/\/csi.panschelm.edu.pl\/wp-content\/uploads\/2020\/06\/image1-2.jpeg 1229w, https:\/\/csi.panschelm.edu.pl\/wp-content\/uploads\/2020\/06\/image1-2-300x225.jpeg 300w, https:\/\/csi.panschelm.edu.pl\/wp-content\/uploads\/2020\/06\/image1-2-1024x767.jpeg 1024w, https:\/\/csi.panschelm.edu.pl\/wp-content\/uploads\/2020\/06\/image1-2-768x576.jpeg 768w, https:\/\/csi.panschelm.edu.pl\/wp-content\/uploads\/2020\/06\/image1-2-400x300.jpeg 400w\" sizes=\"auto, (max-width: 1229px) 100vw, 1229px\" \/><\/p>\n<p><strong>Laboratorium prowadzi dzia\u0142alno\u015b\u0107 w zakresie mechaniki grunt\u00f3w, przy czym dzia\u0142alno\u015b\u0107 ta dotyczy realizacji bada\u0144 laboratoryjnych i terenowych w tym:<\/strong><\/p>\n<ul>\n<li>wyznaczanie w\u0142a\u015bciwo\u015bci fizycznych i filtracyjnych grunt\u00f3w mineralnych oraz parametr\u00f3w ich zag\u0119szczalno\u015bci,<\/li>\n<li>ustalanie parametr\u00f3w wytrzyma\u0142o\u015bciowych i odkszta\u0142ceniowych grunt\u00f3w,<\/li>\n<li>okre\u015blanie parametr\u00f3w geotechnicznych grunt\u00f3w dla potrzeb projektowych i wykonawstwa &#8211; fundamentowanie, budownictwo ziemno-nasypowe (nasypy komunikacyjne, obwa\u0142owania ciek\u00f3w wodnych), oraz mury oporowe itp.,<\/li>\n<li>ocena warunk\u00f3w gruntowo-wodnych terenu wraz z ocen\u0105 jego przydatno\u015bci do zabudowy.<\/li>\n<\/ul>\n<p>&nbsp;<\/p>\n<p>Laboratorium jest r\u00f3wnie\u017c w stanie wykonywa\u0107 szeroki zakres prac geotechnicznych na potrzeby przemys\u0142u.<\/p>\n<p><strong>Wyposa\u017cenie laboratorium:<\/strong><\/p>\n<ul>\n<li>wstrz\u0105sarka dostosowana do test\u00f3w laboratoryjnych A0507 Proeti,<\/li>\n<li>georadar do bada\u0144 nieniszcz\u0105cych pod\u0142o\u017ca gruntowego IDS Ingegneria Dei Sistemi,<\/li>\n<li>sterowany silnikiem, dynamiczny zestaw do wierce\u0144 geotechnicznych S0553 Proeti,<\/li>\n<li>zestaw do badania wytrzyma\u0142o\u015bci i wodoprzepuszczalno\u015bci gruntu S0150 Proeti,<\/li>\n<li>lekka p\u0142yta dynamiczna S0544 Proeti,<\/li>\n<li>ubijak Proctora S0290 Proeti,<\/li>\n<li>edometr H001 Proeti,<\/li>\n<li>maszyna S0125 do badania wytrzyma\u0142o\u015bci gruntu na \u015bcinanie Proeti,<\/li>\n<li>suszarka laboratoryjna SUP-100W WAMED.<\/li>\n<\/ul>\n<div class=\"clear\"><\/div><div class=\"gdlr-space\" style=\"margin-top: 40px;\"><\/div>\n<div class=\"gdlr-frame-shortcode gdlr-align-left\"><div class=\"gdlr-frame frame-type-border\" > <div class=\"gdlr-image-link-shortcode\" style=\"max-width: 100%\" ><img decoding=\"async\" src=\"http:\/\/csi.panschelm.edu.pl\/wp-content\/uploads\/2019\/09\/georadar-do-badan-nieniszczacych-podloza-gruntowego-ids-group-companies.png\" alt=\" \" \/><a href=\"http:\/\/csi.panschelm.edu.pl\/wp-content\/uploads\/2019\/09\/georadar-do-badan-nieniszczacych-podloza-gruntowego-ids-group-companies.png\"  data-rel=\"fancybox\"  target=\"_blank\" ><span class=\"gdlr-image-link-overlay\">&nbsp;<\/span><span class=\"gdlr-image-link-icon\"><i class=\"fa fa-search\" ><\/i><\/span><\/a><\/div><\/div><span class=\"gdlr-frame-caption\">Georadar do bada\u0144 nieniszcz\u0105cych pod\u0142o\u017ca gruntowego IDS Group Companies <\/span><\/div>\n<div class=\"gdlr-shortcode-wrapper\"><div class=\"clear\"><\/div><div class=\"gdlr-item gdlr-divider-item\"  ><div class=\"gdlr-divider solid\"  style=\"width: 100%;\" ><\/div><\/div><\/div>\n<div class=\"gdlr-frame-shortcode gdlr-align-left\"><div class=\"gdlr-frame frame-type-border\" > <div class=\"gdlr-image-link-shortcode\" style=\"max-width: 100%\" ><img decoding=\"async\" src=\"http:\/\/csi.panschelm.edu.pl\/wp-content\/uploads\/2020\/06\/image3-2.jpeg\" alt=\" \" \/><a href=\"http:\/\/csi.panschelm.edu.pl\/wp-content\/uploads\/2020\/06\/image3-2.jpeg\"  data-rel=\"fancybox\"  target=\"_blank\" ><span class=\"gdlr-image-link-overlay\">&nbsp;<\/span><span class=\"gdlr-image-link-icon\"><i class=\"fa fa-search\" ><\/i><\/span><\/a><\/div><\/div><span class=\"gdlr-frame-caption\">Lekka p\u0142yta dynamiczna S0544 <\/span><\/div>\n<p>P\u0142yta dynamiczna S0544 jest stosowana do bada\u0144 pod\u0142o\u017ca gruntowego w budownictwie ziemnym oraz drogowym. S\u0142u\u017cy do oceny no\u015bno\u015bci gruntu oraz jego stanu zag\u0119szczenia. Badania wykonuje si\u0119 na gruntach gruboziarnistych, jak i ich mieszankach.<\/p>\n<div class=\"gdlr-shortcode-wrapper\"><div class=\"clear\"><\/div><div class=\"gdlr-item gdlr-divider-item\"  ><div class=\"gdlr-divider solid\"  style=\"width: 100%;\" ><\/div><\/div><\/div>\n<div class=\"gdlr-frame-shortcode gdlr-align-left\"><div class=\"gdlr-frame frame-type-border\" > <div class=\"gdlr-image-link-shortcode\" style=\"max-width: 100%\" ><img decoding=\"async\" src=\"http:\/\/csi.panschelm.edu.pl\/wp-content\/uploads\/2020\/06\/image4-4.jpeg\" alt=\" \" \/><a href=\"http:\/\/csi.panschelm.edu.pl\/wp-content\/uploads\/2020\/06\/image4-4.jpeg\"  data-rel=\"fancybox\"  target=\"_blank\" ><span class=\"gdlr-image-link-overlay\">&nbsp;<\/span><span class=\"gdlr-image-link-icon\"><i class=\"fa fa-search\" ><\/i><\/span><\/a><\/div><\/div><span class=\"gdlr-frame-caption\">Ubijak Proctora S0290 <\/span><\/div>\n<p>Ubijak S0290 jest stosowany przy wyznaczaniu maksymalnej g\u0119sto\u015bci obj\u0119to\u015bciowej gruntu. Uderzenia s\u0105 roz\u0142o\u017cone peryferycznie zale\u017cnie od obrotu, podczas gdy ostatnie jest skierowane centralnie, zapewniaj\u0105c maksymalne ujednolicenie stopnia ubicia w pe\u0142ni automatycznym cyklu testu.<\/p>\n<div class=\"gdlr-shortcode-wrapper\"><div class=\"clear\"><\/div><div class=\"gdlr-item gdlr-divider-item\"  ><div class=\"gdlr-divider solid\"  style=\"width: 100%;\" ><\/div><\/div><\/div>\n<div class=\"gdlr-frame-shortcode gdlr-align-left\"><div class=\"gdlr-frame frame-type-border\" > <div class=\"gdlr-image-link-shortcode\" style=\"max-width: 100%\" ><img decoding=\"async\" src=\"http:\/\/csi.panschelm.edu.pl\/wp-content\/uploads\/2020\/06\/image5-3.jpeg\" alt=\" \" \/><a href=\"http:\/\/csi.panschelm.edu.pl\/wp-content\/uploads\/2020\/06\/image5-3.jpeg\"  data-rel=\"fancybox\"  target=\"_blank\" ><span class=\"gdlr-image-link-overlay\">&nbsp;<\/span><span class=\"gdlr-image-link-icon\"><i class=\"fa fa-search\" ><\/i><\/span><\/a><\/div><\/div><span class=\"gdlr-frame-caption\">Edometr H001 <\/span><\/div>\n<p>Edometr H001 to urz\u0105dzenie s\u0142u\u017c\u0105ce do wyznaczania edometrycznego modu\u0142u \u015bci\u015bliwo\u015bci grunt\u00f3w. Przy jego pomocy wyznacza si\u0119 tak\u017ce ci\u015bnienie p\u0119cznienia gruntu, r\u00f3wnie\u017c tworzy krzywe osiadania itp.<\/p>\n<div class=\"gdlr-shortcode-wrapper\"><div class=\"clear\"><\/div><div class=\"gdlr-item gdlr-divider-item\"  ><div class=\"gdlr-divider solid\"  style=\"width: 100%;\" ><\/div><\/div><\/div>\n<div class=\"gdlr-frame-shortcode gdlr-align-left\"><div class=\"gdlr-frame frame-type-border\" > <div class=\"gdlr-image-link-shortcode\" style=\"max-width: 100%\" ><img decoding=\"async\" src=\"http:\/\/csi.panschelm.edu.pl\/wp-content\/uploads\/2020\/06\/image6-2.jpeg\" alt=\" \" \/><a href=\"http:\/\/csi.panschelm.edu.pl\/wp-content\/uploads\/2020\/06\/image6-2.jpeg\"  data-rel=\"fancybox\"  target=\"_blank\" ><span class=\"gdlr-image-link-overlay\">&nbsp;<\/span><span class=\"gdlr-image-link-icon\"><i class=\"fa fa-search\" ><\/i><\/span><\/a><\/div><\/div><span class=\"gdlr-frame-caption\">Maszyna S0125 do badania wytrzyma\u0142o\u015bci gruntu na \u015bcinanie <\/span><\/div>\n<p>Maszyna wytrzyma\u0142o\u015bciowa S0125 do badania gruntu na \u015bcinanie sterowana komputerowo.<\/p>\n<div class=\"gdlr-shortcode-wrapper\"><div class=\"clear\"><\/div><div class=\"gdlr-item gdlr-divider-item\"  ><div class=\"gdlr-divider solid\"  style=\"width: 100%;\" ><\/div><\/div><\/div>\n<div class=\"gdlr-frame-shortcode gdlr-align-left\"><div class=\"gdlr-frame frame-type-border\" > <div class=\"gdlr-image-link-shortcode\" style=\"max-width: 100%\" ><img decoding=\"async\" src=\"http:\/\/csi.panschelm.edu.pl\/wp-content\/uploads\/2019\/09\/zestaw-do-badania-wytrzymalosci-i-wodoprzepuszczalnosci-gruntu-proeti-s0150.png\" alt=\" \" \/><a href=\"http:\/\/csi.panschelm.edu.pl\/wp-content\/uploads\/2019\/09\/zestaw-do-badania-wytrzymalosci-i-wodoprzepuszczalnosci-gruntu-proeti-s0150.png\"  data-rel=\"fancybox\"  target=\"_blank\" ><span class=\"gdlr-image-link-overlay\">&nbsp;<\/span><span class=\"gdlr-image-link-icon\"><i class=\"fa fa-search\" ><\/i><\/span><\/a><\/div><\/div><span class=\"gdlr-frame-caption\">Zestaw do badania wytrzyma\u0142o\u015bci i wodoprzepuszczalno\u015bci gruntu Proeti S0150 <\/span><\/div>\n<div class=\"gdlr-shortcode-wrapper\"><div class=\"clear\"><\/div><div class=\"gdlr-item gdlr-divider-item\"  ><div class=\"gdlr-divider solid\"  style=\"width: 100%;\" ><\/div><\/div><\/div>\n<p><strong>Pozosta\u0142e wyposa\u017cenie:<\/strong><\/p>\n<ul>\n<li>Wstrz\u0105sarka dostosowana do test\u00f3w laboratoryjnych Proeti A0507<\/li>\n<li>Dynamiczny zestaw do wierce\u0144 geotechnicznych Proeti S0553<\/li>\n<li>Lekka p\u0142yta dynamiczna Proeti S0544<\/li>\n<li>Ubijak Proctora Proeti S0290<\/li>\n<li>Edometr Proeti H001<\/li>\n<li>Maszyna wytrzyma\u0142o\u015bciowa Proeti S0125 do badania wytrzyma\u0142o\u015bci gruntu na \u015bcinanie<\/li>\n<li>Suszarka laboratoryjna WAMED SUP-100W<\/li>\n<\/ul>\n","protected":false},"excerpt":{"rendered":"<p>Laboratorium prowadzi dzia\u0142alno\u015b\u0107 w zakresie mechaniki grunt\u00f3w, przy czym dzia\u0142alno\u015b\u0107 ta dotyczy realizacji bada\u0144 laboratoryjnych i terenowych w tym: wyznaczanie w\u0142a\u015bciwo\u015bci fizycznych i filtracyjnych grunt\u00f3w mineralnych oraz parametr\u00f3w ich zag\u0119szczalno\u015bci, ustalanie parametr\u00f3w wytrzyma\u0142o\u015bciowych i odkszta\u0142ceniowych grunt\u00f3w, okre\u015blanie parametr\u00f3w geotechnicznych grunt\u00f3w dla potrzeb projektowych i wykonawstwa &#8211; fundamentowanie, budownictwo ziemno-nasypowe (nasypy komunikacyjne, obwa\u0142owania ciek\u00f3w wodnych), oraz&#8230; <\/p>\n<div class=\"clear\"><\/div>\n<p><a href=\"https:\/\/csi.panschelm.edu.pl\/?page_id=4211\" class=\"excerpt-read-more\">Czytaj wi\u0119cej<i class=\"fa fa-angle-double-right icon-double-angle-right\"><\/i><\/a><\/p>\n","protected":false},"author":1,"featured_media":4212,"parent":0,"menu_order":0,"comment_status":"closed","ping_status":"closed","template":"","meta":{"footnotes":""},"class_list":["post-4211","page","type-page","status-publish","has-post-thumbnail","hentry"],"_links":{"self":[{"href":"https:\/\/csi.panschelm.edu.pl\/index.php?rest_route=\/wp\/v2\/pages\/4211","targetHints":{"allow":["GET"]}}],"collection":[{"href":"https:\/\/csi.panschelm.edu.pl\/index.php?rest_route=\/wp\/v2\/pages"}],"about":[{"href":"https:\/\/csi.panschelm.edu.pl\/index.php?rest_route=\/wp\/v2\/types\/page"}],"author":[{"embeddable":true,"href":"https:\/\/csi.panschelm.edu.pl\/index.php?rest_route=\/wp\/v2\/users\/1"}],"replies":[{"embeddable":true,"href":"https:\/\/csi.panschelm.edu.pl\/index.php?rest_route=%2Fwp%2Fv2%2Fcomments&post=4211"}],"version-history":[{"count":4,"href":"https:\/\/csi.panschelm.edu.pl\/index.php?rest_route=\/wp\/v2\/pages\/4211\/revisions"}],"predecessor-version":[{"id":5201,"href":"https:\/\/csi.panschelm.edu.pl\/index.php?rest_route=\/wp\/v2\/pages\/4211\/revisions\/5201"}],"wp:featuredmedia":[{"embeddable":true,"href":"https:\/\/csi.panschelm.edu.pl\/index.php?rest_route=\/wp\/v2\/media\/4212"}],"wp:attachment":[{"href":"https:\/\/csi.panschelm.edu.pl\/index.php?rest_route=%2Fwp%2Fv2%2Fmedia&parent=4211"}],"curies":[{"name":"wp","href":"https:\/\/api.w.org\/{rel}","templated":true}]}}