{"id":4198,"date":"2019-09-11T14:35:16","date_gmt":"2019-09-11T12:35:16","guid":{"rendered":"http:\/\/csi.pwszchelm.edu.pl\/?page_id=4198"},"modified":"2020-06-26T08:55:32","modified_gmt":"2020-06-26T06:55:32","slug":"laboratorium-materialow-budowlanych","status":"publish","type":"page","link":"https:\/\/csi.panschelm.edu.pl\/?page_id=4198","title":{"rendered":"Laboratorium Materia\u0142\u00f3w Budowlanych"},"content":{"rendered":"<p><img loading=\"lazy\" decoding=\"async\" class=\"aligncenter wp-image-4199 size-full\" src=\"http:\/\/csi.panschelm.edu.pl\/wp-content\/uploads\/2019\/09\/lab-materialow-budowlanych.png\" alt=\"\" width=\"735\" height=\"569\" srcset=\"https:\/\/csi.panschelm.edu.pl\/wp-content\/uploads\/2019\/09\/lab-materialow-budowlanych.png 735w, https:\/\/csi.panschelm.edu.pl\/wp-content\/uploads\/2019\/09\/lab-materialow-budowlanych-300x232.png 300w\" sizes=\"auto, (max-width: 735px) 100vw, 735px\" \/><\/p>\n<div id=\"content-w2\">\n<div class=\"item-page\">\n<p>Laboratorium wyposa\u017cone jest w nowoczesn\u0105 aparatur\u0119, urz\u0105dzenia i sprz\u0119t kontrolno-pomiarowy, umo\u017cliwiaj\u0105cy badanie cech fizycznych, mechanicznych i strukturalnych materia\u0142\u00f3w budowlanych.<\/p>\n<p>&nbsp;<\/p>\n<p><strong>W laboratorium mog\u0105 by\u0107 wykonywane badania:<\/strong><\/p>\n<ul>\n<li>surowc\u00f3w, materia\u0142\u00f3w i wyrob\u00f3w budowlanych pod k\u0105tem ich zgodno\u015bci z wymaganiami norm PN i PN-EN,<\/li>\n<li>cech fizycznych i mechanicznych (g\u0119sto\u015b\u0107,\u00a0g\u0119sto\u015b\u0107 pozorna, szczelno\u015b\u0107, porowato\u015b\u0107, wilgotno\u015b\u0107, nasi\u0105kliwo\u015b\u0107, wodoszczelno\u015b\u0107, mrozoodporno\u015b\u0107, \u015bcieralno\u015b\u0107, czas wi\u0105zania spoiw, skurcz, p\u0119cznienie, wytrzyma\u0142o\u015b\u0107 na \u015bciskanie, rozci\u0105ganie i zginanie) takich materia\u0142\u00f3w jak: kamie\u0144, kruszywa mineralne, spoiwa budowlane (w tym cement) oraz spoiwa gipsowe i wapienne, surowce i wyroby ceramiczne, zaprawy, tworzywa cementowe (w tym beton zwyk\u0142y i lekki), betony specjalne, oraz beton kom\u00f3rkowy,<\/li>\n<li>projektowanie sk\u0142adu zapraw i mieszanek betonowych.<\/li>\n<\/ul>\n<p><strong>Wyposa\u017cenie laboratorium:<\/strong><\/p>\n<ul>\n<li>maszyna wytrzyma\u0142o\u015bciowa H0265 Proeti,<\/li>\n<li>maszyna wytrzyma\u0142o\u015bciowa H0270 Proeti,<\/li>\n<li>maszyna wytrzyma\u0142o\u015bciowa HT-2101 Hung Ta,<\/li>\n<li>maszyna wytrzyma\u0142o\u015bciowa S0373\/1 Proeti,<\/li>\n<li>maszyna wytrzyma\u0142o\u015bciowa HT-9711 Hung Ta,<\/li>\n<li>ultrad\u017awi\u0119kowy miernik LM 27193-022 stosowany do lokalizacji element\u00f3w metalowych w betonie Elcometer,<\/li>\n<li>maszyna wytrzyma\u0142o\u015bciowa H0275 Proeti,<\/li>\n<li>waga laboratoryjna PS 3500\/C\/2 Radwag,<\/li>\n<li>waga hydrostatyczna P0030 Proeti,<\/li>\n<li>suszarka termoplastyczna pr\u00f3\u017cniowa DZ-2B CII Chemland,<\/li>\n<li>sterowany cyfrowo piec do suszenia pr\u00f3bek P0226 z konwekcj\u0105 swobodn\u0105 Chemland,<\/li>\n<li>komora do bada\u0144 mrozoodporno\u015bci materia\u0142\u00f3w budowlanych V0200 Raypa,<\/li>\n<li>sterowana termostatem \u0142a\u017ania wodna B0051 Proeti,<\/li>\n<li>wanna do przechowywania pr\u00f3bek,<\/li>\n<li>stolik wstrz\u0105sowy na formy tr\u00f3jdzielne C0100 Proeti,<\/li>\n<li>wibrator wg\u0142\u0119bny H0115 Proeti,<\/li>\n<li>aparat Blaine\u2019a C0010 Proeti,<\/li>\n<li>aparat Vicata C0016 Proeti,<\/li>\n<li>stolik rozp\u0142ywowy (opadowy) manualny H0016 Proeti,<\/li>\n<li>stolik rozp\u0142ywowy C0020 Proeti,<\/li>\n<li>penetrometr C0018 Proeti,<\/li>\n<li>pier\u015bcie\u0144 Le Chateriela C0030 Proeti,<\/li>\n<li>konsystometr H0014 Proeti,<\/li>\n<li>sto\u017cek Abramsa H0001-5 Proeti,<\/li>\n<li>stolik wibracyjny \u2013 rozp\u0142ywowy H0027 Proeti,<\/li>\n<li>aparat H0047 Proeti,<\/li>\n<li>cylindry H0034, H0032 Proeti,<\/li>\n<li>aparat H0330 Proeti,<\/li>\n<li>tarcza B\u0151hmego Proeti,<\/li>\n<li>aparat C0037 Graf-Kaufmanna,<\/li>\n<li>aparat Amslera H0346 Proeti,<\/li>\n<li>m\u0142ynek laboratoryjny A0671 Proeti,<\/li>\n<li>piec muflowy FCF 5SHM Czylok,<\/li>\n<li>mieszarka laboratoryjna C0087 Proeti,<\/li>\n<li>prasa do bada\u0144 wytrzyma\u0142o\u015bciowych S0373 Proeti,<\/li>\n<li>betonoskop H0394 Proeti,<\/li>\n<li>betonoskop NDE 360 Olson Instruments,<\/li>\n<li>dwustanowiskowa maszyna wytrzyma\u0142o\u015bciowa C0117 Proeti.<\/li>\n<\/ul>\n<div class=\"clear\"><\/div><div class=\"gdlr-space\" style=\"margin-top: 40px;\"><\/div>\n<div class=\"gdlr-frame-shortcode gdlr-align-left\"><div class=\"gdlr-frame frame-type-border\" > <div class=\"gdlr-image-link-shortcode\" style=\"max-width: 100%\" ><img decoding=\"async\" src=\"http:\/\/csi.panschelm.edu.pl\/wp-content\/uploads\/2019\/09\/maszyna-wytrzymalosciowa-proeti-h0265.jpg\" alt=\" \" \/><a href=\"http:\/\/csi.panschelm.edu.pl\/wp-content\/uploads\/2019\/09\/maszyna-wytrzymalosciowa-proeti-h0265.jpg\"  data-rel=\"fancybox\"  target=\"_blank\" ><span class=\"gdlr-image-link-overlay\">&nbsp;<\/span><span class=\"gdlr-image-link-icon\"><i class=\"fa fa-search\" ><\/i><\/span><\/a><\/div><\/div><span class=\"gdlr-frame-caption\"> Maszyna wytrzyma\u0142o\u015bciowa Proeti H0265 <\/span><\/div>\n<p>Urz\u0105dzenie s\u0142u\u017cy do przeprowadzania test\u00f3w \u015bciskania pr\u00f3bek o wysokiej wytrzyma\u0142o\u015bci takich jak: betonu, ska\u0142 lub ceramiki. Maszyna sk\u0142ada si\u0119 z dw\u00f3ch podstawowych podzespo\u0142\u00f3w: korpusu w kt\u00f3rym pr\u00f3bki s\u0105 wykrywane i poddawane dzia\u0142aniu obci\u0105\u017ce\u0144 pr\u00f3bnych oraz tablicy sterowniczej gdzie napr\u0119\u017cenia pr\u00f3bne s\u0105 wytwarzane, kontrolowane i mierzone.<\/p>\n<div class=\"gdlr-shortcode-wrapper\"><div class=\"clear\"><\/div><div class=\"gdlr-item gdlr-divider-item\"  ><div class=\"gdlr-divider solid\"  style=\"width: 100%;\" ><\/div><\/div><\/div>\n<div class=\"gdlr-frame-shortcode gdlr-align-left\"><div class=\"gdlr-frame frame-type-border\" > <div class=\"gdlr-image-link-shortcode\" style=\"max-width: 100%\" ><img decoding=\"async\" src=\"http:\/\/csi.panschelm.edu.pl\/wp-content\/uploads\/2019\/09\/maszyna-wytrzymalosciowa-proeti-h0270.png\" alt=\" \" \/><a href=\"http:\/\/csi.panschelm.edu.pl\/wp-content\/uploads\/2019\/09\/maszyna-wytrzymalosciowa-proeti-h0270.png\"  data-rel=\"fancybox\"  target=\"_blank\" ><span class=\"gdlr-image-link-overlay\">&nbsp;<\/span><span class=\"gdlr-image-link-icon\"><i class=\"fa fa-search\" ><\/i><\/span><\/a><\/div><\/div><span class=\"gdlr-frame-caption\"> Maszyna wytrzyma\u0142o\u015bciowa Proeti H0270 <\/span><\/div>\n<p>Maszyna s\u0142u\u017cy do przeprowadzania pr\u00f3b zginania wyrob\u00f3w takich jak: kraw\u0119\u017cniki, belki, p\u0142ytki. G\u00f3rny nap\u00f3r jest zgodny z norm\u0105 PN-EN 1340 (podk\u0142adka stalowa o \u015brednicy 40mm i grubo\u015bci min. 20mm).<\/p>\n<div class=\"gdlr-shortcode-wrapper\"><div class=\"clear\"><\/div><div class=\"gdlr-item gdlr-divider-item\"  ><div class=\"gdlr-divider solid\"  style=\"width: 100%;\" ><\/div><\/div><\/div>\n<div class=\"gdlr-frame-shortcode gdlr-align-left\"><div class=\"gdlr-frame frame-type-border\" > <div class=\"gdlr-image-link-shortcode\" style=\"max-width: 100%\" ><img decoding=\"async\" src=\"http:\/\/csi.panschelm.edu.pl\/wp-content\/uploads\/2020\/06\/Maszyna-wytrzyma\u0142o\u015bciowa-HT-2101-500kN-HUNGTA.jpg\" alt=\" \" \/><a href=\"http:\/\/csi.panschelm.edu.pl\/wp-content\/uploads\/2020\/06\/Maszyna-wytrzyma\u0142o\u015bciowa-HT-2101-500kN-HUNGTA.jpg\"  data-rel=\"fancybox\"  target=\"_blank\" ><span class=\"gdlr-image-link-overlay\">&nbsp;<\/span><span class=\"gdlr-image-link-icon\"><i class=\"fa fa-search\" ><\/i><\/span><\/a><\/div><\/div><span class=\"gdlr-frame-caption\"> Maszyna wytrzyma\u0142o\u015bciowa HT-2101 <\/span><\/div>\n<p>Maszyna HT-2101 dzi\u0119ki szerokiej gamie funkcji i aplikacji jest stosowana do kontroli i bada\u0144 statycznego pomiaru rozci\u0105gania, \u015bciskania, zginania w przedziale materia\u0142\u00f3w takich jak: guma, tworzywa sztuczne, sk\u00f3ry, przewody elektryczne, tkaniny, w\u0142\u00f3kna, papier, materia\u0142y budowlane, polimery. Dzi\u0119ki swej konstrukcji posiada bardzo stabiln\u0105 i precyzyjn\u0105 ram\u0119, pewny ruch belki, wysok\u0105 dok\u0142adno\u015b\u0107 pomiarow\u0105 si\u0142y w pierwszej klasie, pomiar w funkcji czasu oraz w funkcji napr\u0119\u017cenie- odkszta\u0142cenie.<\/p>\n<div class=\"gdlr-shortcode-wrapper\"><div class=\"clear\"><\/div><div class=\"gdlr-item gdlr-divider-item\"  ><div class=\"gdlr-divider solid\"  style=\"width: 100%;\" ><\/div><\/div><\/div>\n<div class=\"gdlr-frame-shortcode gdlr-align-left\"><div class=\"gdlr-frame frame-type-border\" > <div class=\"gdlr-image-link-shortcode\" style=\"max-width: 100%\" ><img decoding=\"async\" src=\"http:\/\/csi.panschelm.edu.pl\/wp-content\/uploads\/2020\/06\/image5-2.jpeg\" alt=\" \" \/><a href=\"http:\/\/csi.panschelm.edu.pl\/wp-content\/uploads\/2020\/06\/image5-2.jpeg\"  data-rel=\"fancybox\"  target=\"_blank\" ><span class=\"gdlr-image-link-overlay\">&nbsp;<\/span><span class=\"gdlr-image-link-icon\"><i class=\"fa fa-search\" ><\/i><\/span><\/a><\/div><\/div><span class=\"gdlr-frame-caption\"> Ultrad\u017awi\u0119kowy miernik LM 27193-022 stosowany do lokalizacji element\u00f3w metalowych w betonie <\/span><\/div>\n<p>Mo\u017cliwo\u015bci badawcze:<\/p>\n<ul>\n<li>szybka i dok\u0142adna lokalizacja element\u00f3w metalowych w betonie.<\/li>\n<li>pomiar \u015brednicy zlokalizowanych pr\u0119t\u00f3w,<\/li>\n<li>mo\u017cliwo\u015b\u0107 wykorzystania przy sprawdzaniu prawdopodobie\u0144stwa skorodowania element\u00f3w metalowych wewn\u0105trz struktury betonu,<\/li>\n<\/ul>\n<div class=\"gdlr-shortcode-wrapper\"><div class=\"clear\"><\/div><div class=\"gdlr-item gdlr-divider-item\"  ><div class=\"gdlr-divider solid\"  style=\"width: 100%;\" ><\/div><\/div><\/div>\n<div class=\"gdlr-frame-shortcode gdlr-align-left\"><div class=\"gdlr-frame frame-type-border\" > <div class=\"gdlr-image-link-shortcode\" style=\"max-width: 100%\" ><img decoding=\"async\" src=\"http:\/\/csi.panschelm.edu.pl\/wp-content\/uploads\/2020\/06\/image6-1.jpeg\" alt=\" \" \/><a href=\"http:\/\/csi.panschelm.edu.pl\/wp-content\/uploads\/2020\/06\/image6-1.jpeg\"  data-rel=\"fancybox\"  target=\"_blank\" ><span class=\"gdlr-image-link-overlay\">&nbsp;<\/span><span class=\"gdlr-image-link-icon\"><i class=\"fa fa-search\" ><\/i><\/span><\/a><\/div><\/div><span class=\"gdlr-frame-caption\"> Suszarka termoplastyczna pr\u00f3\u017cniowa DZ-2B CII<\/span><\/div>\n<p>Suszarka termoplastyczna DZ-2B CII z pomp\u0105 pr\u00f3\u017cniow\u0105 jest wykorzystywana w procesach uzyskania zak\u0142adanej wilgotno\u015bci materia\u0142\u00f3w sypkich jak r\u00f3wnie\u017c sterylizacji opakowa\u0144 szklanych. Do g\u0142\u00f3wnych zalet suszarki nale\u017cy szybki czas nagrzewania. Powszechnie jest stosowana w dziedzinach takich jak medycyna, przemys\u0142 budowlany, przemys\u0142 chemiczny, rolnictwo.<\/p>\n<div class=\"gdlr-shortcode-wrapper\"><div class=\"clear\"><\/div><div class=\"gdlr-item gdlr-divider-item\"  ><div class=\"gdlr-divider solid\"  style=\"width: 100%;\" ><\/div><\/div><\/div>\n<div class=\"gdlr-frame-shortcode gdlr-align-left\"><div class=\"gdlr-frame frame-type-border\" > <div class=\"gdlr-image-link-shortcode\" style=\"max-width: 100%\" ><img decoding=\"async\" src=\"http:\/\/csi.panschelm.edu.pl\/wp-content\/uploads\/2020\/06\/image7.jpeg\" alt=\" \" \/><a href=\"http:\/\/csi.panschelm.edu.pl\/wp-content\/uploads\/2020\/06\/image7.jpeg\"  data-rel=\"fancybox\"  target=\"_blank\" ><span class=\"gdlr-image-link-overlay\">&nbsp;<\/span><span class=\"gdlr-image-link-icon\"><i class=\"fa fa-search\" ><\/i><\/span><\/a><\/div><\/div><span class=\"gdlr-frame-caption\"> Sterowany cyfrowo piec do suszenia pr\u00f3bek P0226 z konwekcj\u0105 swobodn\u0105<\/span><\/div>\n<p>Piec P0226 jest przeznaczony do suszenia du\u017cych ilo\u015bci pr\u00f3bek przeznaczonych do bada\u0144 laboratoryjnych lub wykorzystywanych w procesie produkcji. Urz\u0105dzenie jest wyposa\u017cone w regulowany obieg powietrza kt\u00f3ry pozwala na uzyskanie zak\u0142adanego \u015brodowiska podczas pracy pieca.<\/p>\n<div class=\"gdlr-shortcode-wrapper\"><div class=\"clear\"><\/div><div class=\"gdlr-item gdlr-divider-item\"  ><div class=\"gdlr-divider solid\"  style=\"width: 100%;\" ><\/div><\/div><\/div>\n<\/div>\n<div class=\"gdlr-frame-shortcode gdlr-align-left\"><div class=\"gdlr-frame frame-type-border\" > <div class=\"gdlr-image-link-shortcode\" style=\"max-width: 100%\" ><img decoding=\"async\" src=\"http:\/\/csi.panschelm.edu.pl\/wp-content\/uploads\/2020\/06\/image8.jpeg\" alt=\" \" \/><a href=\"http:\/\/csi.panschelm.edu.pl\/wp-content\/uploads\/2020\/06\/image8.jpeg\"  data-rel=\"fancybox\"  target=\"_blank\" ><span class=\"gdlr-image-link-overlay\">&nbsp;<\/span><span class=\"gdlr-image-link-icon\"><i class=\"fa fa-search\" ><\/i><\/span><\/a><\/div><\/div><span class=\"gdlr-frame-caption\"> Stolik wstrz\u0105sowy na formy tr\u00f3jdzielne C0100<\/span><\/div>\n<p>Stolik wstrz\u0105sowy C0100 s\u0142u\u017cy do przygotowania pr\u00f3bek zaprawy poprzez realizowanie procesu zag\u0119szczania badanego materia\u0142u.<\/p>\n<div class=\"gdlr-shortcode-wrapper\"><div class=\"clear\"><\/div><div class=\"gdlr-item gdlr-divider-item\"  ><div class=\"gdlr-divider solid\"  style=\"width: 100%;\" ><\/div><\/div><\/div>\n<div class=\"gdlr-frame-shortcode gdlr-align-left\"><div class=\"gdlr-frame frame-type-border\" > <div class=\"gdlr-image-link-shortcode\" style=\"max-width: 100%\" ><img decoding=\"async\" src=\"http:\/\/csi.panschelm.edu.pl\/wp-content\/uploads\/2020\/06\/image9.jpeg\" alt=\" \" \/><a href=\"http:\/\/csi.panschelm.edu.pl\/wp-content\/uploads\/2020\/06\/image9.jpeg\"  data-rel=\"fancybox\"  target=\"_blank\" ><span class=\"gdlr-image-link-overlay\">&nbsp;<\/span><span class=\"gdlr-image-link-icon\"><i class=\"fa fa-search\" ><\/i><\/span><\/a><\/div><\/div><span class=\"gdlr-frame-caption\"> Aparat H0047<\/span><\/div>\n<p>Aparat H0047 s\u0142u\u017cy do badania zawarto\u015bci powietrza w zaprawie i mieszance betonowej zgodnie z normami UNE 7141, 83.315; ASTM C231; BS 1881; DIN 1048.<\/p>\n<div class=\"gdlr-shortcode-wrapper\"><div class=\"clear\"><\/div><div class=\"gdlr-item gdlr-divider-item\"  ><div class=\"gdlr-divider solid\"  style=\"width: 100%;\" ><\/div><\/div><\/div>\n<div class=\"gdlr-frame-shortcode gdlr-align-left\"><div class=\"gdlr-frame frame-type-border\" > <div class=\"gdlr-image-link-shortcode\" style=\"max-width: 100%\" ><img decoding=\"async\" src=\"http:\/\/csi.panschelm.edu.pl\/wp-content\/uploads\/2020\/06\/image10-1.jpeg\" alt=\" \" \/><a href=\"http:\/\/csi.panschelm.edu.pl\/wp-content\/uploads\/2020\/06\/image10-1.jpeg\"  data-rel=\"fancybox\"  target=\"_blank\" ><span class=\"gdlr-image-link-overlay\">&nbsp;<\/span><span class=\"gdlr-image-link-icon\"><i class=\"fa fa-search\" ><\/i><\/span><\/a><\/div><\/div><span class=\"gdlr-frame-caption\"> Aparat H0330<\/span><\/div>\n<p>Aparat H0330 s\u0142u\u017cy do okre\u015blenia przenikania wody w pr\u00f3bkach betonowych.<\/p>\n<div class=\"gdlr-shortcode-wrapper\"><div class=\"clear\"><\/div><div class=\"gdlr-item gdlr-divider-item\"  ><div class=\"gdlr-divider solid\"  style=\"width: 100%;\" ><\/div><\/div><\/div>\n<div class=\"gdlr-frame-shortcode gdlr-align-left\"><div class=\"gdlr-frame frame-type-border\" > <div class=\"gdlr-image-link-shortcode\" style=\"max-width: 100%\" ><img decoding=\"async\" src=\"http:\/\/csi.panschelm.edu.pl\/wp-content\/uploads\/2020\/06\/image11.jpeg\" alt=\" \" \/><a href=\"http:\/\/csi.panschelm.edu.pl\/wp-content\/uploads\/2020\/06\/image11.jpeg\"  data-rel=\"fancybox\"  target=\"_blank\" ><span class=\"gdlr-image-link-overlay\">&nbsp;<\/span><span class=\"gdlr-image-link-icon\"><i class=\"fa fa-search\" ><\/i><\/span><\/a><\/div><\/div><span class=\"gdlr-frame-caption\"> Tarcza B\u0151hmego<\/span><\/div>\n<p>Tarcza B\u0151hmego przeznaczona jest do badania zmiany obj\u0119to\u015bci pod wp\u0142ywem \u015bcierania na pr\u00f3bkach takich jak:<\/p>\n<ul>\n<li>p\u0142yty chodnikowe,<\/li>\n<li>p\u0142yty betonowe,<\/li>\n<li>p\u0142yty wykonane z naturalnych ska\u0142,<\/li>\n<li>p\u0142yty kamienne.<\/li>\n<\/ul>\n<div class=\"gdlr-shortcode-wrapper\"><div class=\"clear\"><\/div><div class=\"gdlr-item gdlr-divider-item\"  ><div class=\"gdlr-divider solid\"  style=\"width: 100%;\" ><\/div><\/div><\/div>\n<div class=\"gdlr-frame-shortcode gdlr-align-left\"><div class=\"gdlr-frame frame-type-border\" > <div class=\"gdlr-image-link-shortcode\" style=\"max-width: 100%\" ><img decoding=\"async\" src=\"http:\/\/csi.panschelm.edu.pl\/wp-content\/uploads\/2020\/06\/image12.jpeg\" alt=\" \" \/><a href=\"http:\/\/csi.panschelm.edu.pl\/wp-content\/uploads\/2020\/06\/image12.jpeg\"  data-rel=\"fancybox\"  target=\"_blank\" ><span class=\"gdlr-image-link-overlay\">&nbsp;<\/span><span class=\"gdlr-image-link-icon\"><i class=\"fa fa-search\" ><\/i><\/span><\/a><\/div><\/div><span class=\"gdlr-frame-caption\"> Mieszarka laboratoryjna C0087<\/span><\/div>\n<p>Mieszarka C0087 jest wykorzystywana do przygotowywania mieszanek bitumicznych, zapraw oraz kompozyt\u00f3w cementowych przeznaczonych do test\u00f3w Marshalla. Konstrukcja mieszarki pozwala przygotowanie materia\u0142\u00f3w w zadanej temperaturze.<\/p>\n<div class=\"gdlr-shortcode-wrapper\"><div class=\"clear\"><\/div><div class=\"gdlr-item gdlr-divider-item\"  ><div class=\"gdlr-divider solid\"  style=\"width: 100%;\" ><\/div><\/div><\/div>\n<div class=\"gdlr-frame-shortcode gdlr-align-left\"><div class=\"gdlr-frame frame-type-border\" > <div class=\"gdlr-image-link-shortcode\" style=\"max-width: 100%\" ><img decoding=\"async\" src=\"http:\/\/csi.panschelm.edu.pl\/wp-content\/uploads\/2020\/06\/image13.jpeg\" alt=\" \" \/><a href=\"http:\/\/csi.panschelm.edu.pl\/wp-content\/uploads\/2020\/06\/image13.jpeg\"  data-rel=\"fancybox\"  target=\"_blank\" ><span class=\"gdlr-image-link-overlay\">&nbsp;<\/span><span class=\"gdlr-image-link-icon\"><i class=\"fa fa-search\" ><\/i><\/span><\/a><\/div><\/div><span class=\"gdlr-frame-caption\"> Prasa do bada\u0144 wytrzyma\u0142o\u015bciowych S0373<\/span><\/div>\n<p>Maszyna wytrzyma\u0142o\u015bciowa do bada\u0144 pr\u00f3bek betonowych, ska\u0142 lub ceramiki<\/p>\n<div class=\"gdlr-shortcode-wrapper\"><div class=\"clear\"><\/div><div class=\"gdlr-item gdlr-divider-item\"  ><div class=\"gdlr-divider solid\"  style=\"width: 100%;\" ><\/div><\/div><\/div>\n<\/div>\n","protected":false},"excerpt":{"rendered":"<p>Laboratorium wyposa\u017cone jest w nowoczesn\u0105 aparatur\u0119, urz\u0105dzenia i sprz\u0119t kontrolno-pomiarowy, umo\u017cliwiaj\u0105cy badanie cech fizycznych, mechanicznych i strukturalnych materia\u0142\u00f3w budowlanych. &nbsp; W laboratorium mog\u0105 by\u0107 wykonywane badania: surowc\u00f3w, materia\u0142\u00f3w i wyrob\u00f3w budowlanych pod k\u0105tem ich zgodno\u015bci z wymaganiami norm PN i PN-EN, cech fizycznych i mechanicznych (g\u0119sto\u015b\u0107,\u00a0g\u0119sto\u015b\u0107 pozorna, szczelno\u015b\u0107, porowato\u015b\u0107, wilgotno\u015b\u0107, nasi\u0105kliwo\u015b\u0107, wodoszczelno\u015b\u0107, mrozoodporno\u015b\u0107, \u015bcieralno\u015b\u0107, czas&#8230; <\/p>\n<div class=\"clear\"><\/div>\n<p><a href=\"https:\/\/csi.panschelm.edu.pl\/?page_id=4198\" class=\"excerpt-read-more\">Czytaj wi\u0119cej<i class=\"fa fa-angle-double-right icon-double-angle-right\"><\/i><\/a><\/p>\n","protected":false},"author":1,"featured_media":4199,"parent":0,"menu_order":0,"comment_status":"closed","ping_status":"closed","template":"","meta":{"footnotes":""},"class_list":["post-4198","page","type-page","status-publish","has-post-thumbnail","hentry"],"_links":{"self":[{"href":"https:\/\/csi.panschelm.edu.pl\/index.php?rest_route=\/wp\/v2\/pages\/4198","targetHints":{"allow":["GET"]}}],"collection":[{"href":"https:\/\/csi.panschelm.edu.pl\/index.php?rest_route=\/wp\/v2\/pages"}],"about":[{"href":"https:\/\/csi.panschelm.edu.pl\/index.php?rest_route=\/wp\/v2\/types\/page"}],"author":[{"embeddable":true,"href":"https:\/\/csi.panschelm.edu.pl\/index.php?rest_route=\/wp\/v2\/users\/1"}],"replies":[{"embeddable":true,"href":"https:\/\/csi.panschelm.edu.pl\/index.php?rest_route=%2Fwp%2Fv2%2Fcomments&post=4198"}],"version-history":[{"count":5,"href":"https:\/\/csi.panschelm.edu.pl\/index.php?rest_route=\/wp\/v2\/pages\/4198\/revisions"}],"predecessor-version":[{"id":5178,"href":"https:\/\/csi.panschelm.edu.pl\/index.php?rest_route=\/wp\/v2\/pages\/4198\/revisions\/5178"}],"wp:featuredmedia":[{"embeddable":true,"href":"https:\/\/csi.panschelm.edu.pl\/index.php?rest_route=\/wp\/v2\/media\/4199"}],"wp:attachment":[{"href":"https:\/\/csi.panschelm.edu.pl\/index.php?rest_route=%2Fwp%2Fv2%2Fmedia&parent=4198"}],"curies":[{"name":"wp","href":"https:\/\/api.w.org\/{rel}","templated":true}]}}