{"id":4180,"date":"2019-09-10T07:50:46","date_gmt":"2019-09-10T05:50:46","guid":{"rendered":"http:\/\/csi.pwszchelm.edu.pl\/?page_id=4180"},"modified":"2020-06-22T08:11:09","modified_gmt":"2020-06-22T06:11:09","slug":"laboratorium-automatyki-i-robotyki","status":"publish","type":"page","link":"https:\/\/csi.panschelm.edu.pl\/?page_id=4180","title":{"rendered":"Laboratorium Automatyki i Robotyki"},"content":{"rendered":"<p><img loading=\"lazy\" decoding=\"async\" class=\"size-full wp-image-4771 aligncenter\" src=\"http:\/\/csi.panschelm.edu.pl\/wp-content\/uploads\/2020\/06\/GAB_3332.jpg\" alt=\"\" width=\"1600\" height=\"1066\" srcset=\"https:\/\/csi.panschelm.edu.pl\/wp-content\/uploads\/2020\/06\/GAB_3332.jpg 1600w, https:\/\/csi.panschelm.edu.pl\/wp-content\/uploads\/2020\/06\/GAB_3332-300x200.jpg 300w, https:\/\/csi.panschelm.edu.pl\/wp-content\/uploads\/2020\/06\/GAB_3332-1024x682.jpg 1024w, https:\/\/csi.panschelm.edu.pl\/wp-content\/uploads\/2020\/06\/GAB_3332-768x512.jpg 768w, https:\/\/csi.panschelm.edu.pl\/wp-content\/uploads\/2020\/06\/GAB_3332-1536x1023.jpg 1536w\" sizes=\"auto, (max-width: 1600px) 100vw, 1600px\" \/><\/p>\n<p>W laboratorium znajduj\u0105 si\u0119 stanowiska do badania uk\u0142ad\u00f3w automatyki przemys\u0142owej, oraz badania uk\u0142ad\u00f3w pneumatycznych i elektropneumatycznych. Znajduj\u0105 si\u0119 tu r\u00f3wnie\u017c stanowiska do nauki: podstaw techniki mikroprocesorowej, programowania sterownik\u00f3w PLC, a tak\u017ce tworzenia wizualizacji proces\u00f3w przemys\u0142owych w systemie typu SCADA.<\/p>\n<p>&nbsp;<\/p>\n<p><strong>Wyposa\u017cenie:<\/strong><\/p>\n<ul>\n<li>stanowiska do nauki programowania sterownik\u00f3w GE Intelligent Platforms serii PACSystems RX3i (prod. ASTOR),<\/li>\n<li>oprogramowanie Proficy Machine Edition,<\/li>\n<li>stanowiska do badania uk\u0142ad\u00f3w pneumatycznych i elektropneumatycznych (prod. PNEUMAX),<\/li>\n<li>oprogramowanie Wonderware InTouch 2014 R2,<\/li>\n<li>stanowisko do badania sekwencyjnych uk\u0142ad\u00f3w prze\u0142\u0105czaj\u0105cych (prod. ASIT),<\/li>\n<li>stanowisko do projektowania przeka\u017anikowych uk\u0142ad\u00f3w prze\u0142\u0105czaj\u0105cych (prod. ASIT),<\/li>\n<li>stanowisko do badania uk\u0142adu automatycznej regulacji z wykorzystaniem regulatora PID (prod. ASIT),<\/li>\n<li>stanowisko do badania uk\u0142ad\u00f3w regulacji dwupo\u0142o\u017ceniowej (prod. ASIT),<\/li>\n<li>stanowisko do badania charakterystyk statycznych i histerez sztucznego mi\u0119\u015bnia pneumatycznego (prod. ASIT),<\/li>\n<li>stanowisko do badania w\u0142a\u015bciwo\u015bci dynamicznych czujnika temperatury (prod. ASIT),<\/li>\n<li>dydaktyczne systemy mikroprocesorowe DSM-51 (prod. MicroMade).<\/li>\n<\/ul>\n<p>&nbsp;<\/p>\n<p><strong>Przedmioty realizowane w tym laboratorium:<\/strong><\/p>\n<p><strong>&#8211; na kierunku Elektrotechnika:<\/strong><\/p>\n<ul>\n<li>Podstawy automatyki<\/li>\n<li>Podstawy techniki mikroprocesorowej<\/li>\n<li>Programowanie sterownik\u00f3w PLC<\/li>\n<li>Podstawy robotyki<\/li>\n<li>Podstawy pneumatyki<\/li>\n<li>Systemy SCADA<\/li>\n<\/ul>\n<p><strong>&#8211; na kierunku Mechanika i Budowa Maszyn:<\/strong><\/p>\n<ul>\n<li>Podstawy automatyki<\/li>\n<li>Pneumatyka z hydraulik\u0105<\/li>\n<li>Mikroprocesorowe uk\u0142ady sterowania<\/li>\n<li>Podstawy robotyki<\/li>\n<li>Sterowniki programowalne PLC<\/li>\n<\/ul>\n<p><strong>&#8211; na kierunku Nauczanie mechatroniki (studia podyplomowe):<\/strong><\/p>\n<ul>\n<li>Pneumatyka z hydraulik\u0105<\/li>\n<li>Podstawy robotyki<\/li>\n<li>Podstawy automatyki<\/li>\n<li>Mikroprocesorowe uk\u0142ady sterowania<\/li>\n<li>Sterowniki programowalne PLC<\/li>\n<\/ul>\n<div class=\"clear\"><\/div><div class=\"gdlr-space\" style=\"margin-top: 40px;\"><\/div>\n<div class=\"gdlr-frame-shortcode gdlr-align-left\"><div class=\"gdlr-frame frame-type-border\" > <div class=\"gdlr-image-link-shortcode\" style=\"max-width: 100%\" ><img decoding=\"async\" src=\"http:\/\/csi.panschelm.edu.pl\/wp-content\/uploads\/2020\/06\/Stanowiska-do-nauki-programowania-sterownik\u00f3w-GE-Intelligent-Platforms-serii-PACSystems-RX3i.jpg\" alt=\" \" \/><a href=\"http:\/\/csi.panschelm.edu.pl\/wp-content\/uploads\/2020\/06\/Stanowiska-do-nauki-programowania-sterownik\u00f3w-GE-Intelligent-Platforms-serii-PACSystems-RX3i.jpg\"  data-rel=\"fancybox\"  target=\"_blank\" ><span class=\"gdlr-image-link-overlay\">&nbsp;<\/span><span class=\"gdlr-image-link-icon\"><i class=\"fa fa-search\" ><\/i><\/span><\/a><\/div><\/div><span class=\"gdlr-frame-caption\">Stanowisko do nauki programowania sterownik\u00f3w GE Intelligent Platforms serii PACSystems RX3i<\/span><\/div>\n<div class=\"gdlr-shortcode-wrapper\"><div class=\"clear\"><\/div><div class=\"gdlr-item gdlr-divider-item\"  ><div class=\"gdlr-divider solid\"  style=\"width: 100%;\" ><\/div><\/div><\/div>\n<div class=\"gdlr-frame-shortcode gdlr-align-left\"><div class=\"gdlr-frame frame-type-border\" > <div class=\"gdlr-image-link-shortcode\" style=\"max-width: 100%\" ><img decoding=\"async\" src=\"http:\/\/csi.panschelm.edu.pl\/wp-content\/uploads\/2020\/06\/GAB_3332.jpg\" alt=\" \" \/><a href=\"http:\/\/csi.panschelm.edu.pl\/wp-content\/uploads\/2020\/06\/GAB_3332.jpg\"  data-rel=\"fancybox\"  target=\"_blank\" ><span class=\"gdlr-image-link-overlay\">&nbsp;<\/span><span class=\"gdlr-image-link-icon\"><i class=\"fa fa-search\" ><\/i><\/span><\/a><\/div><\/div><span class=\"gdlr-frame-caption\"> Stanowisko do badania uk\u0142ad\u00f3w pneumatycznych i elektropneumatycznych (prod. PNEUMAX)<\/span><\/div>\n<div class=\"gdlr-shortcode-wrapper\"><div class=\"clear\"><\/div><div class=\"gdlr-item gdlr-divider-item\"  ><div class=\"gdlr-divider solid\"  style=\"width: 100%;\" ><\/div><\/div><\/div>\n<p>&nbsp;<\/p>\n","protected":false},"excerpt":{"rendered":"<p>W laboratorium znajduj\u0105 si\u0119 stanowiska do badania uk\u0142ad\u00f3w automatyki przemys\u0142owej, oraz badania uk\u0142ad\u00f3w pneumatycznych i elektropneumatycznych. Znajduj\u0105 si\u0119 tu r\u00f3wnie\u017c stanowiska do nauki: podstaw techniki mikroprocesorowej, programowania sterownik\u00f3w PLC, a tak\u017ce tworzenia wizualizacji proces\u00f3w przemys\u0142owych w systemie typu SCADA. &nbsp; Wyposa\u017cenie: stanowiska do nauki programowania sterownik\u00f3w GE Intelligent Platforms serii PACSystems RX3i (prod. ASTOR), oprogramowanie&#8230; <\/p>\n<div class=\"clear\"><\/div>\n<p><a href=\"https:\/\/csi.panschelm.edu.pl\/?page_id=4180\" class=\"excerpt-read-more\">Czytaj wi\u0119cej<i class=\"fa fa-angle-double-right icon-double-angle-right\"><\/i><\/a><\/p>\n","protected":false},"author":1,"featured_media":4181,"parent":0,"menu_order":0,"comment_status":"closed","ping_status":"closed","template":"","meta":{"footnotes":""},"class_list":["post-4180","page","type-page","status-publish","has-post-thumbnail","hentry"],"_links":{"self":[{"href":"https:\/\/csi.panschelm.edu.pl\/index.php?rest_route=\/wp\/v2\/pages\/4180","targetHints":{"allow":["GET"]}}],"collection":[{"href":"https:\/\/csi.panschelm.edu.pl\/index.php?rest_route=\/wp\/v2\/pages"}],"about":[{"href":"https:\/\/csi.panschelm.edu.pl\/index.php?rest_route=\/wp\/v2\/types\/page"}],"author":[{"embeddable":true,"href":"https:\/\/csi.panschelm.edu.pl\/index.php?rest_route=\/wp\/v2\/users\/1"}],"replies":[{"embeddable":true,"href":"https:\/\/csi.panschelm.edu.pl\/index.php?rest_route=%2Fwp%2Fv2%2Fcomments&post=4180"}],"version-history":[{"count":9,"href":"https:\/\/csi.panschelm.edu.pl\/index.php?rest_route=\/wp\/v2\/pages\/4180\/revisions"}],"predecessor-version":[{"id":4933,"href":"https:\/\/csi.panschelm.edu.pl\/index.php?rest_route=\/wp\/v2\/pages\/4180\/revisions\/4933"}],"wp:featuredmedia":[{"embeddable":true,"href":"https:\/\/csi.panschelm.edu.pl\/index.php?rest_route=\/wp\/v2\/media\/4181"}],"wp:attachment":[{"href":"https:\/\/csi.panschelm.edu.pl\/index.php?rest_route=%2Fwp%2Fv2%2Fmedia&parent=4180"}],"curies":[{"name":"wp","href":"https:\/\/api.w.org\/{rel}","templated":true}]}}