{"id":4167,"date":"2019-09-09T12:06:35","date_gmt":"2019-09-09T10:06:35","guid":{"rendered":"http:\/\/csi.pwszchelm.edu.pl\/?page_id=4167"},"modified":"2019-09-10T07:48:12","modified_gmt":"2019-09-10T05:48:12","slug":"laboratorium-kompatybilnosci-elektromagnetycznej","status":"publish","type":"page","link":"https:\/\/csi.panschelm.edu.pl\/?page_id=4167","title":{"rendered":"Laboratorium Kompatybilno\u015bci Elektromagnetycznej"},"content":{"rendered":"<p><img loading=\"lazy\" decoding=\"async\" class=\"aligncenter wp-image-4174 size-full\" src=\"http:\/\/csi.panschelm.edu.pl\/wp-content\/uploads\/2019\/09\/komora-teseq-gtem-1000.jpg\" alt=\"\" width=\"735\" height=\"493\" srcset=\"https:\/\/csi.panschelm.edu.pl\/wp-content\/uploads\/2019\/09\/komora-teseq-gtem-1000.jpg 735w, https:\/\/csi.panschelm.edu.pl\/wp-content\/uploads\/2019\/09\/komora-teseq-gtem-1000-300x201.jpg 300w\" sizes=\"auto, (max-width: 735px) 100vw, 735px\" \/><\/p>\n<h3 class=\"gdlr-heading-shortcode \"  style=\"font-size: 24px;font-weight: normal;\" >Wyposa\u017cenie:<\/h3>\n<div class=\"clear\"><\/div><div class=\"gdlr-space\" style=\"margin-top: 40px;\"><\/div>\n<div class=\"gdlr-frame-shortcode gdlr-align-left\"><div class=\"gdlr-frame frame-type-border\" > <div class=\"gdlr-image-link-shortcode\" style=\"max-width: 100%\" ><img decoding=\"async\" src=\"http:\/\/csi.panschelm.edu.pl\/wp-content\/uploads\/2019\/09\/22.4.png\" alt=\" \" \/><a href=\"http:\/\/csi.panschelm.edu.pl\/wp-content\/uploads\/2019\/09\/22.4.png\"  data-rel=\"fancybox\"  target=\"_blank\" ><span class=\"gdlr-image-link-overlay\">&nbsp;<\/span><span class=\"gdlr-image-link-icon\"><i class=\"fa fa-search\" ><\/i><\/span><\/a><\/div><\/div><span class=\"gdlr-frame-caption\">Komora do test\u00f3w odporno\u015bci i emisji elektromagnetycznej TESEQ GTEM 1000<\/span><\/div>\n<p>&nbsp;<\/p>\n<div class=\"gdlr-shortcode-wrapper\"><div class=\"clear\"><\/div><div class=\"gdlr-item gdlr-divider-item\"  ><div class=\"gdlr-divider solid\"  style=\"width: 100%;\" ><\/div><\/div><\/div>\n<div class=\"gdlr-frame-shortcode gdlr-align-left\"><div class=\"gdlr-frame frame-type-border\" > <div class=\"gdlr-image-link-shortcode\" style=\"max-width: 100%\" ><img decoding=\"async\" src=\"http:\/\/csi.panschelm.edu.pl\/wp-content\/uploads\/2019\/09\/22.5.png\" alt=\" \" \/><a href=\"http:\/\/csi.panschelm.edu.pl\/wp-content\/uploads\/2019\/09\/22.5.png\"  data-rel=\"fancybox\"  target=\"_blank\" ><span class=\"gdlr-image-link-overlay\">&nbsp;<\/span><span class=\"gdlr-image-link-icon\"><i class=\"fa fa-search\" ><\/i><\/span><\/a><\/div><\/div><span class=\"gdlr-frame-caption\"> System EMC-PARTNER HARMONICS1000 do test\u00f3w emisji harmonicznych pr\u0105du i napi\u0119cia, oraz emisji zaburze\u0144 typu Flicker  <\/span><\/div>\n<div class=\"gdlr-shortcode-wrapper\"><div class=\"clear\"><\/div><div class=\"gdlr-item gdlr-divider-item\"  ><div class=\"gdlr-divider solid\"  style=\"width: 100%;\" ><\/div><\/div><\/div>\n<p><strong>Pozosta\u0142e wyposa\u017cenie:<\/strong><\/p>\n<ul>\n<li>Pomiarowy odbiornik zaburze\u0144 GAUSS INSTRUMENTS\u00a0 TDEMI-1G<\/li>\n<li>Generator do test\u00f3w odporno\u015bci TESEQ\u00a0 ITS 6006<\/li>\n<li>Wzmacniacz mocy do test\u00f3w odporno\u015bci TESEQ\u00a0 CBA 1G-070<\/li>\n<li>Mierniki mocy do pomiaru mocy odbitej TESEQ\u00a0 PM 6006<\/li>\n<li>Sprz\u0119gacz kierunkowy do pomiaru mocy TESEQ\u00a0 DCP 0100A<\/li>\n<li>Stanowisko do badania emisji przewodzonej (sie\u0107 sztuczna typu V-LISN) SCHWARZBECK MESS \u2013 ELEKTRONIK\u00a0 NSLK 8127 RC<\/li>\n<li>Wielofunkcyjny generator TESEQ NSG 4070 do badania odporno\u015bci na przewodzone zaburzenia RF<\/li>\n<li>Sie\u0107 sprz\u0119gaj\u0105ca TESEQ\u00a0CDN M016 typu CDN M2\/M3<\/li>\n<li>C\u0119gi EM TESEQ\u00a0EM-Koppelzange KEMZ 801A<strong><br \/>\n<\/strong><\/li>\n<li>T\u0142umik 6dB TESEQ\u00a0ATN6075<\/li>\n<li>Wielofunkcyjny generator do test\u00f3w odporno\u015bci EMC-PARTNER\u00a0TRANSIENT 3000<\/li>\n<li>Pojemno\u015bciowy uk\u0142ad sprz\u0119gaj\u0105cy zak\u0142\u00f3cenia Burst z torem transmisji danych EMC-PARTNER\u00a0CN-EFT 1000<\/li>\n<li>Uk\u0142ad sprz\u0119gaj\u0105cy impulsy Surge w linie transmisji danych EMC-PARTNER\u00a0CDN-KIT 1000<\/li>\n<li>Sie\u0107 sprz\u0119gaj\u0105ca EMC-PARTNER\u00a0CN-16 do zaburze\u0144 Common Mode DC<\/li>\n<li>Antena ramowa do generowania p\u00f3l magnetycznych EMC-PARTNER\u00a0MF 1000<\/li>\n<li>Generator ESD EMC-PARTNER\u00a0ESD 3000<\/li>\n<li>Dozymetr GSM Maschek\u00a0ESM-140<\/li>\n<li>Miernik wsp\u00f3\u0142czynnika SAR Maschek\u00a0ESM-120<\/li>\n<li>Przeno\u015bny miernik pola elektrycznego i magnetycznego Maschek\u00a0ESM-100<strong>\u00a0<\/strong><\/li>\n<\/ul>\n","protected":false},"excerpt":{"rendered":"<p>&nbsp; Pozosta\u0142e wyposa\u017cenie: Pomiarowy odbiornik zaburze\u0144 GAUSS INSTRUMENTS\u00a0 TDEMI-1G Generator do test\u00f3w odporno\u015bci TESEQ\u00a0 ITS 6006 Wzmacniacz mocy do test\u00f3w odporno\u015bci TESEQ\u00a0 CBA 1G-070 Mierniki mocy do pomiaru mocy odbitej TESEQ\u00a0 PM 6006 Sprz\u0119gacz kierunkowy do pomiaru mocy TESEQ\u00a0 DCP 0100A Stanowisko do badania emisji przewodzonej (sie\u0107 sztuczna typu V-LISN) SCHWARZBECK MESS \u2013 ELEKTRONIK\u00a0 NSLK&#8230; <\/p>\n<div class=\"clear\"><\/div>\n<p><a href=\"https:\/\/csi.panschelm.edu.pl\/?page_id=4167\" class=\"excerpt-read-more\">Czytaj wi\u0119cej<i class=\"fa fa-angle-double-right icon-double-angle-right\"><\/i><\/a><\/p>\n","protected":false},"author":1,"featured_media":4174,"parent":0,"menu_order":0,"comment_status":"closed","ping_status":"closed","template":"","meta":{"footnotes":""},"class_list":["post-4167","page","type-page","status-publish","has-post-thumbnail","hentry"],"_links":{"self":[{"href":"https:\/\/csi.panschelm.edu.pl\/index.php?rest_route=\/wp\/v2\/pages\/4167","targetHints":{"allow":["GET"]}}],"collection":[{"href":"https:\/\/csi.panschelm.edu.pl\/index.php?rest_route=\/wp\/v2\/pages"}],"about":[{"href":"https:\/\/csi.panschelm.edu.pl\/index.php?rest_route=\/wp\/v2\/types\/page"}],"author":[{"embeddable":true,"href":"https:\/\/csi.panschelm.edu.pl\/index.php?rest_route=\/wp\/v2\/users\/1"}],"replies":[{"embeddable":true,"href":"https:\/\/csi.panschelm.edu.pl\/index.php?rest_route=%2Fwp%2Fv2%2Fcomments&post=4167"}],"version-history":[{"count":5,"href":"https:\/\/csi.panschelm.edu.pl\/index.php?rest_route=\/wp\/v2\/pages\/4167\/revisions"}],"predecessor-version":[{"id":4175,"href":"https:\/\/csi.panschelm.edu.pl\/index.php?rest_route=\/wp\/v2\/pages\/4167\/revisions\/4175"}],"wp:featuredmedia":[{"embeddable":true,"href":"https:\/\/csi.panschelm.edu.pl\/index.php?rest_route=\/wp\/v2\/media\/4174"}],"wp:attachment":[{"href":"https:\/\/csi.panschelm.edu.pl\/index.php?rest_route=%2Fwp%2Fv2%2Fmedia&parent=4167"}],"curies":[{"name":"wp","href":"https:\/\/api.w.org\/{rel}","templated":true}]}}