{"id":4156,"date":"2019-09-09T10:14:59","date_gmt":"2019-09-09T08:14:59","guid":{"rendered":"http:\/\/csi.pwszchelm.edu.pl\/?page_id=4156"},"modified":"2020-06-22T08:14:37","modified_gmt":"2020-06-22T06:14:37","slug":"laboratorium-instalacji-i-oswietlenia-elektrycznego","status":"publish","type":"page","link":"https:\/\/csi.panschelm.edu.pl\/?page_id=4156","title":{"rendered":"Laboratorium Instalacji i O\u015bwietlenia Elektrycznego"},"content":{"rendered":"<p>Laboratorium wyposa\u017cone jest w zestaw urz\u0105dze\u0144 pomiarowych umo\u017cliwiaj\u0105cych kompleksowe pomiary instalacji elektrycznych. Studenci zapoznaj\u0105 si\u0119 z budow\u0105 instalacji elektrycznych oraz wykonywaniem pomiar\u00f3w diagnozuj\u0105cych stan techniczny instalacji i o\u015bwietlenia elektrycznego.<\/p>\n<p>&nbsp;<\/p>\n<p><strong>Wyposa\u017cenie:<\/strong><\/p>\n<ul>\n<li>spektrometr do pomiar\u00f3w parametr\u00f3w \u015bwiat\u0142a (prod. GL SPECTIS),<\/li>\n<li>wielofunkcyjny miernik parametr\u00f3w instalacji elektrycznej MPI-525 (prod. Sonel),<\/li>\n<li>wielofunkcyjny miernik instalacji elektrycznych\u00a0KEW 6016 (prod. KYORITSU),<\/li>\n<li>miernik zabezpiecze\u0144 r\u00f3\u017cnicowopr\u0105dowych MRP-201 (prod. Sonel),<\/li>\n<li>miernik nat\u0119\u017cenia o\u015bwietlenia LXP-10 (prod. Sonel),<\/li>\n<li>analizator parametr\u00f3w sieci ND1 (prod. LUMEL),<\/li>\n<li>kamera termowizyjna E63900 (prod. FLIR),<\/li>\n<li>rejestrator parametr\u00f3w \u015brodowiskowych (prod. APAR),<\/li>\n<li>miernik p\u0119tli zwarcia MZC-200 (prod. Sonel),<\/li>\n<li>miernik rezystancji izolacji MIC-2500 (prod. Sonel),<\/li>\n<li>miernik rezystancji izolacji MIC-2 (prod. Sonel).<\/li>\n<\/ul>\n<p><strong>Przedmioty realizowane w tym laboratorium:<\/strong><\/p>\n<ul>\n<li>Bezpiecze\u0144stwo u\u017cytkowania urz\u0105dze\u0144 elektrycznych<\/li>\n<li>Instalacje i o\u015bwietlenie II<\/li>\n<li>Zabezpieczenia elektryczne<\/li>\n<\/ul>\n<p>&nbsp;<\/p>\n<h3 class=\"gdlr-heading-shortcode \"  style=\"font-size: 24px;font-weight: normal;\" >Wyposa\u017cenie:<\/h3>\n<div class=\"clear\"><\/div><div class=\"gdlr-space\" style=\"margin-top: 40px;\"><\/div>\n<div class=\"gdlr-frame-shortcode gdlr-align-left\"><div class=\"gdlr-frame frame-type-border\" > <div class=\"gdlr-image-link-shortcode\" style=\"max-width: 100%\" ><img decoding=\"async\" src=\"http:\/\/csi.panschelm.edu.pl\/wp-content\/uploads\/2020\/06\/Spektrometr-GL-SPECTIS-1.0-touch.jpg\" alt=\" \" \/><a href=\"http:\/\/csi.panschelm.edu.pl\/wp-content\/uploads\/2020\/06\/Spektrometr-GL-SPECTIS-1.0-touch.jpg\"  data-rel=\"fancybox\"  target=\"_blank\" ><span class=\"gdlr-image-link-overlay\">&nbsp;<\/span><span class=\"gdlr-image-link-icon\"><i class=\"fa fa-search\" ><\/i><\/span><\/a><\/div><\/div><span class=\"gdlr-frame-caption\">Spektrometr do pomiar\u00f3w parametr\u00f3w \u015bwiat\u0142a (prod. GL SPECTIS) <\/span><\/div>\n<p>Urz\u0105dzenie to umo\u017cliwia wykonywanie pomiar\u00f3w: nat\u0119\u017cenia o\u015bwietlenia, strumienia \u015bwietlnego, wska\u017anika oddawania barw zgodnego z CIE, temperatury barwowej zgodnie z CIE, wsp\u00f3\u0142rz\u0119dnych barwy zgodnie z CIE 1931 i CIE 1964, a tak\u017ce energii promieniowania.<\/p>\n<div class=\"gdlr-shortcode-wrapper\"><div class=\"clear\"><\/div><div class=\"gdlr-item gdlr-divider-item\"  ><div class=\"gdlr-divider solid\"  style=\"width: 100%;\" ><\/div><\/div><\/div>\n<div class=\"gdlr-frame-shortcode gdlr-align-left\"><div class=\"gdlr-frame frame-type-border\" > <div class=\"gdlr-image-link-shortcode\" style=\"max-width: 100%\" ><img decoding=\"async\" src=\"http:\/\/csi.panschelm.edu.pl\/wp-content\/uploads\/2020\/06\/Wielofunkcyjny-miernik-parametr\u00f3w-instalacji-elektrycznej-SONEL-MPI-525.jpg\" alt=\" \" \/><a href=\"http:\/\/csi.panschelm.edu.pl\/wp-content\/uploads\/2020\/06\/Wielofunkcyjny-miernik-parametr\u00f3w-instalacji-elektrycznej-SONEL-MPI-525.jpg\"  data-rel=\"fancybox\"  target=\"_blank\" ><span class=\"gdlr-image-link-overlay\">&nbsp;<\/span><span class=\"gdlr-image-link-icon\"><i class=\"fa fa-search\" ><\/i><\/span><\/a><\/div><\/div><span class=\"gdlr-frame-caption\">Wielofunkcyjny miernik parametr\u00f3w instalacji elektrycznej MPI-525 (prod. Sonel)<\/span><\/div>\n<p>Urz\u0105dzenie to umo\u017cliwia wykonywanie pomiar\u00f3w: napi\u0119cia przemiennego i cz\u0119stotliwo\u015bci, parametr\u00f3w p\u0119tli zwarcia, rezystancji uziemie\u0144, parametr\u00f3w wy\u0142\u0105cznik\u00f3w r\u00f3\u017cnicowopr\u0105dowych RCD, a tak\u017ce rezystancji izolacji. Umo\u017cliwia r\u00f3wnie\u017c: wykonywanie niskonapi\u0119ciowych pomiar\u00f3w rezystancji, sprawdzanie poprawno\u015bci wykonania po\u0142\u0105cze\u0144 przewodu ochronnego, oraz sprawdzanie kolejno\u015bci faz.<\/p>\n<div class=\"gdlr-shortcode-wrapper\"><div class=\"clear\"><\/div><div class=\"gdlr-item gdlr-divider-item\"  ><div class=\"gdlr-divider solid\"  style=\"width: 100%;\" ><\/div><\/div><\/div>\n<p>&nbsp;<\/p>\n","protected":false},"excerpt":{"rendered":"<p>Laboratorium wyposa\u017cone jest w zestaw urz\u0105dze\u0144 pomiarowych umo\u017cliwiaj\u0105cych kompleksowe pomiary instalacji elektrycznych. Studenci zapoznaj\u0105 si\u0119 z budow\u0105 instalacji elektrycznych oraz wykonywaniem pomiar\u00f3w diagnozuj\u0105cych stan techniczny instalacji i o\u015bwietlenia elektrycznego. &nbsp; Wyposa\u017cenie: spektrometr do pomiar\u00f3w parametr\u00f3w \u015bwiat\u0142a (prod. GL SPECTIS), wielofunkcyjny miernik parametr\u00f3w instalacji elektrycznej MPI-525 (prod. Sonel), wielofunkcyjny miernik instalacji elektrycznych\u00a0KEW 6016 (prod. KYORITSU), miernik&#8230; <\/p>\n<div class=\"clear\"><\/div>\n<p><a href=\"https:\/\/csi.panschelm.edu.pl\/?page_id=4156\" class=\"excerpt-read-more\">Czytaj wi\u0119cej<i class=\"fa fa-angle-double-right icon-double-angle-right\"><\/i><\/a><\/p>\n","protected":false},"author":1,"featured_media":4157,"parent":0,"menu_order":0,"comment_status":"closed","ping_status":"closed","template":"","meta":{"footnotes":""},"class_list":["post-4156","page","type-page","status-publish","has-post-thumbnail","hentry"],"_links":{"self":[{"href":"https:\/\/csi.panschelm.edu.pl\/index.php?rest_route=\/wp\/v2\/pages\/4156","targetHints":{"allow":["GET"]}}],"collection":[{"href":"https:\/\/csi.panschelm.edu.pl\/index.php?rest_route=\/wp\/v2\/pages"}],"about":[{"href":"https:\/\/csi.panschelm.edu.pl\/index.php?rest_route=\/wp\/v2\/types\/page"}],"author":[{"embeddable":true,"href":"https:\/\/csi.panschelm.edu.pl\/index.php?rest_route=\/wp\/v2\/users\/1"}],"replies":[{"embeddable":true,"href":"https:\/\/csi.panschelm.edu.pl\/index.php?rest_route=%2Fwp%2Fv2%2Fcomments&post=4156"}],"version-history":[{"count":5,"href":"https:\/\/csi.panschelm.edu.pl\/index.php?rest_route=\/wp\/v2\/pages\/4156\/revisions"}],"predecessor-version":[{"id":4934,"href":"https:\/\/csi.panschelm.edu.pl\/index.php?rest_route=\/wp\/v2\/pages\/4156\/revisions\/4934"}],"wp:featuredmedia":[{"embeddable":true,"href":"https:\/\/csi.panschelm.edu.pl\/index.php?rest_route=\/wp\/v2\/media\/4157"}],"wp:attachment":[{"href":"https:\/\/csi.panschelm.edu.pl\/index.php?rest_route=%2Fwp%2Fv2%2Fmedia&parent=4156"}],"curies":[{"name":"wp","href":"https:\/\/api.w.org\/{rel}","templated":true}]}}