{"id":4143,"date":"2019-09-09T10:04:44","date_gmt":"2019-09-09T08:04:44","guid":{"rendered":"http:\/\/csi.pwszchelm.edu.pl\/?page_id=4143"},"modified":"2020-06-22T08:15:18","modified_gmt":"2020-06-22T06:15:18","slug":"laboratorium-inteligentnych-instalacji","status":"publish","type":"page","link":"https:\/\/csi.panschelm.edu.pl\/?page_id=4143","title":{"rendered":"Laboratorium Inteligentnych Instalacji"},"content":{"rendered":"<p><img loading=\"lazy\" decoding=\"async\" class=\"size-full wp-image-4726 aligncenter\" src=\"http:\/\/csi.panschelm.edu.pl\/wp-content\/uploads\/2020\/06\/1-44.jpg\" alt=\"\" width=\"1600\" height=\"1066\" srcset=\"https:\/\/csi.panschelm.edu.pl\/wp-content\/uploads\/2020\/06\/1-44.jpg 1600w, https:\/\/csi.panschelm.edu.pl\/wp-content\/uploads\/2020\/06\/1-44-300x200.jpg 300w, https:\/\/csi.panschelm.edu.pl\/wp-content\/uploads\/2020\/06\/1-44-1024x682.jpg 1024w, https:\/\/csi.panschelm.edu.pl\/wp-content\/uploads\/2020\/06\/1-44-768x512.jpg 768w, https:\/\/csi.panschelm.edu.pl\/wp-content\/uploads\/2020\/06\/1-44-1536x1023.jpg 1536w\" sizes=\"auto, (max-width: 1600px) 100vw, 1600px\" \/><\/p>\n<p>Laboratorium wyposa\u017cone jest w stanowiska do badania inteligentnych instalacji elektrycznych. Studenci zapoznaj\u0105 si\u0119 z technikami sterowania wieloma elementami w oparciu o pozyskane dane, projektuj\u0105, a nast\u0119pnie programuj\u0105 rozwi\u0105zania dla domu inteligentnego.<\/p>\n<p><strong>Wyposa\u017cenie:<\/strong><\/p>\n<ul>\n<li>stanowisko do badania i modelowania warunk\u00f3w \u015brodowiskowych obiekt\u00f3w u\u017cytkowych (prod. LCN),<\/li>\n<li>stanowisko do badania i modelowania system\u00f3w bezpiecze\u0144stwa obiekt\u00f3w \u2013 Systemy Sygnalizacji W\u0142amania i Napadu (SSWiN)(prod. LCN),<\/li>\n<li>stanowisko do badania i modelowania system\u00f3w bezpiecze\u0144stwa przeciwpo\u017carowego obiekt\u00f3w (prod. LCN),<\/li>\n<li>stanowisko do badania i modelowania system\u00f3w o\u015bwietleniowych obiekt\u00f3w (prod. LCN),<\/li>\n<li>stanowisko do badania i analizy jako\u015bci energii i system\u00f3w opomiarowania zu\u017cycia medi\u00f3w (prod. LCN),<\/li>\n<li>stanowisko do badania i modelowania system\u00f3w lokalnego ogrzewania i ch\u0142odzenia na bazie urz\u0105dzenia typu Fan-coil &#8211; lokalne modelowanie mikroklimatu (prod. LCN),<\/li>\n<li>stanowisko do badania ergonomii interfejs\u00f3w u\u017cytkownika w systemach zarz\u0105dzania obiektami (prod. LCN),<\/li>\n<li>stanowisko do badania bezpiecze\u0144stwa danych w zdalnym zarz\u0105dzaniu BMS (prod. LCN),<\/li>\n<li>szafa serwerowa.<\/li>\n<\/ul>\n<p><strong>Przedmioty prowadzone w tym laboratorium:<\/strong><\/p>\n<ul>\n<li>Inteligentne instalacje elektryczne<\/li>\n<li>Systemy automatyki w nowoczesnym budownictwie<\/li>\n<li>Programowalne systemy automatyki budynkowej<\/li>\n<li>Elektroniczne systemy inteligentne<\/li>\n<\/ul>\n<div class=\"clear\"><\/div><div class=\"gdlr-space\" style=\"margin-top: 40px;\"><\/div>\n<div class=\"gdlr-frame-shortcode gdlr-align-left\"><div class=\"gdlr-frame frame-type-border\" > <div class=\"gdlr-image-link-shortcode\" style=\"max-width: 100%\" ><img decoding=\"async\" src=\"http:\/\/csi.panschelm.edu.pl\/wp-content\/uploads\/2020\/06\/1.-Stanowisko-do-badania-i-modelowania-warunk\u00f3w-\u015brodowiskowych-obiekt\u00f3w-u\u017cytkowych.jpg\" alt=\" \" \/><a href=\"http:\/\/csi.panschelm.edu.pl\/wp-content\/uploads\/2020\/06\/1.-Stanowisko-do-badania-i-modelowania-warunk\u00f3w-\u015brodowiskowych-obiekt\u00f3w-u\u017cytkowych.jpg\"  data-rel=\"fancybox\"  target=\"_blank\" ><span class=\"gdlr-image-link-overlay\">&nbsp;<\/span><span class=\"gdlr-image-link-icon\"><i class=\"fa fa-search\" ><\/i><\/span><\/a><\/div><\/div><span class=\"gdlr-frame-caption\">Stanowisko do badania i modelowania warunk\u00f3w \u015brodowiskowych obiekt\u00f3w u\u017cytkowych (prod. LCN)<\/span><\/div>\n<div class=\"gdlr-shortcode-wrapper\"><div class=\"clear\"><\/div><div class=\"gdlr-item gdlr-divider-item\"  ><div class=\"gdlr-divider solid\"  style=\"width: 100%;\" ><\/div><\/div><\/div>\n<div class=\"gdlr-frame-shortcode gdlr-align-left\"><div class=\"gdlr-frame frame-type-border\" > <div class=\"gdlr-image-link-shortcode\" style=\"max-width: 100%\" ><img decoding=\"async\" src=\"http:\/\/csi.panschelm.edu.pl\/wp-content\/uploads\/2020\/06\/2.-Stanowisko-do-badania-i-modelowania-system\u00f3w-bezpiecze\u0144stwa-obiekt\u00f3w-\u2013-Systemy-Sygnalizacji-W\u0142amania-i-Napadu-SSWiN.jpg\" alt=\" \" \/><a href=\"http:\/\/csi.panschelm.edu.pl\/wp-content\/uploads\/2020\/06\/2.-Stanowisko-do-badania-i-modelowania-system\u00f3w-bezpiecze\u0144stwa-obiekt\u00f3w-\u2013-Systemy-Sygnalizacji-W\u0142amania-i-Napadu-SSWiN.jpg\"  data-rel=\"fancybox\"  target=\"_blank\" ><span class=\"gdlr-image-link-overlay\">&nbsp;<\/span><span class=\"gdlr-image-link-icon\"><i class=\"fa fa-search\" ><\/i><\/span><\/a><\/div><\/div><span class=\"gdlr-frame-caption\">Stanowisko do badania i modelowania system\u00f3w bezpiecze\u0144stwa obiekt\u00f3w \u2013 Systemy Sygnalizacji W\u0142amania i Napadu (SSWiN)(prod. LCN) <\/span><\/div>\n<div class=\"gdlr-shortcode-wrapper\"><div class=\"clear\"><\/div><div class=\"gdlr-item gdlr-divider-item\"  ><div class=\"gdlr-divider solid\"  style=\"width: 100%;\" ><\/div><\/div><\/div>\n<div class=\"gdlr-frame-shortcode gdlr-align-left\"><div class=\"gdlr-frame frame-type-border\" > <div class=\"gdlr-image-link-shortcode\" style=\"max-width: 100%\" ><img decoding=\"async\" src=\"http:\/\/csi.panschelm.edu.pl\/wp-content\/uploads\/2020\/06\/3.-Stanowisko-do-badania-i-modelowania-system\u00f3w-bezpiecze\u0144stwa-przeciwpo\u017carowego-obiekt\u00f3w.jpg\" alt=\" \" \/><a href=\"http:\/\/csi.panschelm.edu.pl\/wp-content\/uploads\/2020\/06\/3.-Stanowisko-do-badania-i-modelowania-system\u00f3w-bezpiecze\u0144stwa-przeciwpo\u017carowego-obiekt\u00f3w.jpg\"  data-rel=\"fancybox\"  target=\"_blank\" ><span class=\"gdlr-image-link-overlay\">&nbsp;<\/span><span class=\"gdlr-image-link-icon\"><i class=\"fa fa-search\" ><\/i><\/span><\/a><\/div><\/div><span class=\"gdlr-frame-caption\">Stanowisko do badania i modelowania system\u00f3w bezpiecze\u0144stwa przeciwpo\u017carowego obiekt\u00f3w (prod. LCN)<\/span><\/div>\n<div class=\"gdlr-shortcode-wrapper\"><div class=\"clear\"><\/div><div class=\"gdlr-item gdlr-divider-item\"  ><div class=\"gdlr-divider solid\"  style=\"width: 100%;\" ><\/div><\/div><\/div>\n<div class=\"gdlr-frame-shortcode gdlr-align-left\"><div class=\"gdlr-frame frame-type-border\" > <div class=\"gdlr-image-link-shortcode\" style=\"max-width: 100%\" ><img decoding=\"async\" src=\"http:\/\/csi.panschelm.edu.pl\/wp-content\/uploads\/2020\/06\/4.-Stanowisko-do-badania-i-modelowania-system\u00f3w-o\u015bwietleniowych-obiekt\u00f3w.jpg\" alt=\" \" \/><a href=\"http:\/\/csi.panschelm.edu.pl\/wp-content\/uploads\/2020\/06\/4.-Stanowisko-do-badania-i-modelowania-system\u00f3w-o\u015bwietleniowych-obiekt\u00f3w.jpg\"  data-rel=\"fancybox\"  target=\"_blank\" ><span class=\"gdlr-image-link-overlay\">&nbsp;<\/span><span class=\"gdlr-image-link-icon\"><i class=\"fa fa-search\" ><\/i><\/span><\/a><\/div><\/div><span class=\"gdlr-frame-caption\">Stanowisko do badania i modelowania system\u00f3w o\u015bwietleniowych obiekt\u00f3w (prod. LCN) <\/span><\/div>\n<div class=\"gdlr-shortcode-wrapper\"><div class=\"clear\"><\/div><div class=\"gdlr-item gdlr-divider-item\"  ><div class=\"gdlr-divider solid\"  style=\"width: 100%;\" ><\/div><\/div><\/div>\n<div class=\"gdlr-frame-shortcode gdlr-align-left\"><div class=\"gdlr-frame frame-type-border\" > <div class=\"gdlr-image-link-shortcode\" style=\"max-width: 100%\" ><img decoding=\"async\" src=\"http:\/\/csi.panschelm.edu.pl\/wp-content\/uploads\/2020\/06\/5.-Stanowisko-do-badania-i-analizy-jako\u015bci-energii-i-system\u00f3w-opomiarowania-zu\u017cycia-medi\u00f3w.jpg\" alt=\" \" \/><a href=\"http:\/\/csi.panschelm.edu.pl\/wp-content\/uploads\/2020\/06\/5.-Stanowisko-do-badania-i-analizy-jako\u015bci-energii-i-system\u00f3w-opomiarowania-zu\u017cycia-medi\u00f3w.jpg\"  data-rel=\"fancybox\"  target=\"_blank\" ><span class=\"gdlr-image-link-overlay\">&nbsp;<\/span><span class=\"gdlr-image-link-icon\"><i class=\"fa fa-search\" ><\/i><\/span><\/a><\/div><\/div><span class=\"gdlr-frame-caption\">Stanowisko do badania i analizy jako\u015bci energii i system\u00f3w opomiarowania zu\u017cycia medi\u00f3w (prod. LCN)<\/span><\/div>\n<div class=\"gdlr-shortcode-wrapper\"><div class=\"clear\"><\/div><div class=\"gdlr-item gdlr-divider-item\"  ><div class=\"gdlr-divider solid\"  style=\"width: 100%;\" ><\/div><\/div><\/div>\n<div class=\"gdlr-frame-shortcode gdlr-align-left\"><div class=\"gdlr-frame frame-type-border\" > <div class=\"gdlr-image-link-shortcode\" style=\"max-width: 100%\" ><img decoding=\"async\" src=\"http:\/\/csi.panschelm.edu.pl\/wp-content\/uploads\/2020\/06\/6.-Stanowisko-do-badania-i-modelowania-system\u00f3w-lokalnego-ogrzewania-i-ch\u0142odzenia-na-bazie-urz\u0105dzenia-typu-Fan-coil-lokalne-modelowan.jpg\" alt=\" \" \/><a href=\"http:\/\/csi.panschelm.edu.pl\/wp-content\/uploads\/2020\/06\/6.-Stanowisko-do-badania-i-modelowania-system\u00f3w-lokalnego-ogrzewania-i-ch\u0142odzenia-na-bazie-urz\u0105dzenia-typu-Fan-coil-lokalne-modelowan.jpg\"  data-rel=\"fancybox\"  target=\"_blank\" ><span class=\"gdlr-image-link-overlay\">&nbsp;<\/span><span class=\"gdlr-image-link-icon\"><i class=\"fa fa-search\" ><\/i><\/span><\/a><\/div><\/div><span class=\"gdlr-frame-caption\"> Stanowisko do badania i modelowania system\u00f3w lokalnego ogrzewania i ch\u0142odzenia na bazie urz\u0105dzenia typu Fan-coil - lokalne modelowanie mikroklimatu (prod. LCN)<\/span><\/div>\n<div class=\"gdlr-shortcode-wrapper\"><div class=\"clear\"><\/div><div class=\"gdlr-item gdlr-divider-item\"  ><div class=\"gdlr-divider solid\"  style=\"width: 100%;\" ><\/div><\/div><\/div>\n<div class=\"gdlr-frame-shortcode gdlr-align-left\"><div class=\"gdlr-frame frame-type-border\" > <div class=\"gdlr-image-link-shortcode\" style=\"max-width: 100%\" ><img decoding=\"async\" src=\"http:\/\/csi.panschelm.edu.pl\/wp-content\/uploads\/2020\/06\/7.-Stanowisko-do-badania-ergonomii-interfejs\u00f3w-u\u017cytkownika-w-systemach-zarz\u0105dzania-obiektami.jpg\" alt=\" \" \/><a href=\"http:\/\/csi.panschelm.edu.pl\/wp-content\/uploads\/2020\/06\/7.-Stanowisko-do-badania-ergonomii-interfejs\u00f3w-u\u017cytkownika-w-systemach-zarz\u0105dzania-obiektami.jpg\"  data-rel=\"fancybox\"  target=\"_blank\" ><span class=\"gdlr-image-link-overlay\">&nbsp;<\/span><span class=\"gdlr-image-link-icon\"><i class=\"fa fa-search\" ><\/i><\/span><\/a><\/div><\/div><span class=\"gdlr-frame-caption\"> Stanowisko do badania ergonomii interfejs\u00f3w u\u017cytkownika w systemach zarz\u0105dzania obiektami (prod. LCN)<\/span><\/div>\n<div class=\"gdlr-shortcode-wrapper\"><div class=\"clear\"><\/div><div class=\"gdlr-item gdlr-divider-item\"  ><div class=\"gdlr-divider solid\"  style=\"width: 100%;\" ><\/div><\/div><\/div>\n<div class=\"gdlr-frame-shortcode gdlr-align-left\"><div class=\"gdlr-frame frame-type-border\" > <div class=\"gdlr-image-link-shortcode\" style=\"max-width: 100%\" ><img decoding=\"async\" src=\"http:\/\/csi.panschelm.edu.pl\/wp-content\/uploads\/2020\/06\/8.-Stanowisko-do-badania-bezpiecze\u0144stwa-danych-w-zdalnym-zarz\u0105dzaniu-BMS.jpg\" alt=\" \" \/><a href=\"http:\/\/csi.panschelm.edu.pl\/wp-content\/uploads\/2020\/06\/8.-Stanowisko-do-badania-bezpiecze\u0144stwa-danych-w-zdalnym-zarz\u0105dzaniu-BMS.jpg\"  data-rel=\"fancybox\"  target=\"_blank\" ><span class=\"gdlr-image-link-overlay\">&nbsp;<\/span><span class=\"gdlr-image-link-icon\"><i class=\"fa fa-search\" ><\/i><\/span><\/a><\/div><\/div><span class=\"gdlr-frame-caption\"> Stanowisko do badania bezpiecze\u0144stwa danych w zdalnym zarz\u0105dzaniu BMS (prod. LCN)<\/span><\/div>\n<p>&nbsp;<\/p>\n<p>&nbsp;<\/p>\n","protected":false},"excerpt":{"rendered":"<p>Laboratorium wyposa\u017cone jest w stanowiska do badania inteligentnych instalacji elektrycznych. Studenci zapoznaj\u0105 si\u0119 z technikami sterowania wieloma elementami w oparciu o pozyskane dane, projektuj\u0105, a nast\u0119pnie programuj\u0105 rozwi\u0105zania dla domu inteligentnego. Wyposa\u017cenie: stanowisko do badania i modelowania warunk\u00f3w \u015brodowiskowych obiekt\u00f3w u\u017cytkowych (prod. LCN), stanowisko do badania i modelowania system\u00f3w bezpiecze\u0144stwa obiekt\u00f3w \u2013 Systemy Sygnalizacji W\u0142amania&#8230; <\/p>\n<div class=\"clear\"><\/div>\n<p><a href=\"https:\/\/csi.panschelm.edu.pl\/?page_id=4143\" class=\"excerpt-read-more\">Czytaj wi\u0119cej<i class=\"fa fa-angle-double-right icon-double-angle-right\"><\/i><\/a><\/p>\n","protected":false},"author":1,"featured_media":4144,"parent":0,"menu_order":0,"comment_status":"closed","ping_status":"closed","template":"","meta":{"footnotes":""},"class_list":["post-4143","page","type-page","status-publish","has-post-thumbnail","hentry"],"_links":{"self":[{"href":"https:\/\/csi.panschelm.edu.pl\/index.php?rest_route=\/wp\/v2\/pages\/4143","targetHints":{"allow":["GET"]}}],"collection":[{"href":"https:\/\/csi.panschelm.edu.pl\/index.php?rest_route=\/wp\/v2\/pages"}],"about":[{"href":"https:\/\/csi.panschelm.edu.pl\/index.php?rest_route=\/wp\/v2\/types\/page"}],"author":[{"embeddable":true,"href":"https:\/\/csi.panschelm.edu.pl\/index.php?rest_route=\/wp\/v2\/users\/1"}],"replies":[{"embeddable":true,"href":"https:\/\/csi.panschelm.edu.pl\/index.php?rest_route=%2Fwp%2Fv2%2Fcomments&post=4143"}],"version-history":[{"count":8,"href":"https:\/\/csi.panschelm.edu.pl\/index.php?rest_route=\/wp\/v2\/pages\/4143\/revisions"}],"predecessor-version":[{"id":4935,"href":"https:\/\/csi.panschelm.edu.pl\/index.php?rest_route=\/wp\/v2\/pages\/4143\/revisions\/4935"}],"wp:featuredmedia":[{"embeddable":true,"href":"https:\/\/csi.panschelm.edu.pl\/index.php?rest_route=\/wp\/v2\/media\/4144"}],"wp:attachment":[{"href":"https:\/\/csi.panschelm.edu.pl\/index.php?rest_route=%2Fwp%2Fv2%2Fmedia&parent=4143"}],"curies":[{"name":"wp","href":"https:\/\/api.w.org\/{rel}","templated":true}]}}