{"id":4054,"date":"2019-08-29T14:40:43","date_gmt":"2019-08-29T12:40:43","guid":{"rendered":"http:\/\/csi.pwszchelm.edu.pl\/?page_id=4054"},"modified":"2022-08-15T13:26:07","modified_gmt":"2022-08-15T11:26:07","slug":"kursy-i-szkolenia","status":"publish","type":"page","link":"https:\/\/csi.panschelm.edu.pl\/?page_id=4054","title":{"rendered":"Kursy i szkolenia"},"content":{"rendered":"<h5 style=\"text-align: left;\"><strong>Rodzaje kurs\u00f3w i szkole\u0144:<\/strong><\/h5>\n<p><strong>Programowanie obrabiarek CNC (Heidenhain, Siemens)<\/strong><strong>\u00a0<\/strong><\/p>\n<ul class=\"lcp_catlist\" id=\"lcp_instance_0\"><li><a href=\"https:\/\/csi.panschelm.edu.pl\/?p=4071\">Kurs w zakresie programowania obr\u00f3bki tokarskiej CNC na 3-osiowej tokarce CNC z nap\u0119dzanymi narz\u0119dziami i systemem sterowania Heidenhain Manual Plus 620<\/a><\/li><li><a href=\"https:\/\/csi.panschelm.edu.pl\/?p=4068\">Kurs w zakresie programowania obr\u00f3bki frezarskiej CNC na 3-osiowej frezarce CNC z systemem sterowania Heidenhain TNC 620<\/a><\/li><li><a href=\"https:\/\/csi.panschelm.edu.pl\/?p=4059\">Kurs w zakresie programowania obr\u00f3bki frezarskiej CNC na 3-osiowej frezarce CNC z systemem sterowania Sinumerik 840D ShopMill<\/a><\/li><\/ul>\n<p><strong>Komputerowe wspomaganie projektowania obr\u00f3bki CAM na obrabiarki CNC<\/strong><\/p>\n<ul class=\"lcp_catlist\" id=\"lcp_instance_0\"><li><a href=\"https:\/\/csi.panschelm.edu.pl\/?p=4076\">Kurs w zakresie komputerowego wspomagania programowania CAM 5-osiowej obr\u00f3bki frezarskiej CNC w \u015brodowisku programu NX<\/a><\/li><li><a href=\"https:\/\/csi.panschelm.edu.pl\/?p=4073\">Kurs w zakresie komputerowego wspomagania programowania CAM 3-osiowej obr\u00f3bki frezarskiej CNC w \u015brodowisku programu NX<\/a><\/li><\/ul>\n<p><strong>Komputerowe wspomaganie projektowania konstrukcji CAD<\/strong><\/p>\n<ul class=\"lcp_catlist\" id=\"lcp_instance_0\"><li><a href=\"https:\/\/csi.panschelm.edu.pl\/?p=4098\">Kurs &#8222;AutoCAD w budownictwie&#8221;<\/a><\/li><li><a href=\"https:\/\/csi.panschelm.edu.pl\/?p=4096\">Kurs AutoCAD w zakresie konstrukcji mechanicznych<\/a><\/li><li><a href=\"https:\/\/csi.panschelm.edu.pl\/?p=4094\">Kurs w zakresie komputerowego wspomagania projektowania konstrukcji CAD 2 w \u015brodowisku programowym NX 8.5 obejmuj\u0105cym modelowanie powierzchniowe oraz synchroniczne<\/a><\/li><li><a href=\"https:\/\/csi.panschelm.edu.pl\/?p=4091\">Kurs w zakresie komputerowego wspomagania projektowania konstrukcji CAD 1 w \u015brodowisku programowym NX 8.5 obejmuj\u0105cym modelowanie bry\u0142owe i z\u0142o\u017cenia<\/a><\/li><\/ul>\n<p><strong>Spajalnictwo<\/strong><\/p>\n<ul class=\"lcp_catlist\" id=\"lcp_instance_0\"><li><a href=\"https:\/\/csi.panschelm.edu.pl\/?p=4102\">Kurs spawania elektrycznego metod\u0105 MIG\/MAG<\/a><\/li><li><a href=\"https:\/\/csi.panschelm.edu.pl\/?p=4100\">Kurs spawania elektrycznego metod\u0105 TIG<\/a><\/li><\/ul>\n<p><strong>In\u017cynieria odwrotna<\/strong><\/p>\n<ul class=\"lcp_catlist\" id=\"lcp_instance_0\"><li><a href=\"https:\/\/csi.panschelm.edu.pl\/?p=4104\">Szkolenie w zakresie in\u017cynierii odwrotnej z wykorzystaniem systemu Atos firmy GOM<\/a><\/li><\/ul>\n<p><strong>Badania niedestrukcyjne<\/strong><\/p>\n<ul class=\"lcp_catlist\" id=\"lcp_instance_0\"><li><a href=\"https:\/\/csi.panschelm.edu.pl\/?p=4106\">Szkolenie w zakresie bada\u0144 niedestrukcyjnych (metodami rentgenowskimi)<\/a><\/li><\/ul>\n<p>&nbsp;<\/p>\n<h5><strong>Kursy prowadzi\u0107 b\u0119d\u0105:<\/strong><\/h5>\n<p>doc. dr in\u017c. Piotr Penka\u0142a (spajalnictwo, AutoCAD)<br \/>\ndr in\u017c. (asystent prof.) Leszek Semotiuk (programowanie CNC Heidenhaine, Siemens)<br \/>\ndr in\u017c. (asystent prof.) Miros\u0142aw Ferdynus (CAD)<br \/>\ndr in\u017c. Pawe\u0142 Lonkwic (spajalnictwo, CAD)<br \/>\nmgr in\u017c. Andrzej Zy\u015bko (CAD\/CAM (NX), programowanie Heidenhaine, Siemens)<br \/>\nmgr in\u017c. Marcin Wieczorek (programowanie Heidenhaine, Siemens)<br \/>\nmgr in\u017c. Pawe\u0142 Pio\u015b (in\u017cynieria odwrotna)<br \/>\ntech. J\u00f3zef Dziedzicki (spajalnictwo)<\/p>\n<p>Kursy dedykowane s\u0105 tylko i wy\u0142\u0105cznie studentom PANS w Che\u0142mie. Kurs zostanie uruchomiony przy minimalnej liczbie ch\u0119tnych 10 os\u00f3b. W kursie mog\u0105 uczestniczy\u0107 osoby, kt\u00f3re posiadaj\u0105 elementarn\u0105 wiedz\u0119 w zakresie CAD\/CAM. Wszyscy ch\u0119tni uczestnicy b\u0119d\u0105 kwalifikowani do odpowiedniego poziomu kursu na podstawie rozmowy kwalifikacyjnej. Rozmowa odb\u0119dzie si\u0119 przed komisj\u0105, z\u0142o\u017cona z ekspert\u00f3w w okre\u015blonej dziedzinie, b\u0119d\u0105cej podstawow\u0105 w danym obszarze nauki. Ka\u017cdy z kurs\u00f3w odbywa\u0107 si\u0119 b\u0119dzie w wymiarze 40 godzin dydaktyczno &#8211; praktycznych. Dopuszczalna jest maksymalnie jedna usprawiedliwiona i potwierdzona pisemnie nieobecno\u015b\u0107 na zaj\u0119ciach. Uko\u0144czenie kursu oraz wydanie \u015bwiadectwa uko\u0144czenia jest uwarunkowane zdaniem egzaminu.<\/p>\n<p>Aby zapisa\u0107 si\u0119 na dany kurs, nale\u017cy wybra\u0107 zak\u0142adk\u0119 &#8222;Zg\u0142o\u015b sw\u00f3j udzia\u0142 w kursie&#8221; w menu g\u0142\u00f3wnym niniejszej strony.<br \/>\nBardzo prosimy r\u00f3wnie\u017c o dostarczenie wersji papierowej zg\u0142oszenia uczestnictwa (pobierz) do Centrum Studi\u00f3w Podyplomowych<\/p>\n<p>&nbsp;<\/p>\n<h5><strong>Kontakt:<\/strong><\/h5>\n<p>PANS w Che\u0142mie<br \/>\nCentrum Studi\u00f3w Podyplomowych<br \/>\n22-100 Che\u0142m, ul. Pocztowa 54C, p. 208<br \/>\ntel.\/fax 82 565-64-72<br \/>\ne-mail: podyplomowe@panschelm.edu.pl<\/p>\n","protected":false},"excerpt":{"rendered":"<p>Rodzaje kurs\u00f3w i szkole\u0144: Programowanie obrabiarek CNC (Heidenhain, Siemens)\u00a0 Komputerowe wspomaganie projektowania obr\u00f3bki CAM na obrabiarki CNC Komputerowe wspomaganie projektowania konstrukcji CAD Spajalnictwo In\u017cynieria odwrotna Badania niedestrukcyjne &nbsp; Kursy prowadzi\u0107 b\u0119d\u0105: doc. dr in\u017c. Piotr Penka\u0142a (spajalnictwo, AutoCAD) dr in\u017c. (asystent prof.) Leszek Semotiuk (programowanie CNC Heidenhaine, Siemens) dr in\u017c. (asystent prof.) Miros\u0142aw Ferdynus (CAD)&#8230; <\/p>\n<div class=\"clear\"><\/div>\n<p><a href=\"https:\/\/csi.panschelm.edu.pl\/?page_id=4054\" class=\"excerpt-read-more\">Czytaj wi\u0119cej<i class=\"fa fa-angle-double-right icon-double-angle-right\"><\/i><\/a><\/p>\n","protected":false},"author":1,"featured_media":0,"parent":0,"menu_order":0,"comment_status":"closed","ping_status":"closed","template":"","meta":{"footnotes":""},"class_list":["post-4054","page","type-page","status-publish","hentry"],"_links":{"self":[{"href":"https:\/\/csi.panschelm.edu.pl\/index.php?rest_route=\/wp\/v2\/pages\/4054","targetHints":{"allow":["GET"]}}],"collection":[{"href":"https:\/\/csi.panschelm.edu.pl\/index.php?rest_route=\/wp\/v2\/pages"}],"about":[{"href":"https:\/\/csi.panschelm.edu.pl\/index.php?rest_route=\/wp\/v2\/types\/page"}],"author":[{"embeddable":true,"href":"https:\/\/csi.panschelm.edu.pl\/index.php?rest_route=\/wp\/v2\/users\/1"}],"replies":[{"embeddable":true,"href":"https:\/\/csi.panschelm.edu.pl\/index.php?rest_route=%2Fwp%2Fv2%2Fcomments&post=4054"}],"version-history":[{"count":10,"href":"https:\/\/csi.panschelm.edu.pl\/index.php?rest_route=\/wp\/v2\/pages\/4054\/revisions"}],"predecessor-version":[{"id":5513,"href":"https:\/\/csi.panschelm.edu.pl\/index.php?rest_route=\/wp\/v2\/pages\/4054\/revisions\/5513"}],"wp:attachment":[{"href":"https:\/\/csi.panschelm.edu.pl\/index.php?rest_route=%2Fwp%2Fv2%2Fmedia&parent=4054"}],"curies":[{"name":"wp","href":"https:\/\/api.w.org\/{rel}","templated":true}]}}