{"id":4027,"date":"2019-08-29T13:42:36","date_gmt":"2019-08-29T11:42:36","guid":{"rendered":"http:\/\/csi.pwszchelm.edu.pl\/?page_id=4027"},"modified":"2020-06-22T08:21:46","modified_gmt":"2020-06-22T06:21:46","slug":"lbs","status":"publish","type":"page","link":"https:\/\/csi.panschelm.edu.pl\/?page_id=4027","title":{"rendered":"Laboratorium Bada\u0144 \u015arodowiskowych"},"content":{"rendered":"<h3 class=\"gdlr-heading-shortcode \"  style=\"font-size: 24px;font-weight: normal;\" >Laboratorium bada\u0144 surowc\u00f3w, biopaliw, paliw i produkt\u00f3w rolno- spo\u017cywczych<\/h3>\n<p>Jest to jeden z element\u00f3w tworz\u0105cych Laboratorium Bada\u0144 \u015arodowiskowych. Na jego wyposa\u017cenie sk\u0142ada si\u0119 nowoczesna aparatura o szerokim spektrum zastosowa\u0144. Znajduj\u0105 si\u0119 tu chromatografy gazowe, kt\u00f3re s\u0142u\u017c\u0105 do analiz m.in. zawarto\u015bci FAME w biodieslach, pozosta\u0142o\u015bci pestycyd\u00f3w w pr\u00f3bkach \u017cywno\u015bci czy zafa\u0142szowa\u0144 i dodatk\u00f3w w przemy\u015ble spo\u017cywczym. Istotny element wyposa\u017cenia laboratorium stanowi chromatograf cieczowy. Dzi\u0119ki niemu mo\u017cemy wykonywa\u0107 oznaczanie witamin, alkaloid\u00f3w, cukr\u00f3w czy pestycyd\u00f3w w pr\u00f3bkach pochodzenia ro\u015blinnego. Kolejn\u0105 grup\u0105 aparatury do analiz s\u0105 spektrometry rentgenowskie. Wykorzystuje si\u0119 je do analiz pierwiastkowych cia\u0142 sta\u0142ych, proszk\u00f3w i p\u0142yn\u00f3w, okre\u015blaj\u0105c sk\u0142ad procentowy pr\u00f3bek od glinu ku ci\u0119\u017cszym pierwiastkom. Na aparatach tego typu prowadzi si\u0119 analizy RoHS. Do oznaczania pierwiastk\u00f3w w pr\u00f3bkach w stanie ciek\u0142ym s\u0142u\u017c\u0105 spektrometry ICP i absorpcji atomowej. Pozwalaj\u0105 one na jednoczesn\u0105 analiz\u0119 wielu pierwiastk\u00f3w w wodzie, pr\u00f3bkach spo\u017cywczych, przemy\u015ble farmaceutycznym czy tworzyw sztucznych, w zale\u017cno\u015bci od u\u017cytego wzorca. Posiadamy aparaty do analiz zawarto\u015bci bia\u0142ka, t\u0142uszczu, wilgotno\u015bci, w\u0142\u00f3kna surowego i popio\u0142u w pr\u00f3bkach rolnych,<br \/>\nLaboratorium bada\u0144 surowc\u00f3w, biopaliw, paliw i produkt\u00f3w rolno- spo\u017cywczych a tak\u017ce aparatur\u0119 do okre\u015blania zawarto\u015bci podstawowych pierwiastk\u00f3w budulcowych, takich jak w\u0119giel, wod\u00f3r, tlen, azot i siarka, w pr\u00f3bkach pochodzenia ro\u015blinnego a tak\u017ce w glebach. Osobn\u0105 cz\u0119\u015b\u0107 stanowi\u0105 analizatory benzyn, diesla, aparatura do okre\u015blania podstawowych parametr\u00f3w paliw p\u0142ynnych, zgodnie z polskimi normami. Laboratorium jest r\u00f3wnie\u017c bogato wyposa\u017cone w sprz\u0119t pozwalaj\u0105cy na w\u0142a\u015bciwe przygotowanie pr\u00f3bek do dalszej analizy. Zachowane s\u0105 tutaj najwy\u017csze standardy post\u0119powania, obs\u0142ugi oraz kwalifikacji pracownik\u00f3w.<\/p>\n<p>&nbsp;<\/p>\n<h3 class=\"gdlr-heading-shortcode \"  style=\"font-size: 24px;font-weight: normal;\" >Wyposa\u017cenie:<\/h3>\n<div class=\"clear\"><\/div><div class=\"gdlr-space\" style=\"margin-top: 40px;\"><\/div>\n<div class=\"gdlr-frame-shortcode gdlr-align-left\"><div class=\"gdlr-frame frame-type-border\" > <div class=\"gdlr-image-link-shortcode\" style=\"max-width: 100%\" ><img decoding=\"async\" src=\"http:\/\/csi.panschelm.edu.pl\/wp-content\/uploads\/2019\/11\/wycinarka-laserowa-eagle-inspire.png\" alt=\" \" \/><a href=\"http:\/\/csi.panschelm.edu.pl\/wp-content\/uploads\/2019\/11\/wycinarka-laserowa-eagle-inspire.png\"  data-rel=\"fancybox\"  target=\"_blank\" ><span class=\"gdlr-image-link-overlay\">&nbsp;<\/span><span class=\"gdlr-image-link-icon\"><i class=\"fa fa-search\" ><\/i><\/span><\/a><\/div><\/div><span class=\"gdlr-frame-caption\">Wycinarka laserowa EAGLE iNspire<\/span><\/div>\n<p>Wycinarka laserowa EAGLE z serii iNspire to zaawansowana technologicznie, wyj\u0105tkowo precyzyjna i dynamiczna maszyna dedykowana wymagaj\u0105cej produkcji masowej. Osi\u0105ga pr\u0119dko\u015bci ci\u0119cia do 150 m\/min oraz przyspieszenia rz\u0119du 6G, gwarantuje maksymalnie wysok\u0105 jako\u015b\u0107, precyzj\u0119 i efektywno\u015b\u0107 ci\u0119cia. To pe\u0142no produkcyjne urz\u0105dzenie oferuje elastyczno\u015b\u0107 produkcji, niemal nieograniczon\u0105 r\u00f3\u017cnorodno\u015b\u0107 wycinanych kszta\u0142t\u00f3w, szeroki zakres obrabianych materia\u0142\u00f3w w po\u0142\u0105czeniu z bardzo wysok\u0105 jako\u015bci\u0105.<\/p>\n<div class=\"gdlr-shortcode-wrapper\"><div class=\"clear\"><\/div><div class=\"gdlr-item gdlr-divider-item\"  ><div class=\"gdlr-divider solid\"  style=\"width: 100%;\" ><\/div><\/div><\/div>\n<div class=\"gdlr-frame-shortcode gdlr-align-left\"><div class=\"gdlr-frame frame-type-border\" > <div class=\"gdlr-image-link-shortcode\" style=\"max-width: 100%\" ><img decoding=\"async\" src=\"http:\/\/csi.panschelm.edu.pl\/wp-content\/uploads\/2019\/11\/obrabiarka-drutowa-sodick-sl600q.png\" alt=\" \" \/><a href=\"http:\/\/csi.panschelm.edu.pl\/wp-content\/uploads\/2019\/11\/obrabiarka-drutowa-sodick-sl600q.png\"  data-rel=\"fancybox\"  target=\"_blank\" ><span class=\"gdlr-image-link-overlay\">&nbsp;<\/span><span class=\"gdlr-image-link-icon\"><i class=\"fa fa-search\" ><\/i><\/span><\/a><\/div><\/div><span class=\"gdlr-frame-caption\">Wycinarka laserowa EAGLE iNspire<\/span><\/div>\n<p>Obrabiarka charakteryzuje si\u0119 kompaktow\u0105, ca\u0142kowicie zamkni\u0119t\u0105 budow\u0105 oraz posiada najnowszy interfejs u\u017cytkownika z 19-calowym, kolorowym, dotykowym ekranem.<\/p>\n<p>Specyfikacja:<\/p>\n<ul>\n<li>przesuwy (X, Y, Z): 400 x 300 x 250 [mm],<\/li>\n<li>dodatkowe osie (U, V): 120 x 120 [mm],<\/li>\n<li>wymiary wewn\u0119trzne zbiornika: 850 x 756 [mm],<\/li>\n<li>maksymalny ci\u0119\u017car detalu: 500 [kg],<\/li>\n<li>maksymalny k\u0105t sto\u017cka: \u00b125 [\u00b0],<\/li>\n<li>\u015brednica drutu: \u00d80,10 &#8211; \u00d80,30 [mm],<\/li>\n<li>naci\u0105g drutu: 3 &#8211; 23 [N],<\/li>\n<li>maksymalna pr\u0119dko\u015b\u0107 podawania drutu: 420 [mm\/s],<\/li>\n<li>odleg\u0142o\u015b\u0107 sto\u0142u od pod\u0142ogi: 995 [mm],<\/li>\n<li>wymiary maszyny: 1905 x 2495 x 2130 [mm],<\/li>\n<li>ci\u0119\u017car maszyny: 3350 [kg].<\/li>\n<\/ul>\n<div class=\"gdlr-shortcode-wrapper\"><div class=\"clear\"><\/div><div class=\"gdlr-item gdlr-divider-item\"  ><div class=\"gdlr-divider solid\"  style=\"width: 100%;\" ><\/div><\/div><\/div>\n<p>&nbsp;<\/p>\n<h3 class=\"gdlr-heading-shortcode \"  style=\"font-size: 24px;font-weight: normal;\" >Laboratorium diagnostyki samochodowej<\/h3>\n<p>Wyposa\u017cenie laboratorium diagnostyki samochodowej obejmuje szereg urz\u0105dze\u0144 i stanowisk niezb\u0119dnych do prawid\u0142owego przygotowania studenta do pracy w nowoczesnym warsztacie samochodowym.<\/p>\n<p>&nbsp;<\/p>\n<p>Wyposa\u017cenie laboratorium:<\/p>\n<ul>\n<li>Interfejs diagnostyczny BOSCH KTS 570 z oprogramowaniem ESItronic<\/li>\n<li>Diagnoskop silnikowy BOSCH FSA 760<\/li>\n<li>St\u00f3\u0142 probierczy BOSCH EPS 708 do testowania pomp wysokiego ci\u015bnienia oraz wtryskiwaczy systemu Common rail<\/li>\n<li>Analizator cz\u0105stek sta\u0142ych AVL<\/li>\n<li>Hamownia podwoziowa obci\u0105\u017ceniowa MAHA<\/li>\n<li>Analizator BOSCH BEA 350<\/li>\n<li>Silniki laboratoryjne, samoch\u00f3d laboratoryjny<\/li>\n<\/ul>\n<p>&nbsp;<\/p>\n<p>Stanowiska badawcze silnika o zap\u0142onie samoczynnym oraz o zap\u0142onie iskrowym z pe\u0142nym osprz\u0119tem silnika oraz kompletnym uk\u0142adem wydechowym i ch\u0142odzenia.<\/p>\n<div class=\"gdlr-shortcode-wrapper\"><div class=\"clear\"><\/div><div class=\"gdlr-item gdlr-divider-item\"  ><div class=\"gdlr-divider solid\"  style=\"width: 100%;\" ><\/div><\/div><\/div>\n<div class=\"gdlr-frame-shortcode gdlr-align-left\"><div class=\"gdlr-frame frame-type-border\" > <div class=\"gdlr-image-link-shortcode\" style=\"max-width: 100%\" ><img decoding=\"async\" src=\"http:\/\/csi.panschelm.edu.pl\/wp-content\/uploads\/2019\/11\/1-189.jpg\" alt=\" \" \/><a href=\"http:\/\/csi.panschelm.edu.pl\/wp-content\/uploads\/2019\/11\/1-189.jpg\"  data-rel=\"fancybox\"  target=\"_blank\" ><span class=\"gdlr-image-link-overlay\">&nbsp;<\/span><span class=\"gdlr-image-link-icon\"><i class=\"fa fa-search\" ><\/i><\/span><\/a><\/div><\/div><span class=\"gdlr-frame-caption\">Model laboratoryjny silnika o zap\u0142onie iskrowym zbudowany na bazie 3-cylindrowego silnika benzynowego. <\/span><\/div>\n<p>Stanowisko zosta\u0142o wyposa\u017cony we wszystkie elementy osprz\u0119tu nap\u0119dzane paskiem nap\u0119dowym oraz umo\u017cliwia, prosty i szybki demonta\u017c g\u0142\u00f3wnych podzespo\u0142\u00f3w tj. mechanizmu rozrz\u0105du, pokrywy zawor\u00f3w, g\u0142owicy, miski olejowej.<\/p>\n<p>&nbsp;<\/p>\n<div class=\"gdlr-shortcode-wrapper\"><div class=\"clear\"><\/div><div class=\"gdlr-item gdlr-divider-item\"  ><div class=\"gdlr-divider solid\"  style=\"width: 100%;\" ><\/div><\/div><\/div>\n<div class=\"gdlr-frame-shortcode gdlr-align-left\"><div class=\"gdlr-frame frame-type-border\" > <div class=\"gdlr-image-link-shortcode\" style=\"max-width: 100%\" ><img decoding=\"async\" src=\"http:\/\/csi.panschelm.edu.pl\/wp-content\/uploads\/2019\/11\/1-186.jpg\" alt=\" \" \/><a href=\"http:\/\/csi.panschelm.edu.pl\/wp-content\/uploads\/2019\/11\/1-186.jpg\"  data-rel=\"fancybox\"  target=\"_blank\" ><span class=\"gdlr-image-link-overlay\">&nbsp;<\/span><span class=\"gdlr-image-link-icon\"><i class=\"fa fa-search\" ><\/i><\/span><\/a><\/div><\/div><span class=\"gdlr-frame-caption\">Samoch\u00f3d VW Passat 2014 r.<\/span><\/div>\n<p>&nbsp;<\/p>\n<p>Pojazd samochodowy laboratoryjny Volkswagen Passat si\u00f3dmej generacji \u00a0przystosowany do prowadzenia prac badawczo-do\u015bwiadczalnych wyposa\u017cony w silnik diesla z bezpo\u015brednim wtryskiem oleju nap\u0119dowego oraz filtr cz\u0105stek sta\u0142ych, spe\u0142niaj\u0105cy norm\u0119 czysto\u015bci spalin EURO 5. W poje\u017adzie wyeksponowano rozmieszczenie wszystkich sterownik\u00f3w i rozdzielni poprzez umo\u017cliwienie bezpo\u015bredniego dost\u0119pu do nich w aucie, element\u00f3w wykonawczych: podno\u015bnik\u00f3w elektrycznie sterownych szyb, centralnego zamka, wycieraczek szyby przedniej i tylnej, dmuchawy powietrza do wn\u0119trza, elektrycznych lusterek.<\/p>\n<p>&nbsp;<\/p>\n<p><img loading=\"lazy\" decoding=\"async\" class=\"wp-image-4778 size-full aligncenter\" src=\"http:\/\/csi.panschelm.edu.pl\/wp-content\/uploads\/2020\/06\/Lab.-Elektrotechniki-i-Elektroniki-ca\u0142e-labo.jpg\" alt=\"\" width=\"1600\" height=\"966\" srcset=\"https:\/\/csi.panschelm.edu.pl\/wp-content\/uploads\/2020\/06\/Lab.-Elektrotechniki-i-Elektroniki-ca\u0142e-labo.jpg 1600w, https:\/\/csi.panschelm.edu.pl\/wp-content\/uploads\/2020\/06\/Lab.-Elektrotechniki-i-Elektroniki-ca\u0142e-labo-300x181.jpg 300w, https:\/\/csi.panschelm.edu.pl\/wp-content\/uploads\/2020\/06\/Lab.-Elektrotechniki-i-Elektroniki-ca\u0142e-labo-1024x618.jpg 1024w, https:\/\/csi.panschelm.edu.pl\/wp-content\/uploads\/2020\/06\/Lab.-Elektrotechniki-i-Elektroniki-ca\u0142e-labo-768x464.jpg 768w, https:\/\/csi.panschelm.edu.pl\/wp-content\/uploads\/2020\/06\/Lab.-Elektrotechniki-i-Elektroniki-ca\u0142e-labo-1536x927.jpg 1536w\" sizes=\"auto, (max-width: 1600px) 100vw, 1600px\" \/><\/p>\n<p>W tym laboratorium studenci nabywaj\u0105 umiej\u0119tno\u015bci pos\u0142ugiwania si\u0119 aparatur\u0105 pomiarow\u0105 i wykonywania pomiar\u00f3w wielko\u015bci elektrycznych i magnetycznych. Nabywaj\u0105 tu r\u00f3wnie\u017c umiej\u0119tno\u015bci poprawnego czytania schemat\u00f3w elektrycznych i elektronicznych oraz fizycznego ich odwzorowywania. Poprzez wykonywane do\u015bwiadczenia laboratoryjne poznaj\u0105 w\u0142a\u015bciwo\u015bci element\u00f3w tworz\u0105cych obwody elektryczne i elektroniczne, a tak\u017ce zale\u017cno\u015bci<br \/>\ni zjawiska wyst\u0119puj\u0105ce w tych obwodach.<\/p>\n<p><strong>Wyposa\u017cenie:<\/strong><\/p>\n<ul>\n<li>oscyloskopy cyfrowe (prod. KEYSIGHT i METRIX),<\/li>\n<li>oscyloskopy analogowe (prod. EZ),<\/li>\n<li>generatory funkcyjne (prod. KEYSIGHT i MOTECH),<\/li>\n<li>watomierze cyfrowe (prod. METRIX),<\/li>\n<li>zasilacze laboratoryjne (prod. KEYSIGHT, MATRIX i PHYWE),<\/li>\n<li>mostki RLC (prod. CHY),<\/li>\n<li>multimetry (prod. KEYSIGHT, ESCORT i GW Instek),<\/li>\n<li>stanowiska do badania uk\u0142ad\u00f3w elektroniki: analogowej, analogowo-cyfrowej<br \/>\ni cyfrowej (prod. SCIENTECH),<\/li>\n<li>obci\u0105\u017cenia regulowane: rezystancyjne, indukcyjne i pojemno\u015bciowe (prod. LANGLOIS),<\/li>\n<li>autotransformatory tr\u00f3jfazowe i jednofazowe (prod. METREL),<\/li>\n<li>indukcyjno\u015bci dekadowe, kondensatory dekadowe i rezystory dekadowe (prod. ZELAP).<\/li>\n<\/ul>\n<p>&nbsp;<\/p>\n<p><strong>\u00a0<\/strong><strong>Przedmioty realizowane w tym laboratorium:<\/strong><\/p>\n<p><strong>&#8211; na kierunku Elektrotechnika:<\/strong><\/p>\n<ul>\n<li>Teoria obwod\u00f3w II<\/li>\n<li>Teoria obwod\u00f3w III<\/li>\n<li>Elektronika I<\/li>\n<li>Elektronika II<\/li>\n<li>Metrologia elektryczna II<\/li>\n<li>Elektroniczne uk\u0142ady analogowe i cyfrowe<\/li>\n<\/ul>\n<p><strong>&#8211; na kierunku Mechanika i Budowa Maszyn:<\/strong><\/p>\n<ul>\n<li>Podstawy elektrotechniki i elektroniki<\/li>\n<li>Metrologia elektryczna<\/li>\n<li>Wiadomo\u015bci podstawowe z zakresu elektryki<\/li>\n<li>Wiadomo\u015bci podstawowe z zakresu elektroniki<\/li>\n<\/ul>\n<p><strong>&#8211; na kierunku Nauczanie mechatroniki (studia podyplomowe):<\/strong><\/p>\n<ul>\n<li>Podstawy elektrotechniki i elektroniki<\/li>\n<\/ul>\n<div class=\"clear\"><\/div><div class=\"gdlr-space\" style=\"margin-top: 40px;\"><\/div>\n<div class=\"gdlr-frame-shortcode gdlr-align-left\"><div class=\"gdlr-frame frame-type-border\" > <div class=\"gdlr-image-link-shortcode\" style=\"max-width: 100%\" ><img decoding=\"async\" src=\"http:\/\/csi.panschelm.edu.pl\/wp-content\/uploads\/2020\/06\/Oscyloskopy-Keysight.jpg\" alt=\" \" \/><a href=\"http:\/\/csi.panschelm.edu.pl\/wp-content\/uploads\/2020\/06\/Oscyloskopy-Keysight.jpg\"  data-rel=\"fancybox\"  target=\"_blank\" ><span class=\"gdlr-image-link-overlay\">&nbsp;<\/span><span class=\"gdlr-image-link-icon\"><i class=\"fa fa-search\" ><\/i><\/span><\/a><\/div><\/div><span class=\"gdlr-frame-caption\">Oscyloskop cyfrowy (prod. Keysight)<\/span><\/div>\n<p>Urz\u0105dzenie to umo\u017cliwia: pomiary parametr\u00f3w sygna\u0142\u00f3w elektrycznych, badanie zale\u017cno\u015bci funkcyjnych mi\u0119dzy zmiennymi wielko\u015bciami elektrycznymi lub innymi wielko\u015bciami fizycznymi, przetworzonymi na wielko\u015bci elektryczne (zazwyczaj na napi\u0119cie elektryczne).<\/p>\n<div class=\"gdlr-shortcode-wrapper\"><div class=\"clear\"><\/div><div class=\"gdlr-item gdlr-divider-item\"  ><div class=\"gdlr-divider solid\"  style=\"width: 100%;\" ><\/div><\/div><\/div>\n<div class=\"gdlr-frame-shortcode gdlr-align-left\"><div class=\"gdlr-frame frame-type-border\" > <div class=\"gdlr-image-link-shortcode\" style=\"max-width: 100%\" ><img decoding=\"async\" src=\"http:\/\/csi.panschelm.edu.pl\/wp-content\/uploads\/2020\/06\/Generatory-funkcyjne-Keysight.jpg\" alt=\" \" \/><a href=\"http:\/\/csi.panschelm.edu.pl\/wp-content\/uploads\/2020\/06\/Generatory-funkcyjne-Keysight.jpg\"  data-rel=\"fancybox\"  target=\"_blank\" ><span class=\"gdlr-image-link-overlay\">&nbsp;<\/span><span class=\"gdlr-image-link-icon\"><i class=\"fa fa-search\" ><\/i><\/span><\/a><\/div><\/div><span class=\"gdlr-frame-caption\">Generator funkcyjny (prod. Keysight)<\/span><\/div>\n<p>Urz\u0105dzenie to s\u0142u\u017cy do generowania okresowych sygna\u0142\u00f3w elektrycznych o wybranym kszta\u0142cie i o okre\u015blonych parametrach.<\/p>\n<div class=\"gdlr-shortcode-wrapper\"><div class=\"clear\"><\/div><div class=\"gdlr-item gdlr-divider-item\"  ><div class=\"gdlr-divider solid\"  style=\"width: 100%;\" ><\/div><\/div><\/div>\n<p>&nbsp;<\/p>\n","protected":false},"excerpt":{"rendered":"<p>Jest to jeden z element\u00f3w tworz\u0105cych Laboratorium Bada\u0144 \u015arodowiskowych. Na jego wyposa\u017cenie sk\u0142ada si\u0119 nowoczesna aparatura o szerokim spektrum zastosowa\u0144. Znajduj\u0105 si\u0119 tu chromatografy gazowe, kt\u00f3re s\u0142u\u017c\u0105 do analiz m.in. zawarto\u015bci FAME w biodieslach, pozosta\u0142o\u015bci pestycyd\u00f3w w pr\u00f3bkach \u017cywno\u015bci czy zafa\u0142szowa\u0144 i dodatk\u00f3w w przemy\u015ble spo\u017cywczym. Istotny element wyposa\u017cenia laboratorium stanowi chromatograf cieczowy. Dzi\u0119ki niemu&#8230; <\/p>\n<div class=\"clear\"><\/div>\n<p><a href=\"https:\/\/csi.panschelm.edu.pl\/?page_id=4027\" class=\"excerpt-read-more\">Czytaj wi\u0119cej<i class=\"fa fa-angle-double-right icon-double-angle-right\"><\/i><\/a><\/p>\n","protected":false},"author":1,"featured_media":0,"parent":0,"menu_order":0,"comment_status":"closed","ping_status":"closed","template":"","meta":{"footnotes":""},"class_list":["post-4027","page","type-page","status-publish","hentry"],"_links":{"self":[{"href":"https:\/\/csi.panschelm.edu.pl\/index.php?rest_route=\/wp\/v2\/pages\/4027","targetHints":{"allow":["GET"]}}],"collection":[{"href":"https:\/\/csi.panschelm.edu.pl\/index.php?rest_route=\/wp\/v2\/pages"}],"about":[{"href":"https:\/\/csi.panschelm.edu.pl\/index.php?rest_route=\/wp\/v2\/types\/page"}],"author":[{"embeddable":true,"href":"https:\/\/csi.panschelm.edu.pl\/index.php?rest_route=\/wp\/v2\/users\/1"}],"replies":[{"embeddable":true,"href":"https:\/\/csi.panschelm.edu.pl\/index.php?rest_route=%2Fwp%2Fv2%2Fcomments&post=4027"}],"version-history":[{"count":10,"href":"https:\/\/csi.panschelm.edu.pl\/index.php?rest_route=\/wp\/v2\/pages\/4027\/revisions"}],"predecessor-version":[{"id":4937,"href":"https:\/\/csi.panschelm.edu.pl\/index.php?rest_route=\/wp\/v2\/pages\/4027\/revisions\/4937"}],"wp:attachment":[{"href":"https:\/\/csi.panschelm.edu.pl\/index.php?rest_route=%2Fwp%2Fv2%2Fmedia&parent=4027"}],"curies":[{"name":"wp","href":"https:\/\/api.w.org\/{rel}","templated":true}]}}